{"id":13736,"date":"2025-09-19T18:38:36","date_gmt":"2025-09-19T10:38:36","guid":{"rendered":"https:\/\/cnplasticpallets.com\/?post_type=product&#038;p=13736"},"modified":"2026-01-20T16:33:48","modified_gmt":"2026-01-20T08:33:48","slug":"1200x800mm-foldable-plastic-box-sleeves","status":"publish","type":"product","link":"https:\/\/cnplasticpallets.com\/es\/product\/plastic-pallet-box\/pallet-sleeve-box\/1200x800mm-foldable-plastic-box-sleeves\/","title":{"rendered":"1200\u00d7800mm Cajas de Pl\u00e1stico Plegables con Sleeve"},"content":{"rendered":"<h2 data-start=\"78\" data-end=\"104\">Caracter\u00edsticas Clave del Producto<\/h2>\n<ul data-start=\"106\" data-end=\"616\">\n<li data-start=\"106\" data-end=\"192\">\n<p data-start=\"108\" data-end=\"192\">Fabricado en el tama\u00f1o est\u00e1ndar 1200\u00d7800mm para adaptarse a sus racks y contenedores.<\/p>\n<\/li>\n<li data-start=\"193\" data-end=\"277\">\n<p data-start=\"195\" data-end=\"277\">Nuestro fald\u00f3n de PP nido de abeja 3200GSM es fuerte, resistente a la humedad y a bacterias.<\/p>\n<\/li>\n<li data-start=\"278\" data-end=\"362\">\n<p data-start=\"280\" data-end=\"362\">La tapa twin-sheet admite barras de acero y sus tetones elevados aseguran un apilado estable.<\/p>\n<\/li>\n<li data-start=\"363\" data-end=\"451\">\n<p data-start=\"365\" data-end=\"451\">Se pliega para ahorrar espacio: 1:5 retorno completo, 1:8 retorno dividido, reduciendo costes de transporte.<\/p>\n<\/li>\n<li data-start=\"452\" data-end=\"535\">\n<p data-start=\"454\" data-end=\"535\">Con nuestra base de nueve patas y entrada en 4 v\u00edas, sus montacargas lo manipulan desde cualquier lado.<\/p>\n<\/li>\n<li data-start=\"536\" data-end=\"616\">\n<p data-start=\"538\" data-end=\"616\">Capacidad de carga: 1+2 apilable, Din\u00e1mico 1+1, respaldado con nuestra garant\u00eda confiable.<\/p>\n<\/li>\n<\/ul>\n<h2 data-start=\"73\" data-end=\"92\">Opciones Personalizadas<\/h2>\n<p data-start=\"94\" data-end=\"250\" class=\"translation-block\">Podemos a\u00f1adir <strong>puertas de acceso frontales<\/strong> o <strong>traseras<\/strong> para que sus operarios accedan a la mercanc\u00eda m\u00e1s r\u00e1pido y seguro, reduciendo tiempos de manipulaci\u00f3n y manteniendo operaciones fluidas.<\/p>\n<p data-start=\"252\" data-end=\"418\" class=\"translation-block\">Si necesita mayor capacidad de carga, ajustamos la <strong>altura del fald\u00f3n<\/strong> para adaptarse a art\u00edculos voluminosos o repuestos distintos sin alterar su flujo de trabajo.<\/p>\n<p data-start=\"420\" data-end=\"582\" class=\"translation-block\">Tambi\u00e9n personalizamos <strong>logotipos<\/strong>, <strong>c\u00f3digos de barras<\/strong> o <strong>etiquetas RFID<\/strong>, otorg\u00e1ndole trazabilidad total, mayor identidad de marca e integraci\u00f3n fluida con su cadena de suministro digital.<\/p>\n<h2 data-start=\"34\" data-end=\"60\">Aplicaci\u00f3n<\/h2>\n<ul data-start=\"62\" data-end=\"291\" data-is-last-node=\"\" data-is-only-node=\"\">\n<li data-start=\"62\" data-end=\"86\">\n<p data-start=\"64\" data-end=\"86\">Electr\u00f3nica<\/p>\n<\/li>\n<li data-start=\"87\" data-end=\"107\">\n<p data-start=\"89\" data-end=\"107\">Autopartes<\/p>\n<\/li>\n<li data-start=\"108\" data-end=\"133\">\n<p data-start=\"110\" data-end=\"133\">Componentes mec\u00e1nicos<\/p>\n<\/li>\n<li data-start=\"134\" data-end=\"153\">\n<p data-start=\"136\" data-end=\"153\">Farmac\u00e9utica<\/p>\n<\/li>\n<li data-start=\"154\" data-end=\"178\">\n<p data-start=\"156\" data-end=\"178\">Electrodom\u00e9sticos<\/p>\n<\/li>\n<li data-start=\"179\" data-end=\"200\">\n<p data-start=\"181\" data-end=\"200\">Log\u00edstica textil<\/p>\n<\/li>\n<li data-start=\"201\" data-end=\"220\">\n<p data-start=\"203\" data-end=\"220\">Procesamiento de alimentos<\/p>\n<\/li>\n<li data-start=\"221\" data-end=\"241\">\n<p data-start=\"223\" data-end=\"241\">Almacenamiento qu\u00edmico<\/p>\n<\/li>\n<li data-start=\"242\" data-end=\"261\">\n<p data-start=\"244\" data-end=\"261\">Exportaci\u00f3n<\/p>\n<\/li>\n<li data-start=\"262\" data-end=\"291\" data-is-last-node=\"\">\n<p data-start=\"264\" data-end=\"291\" data-is-last-node=\"\">L\u00edneas de ensamblaje industrial<\/p>\n<\/li>\n<\/ul>","protected":false},"excerpt":{"rendered":"<p class=\"translation-block\">Nuestro <strong data-start=\"144\" data-end=\"159\">pack con fald\u00f3n<\/strong> de 1200\u00d7800mm incluye tapa termoformada twin-sheet con tetones elevados, manteniendo las pilas estables sin bamboleo ni colapso. La base de pallet de nueve patas permite entrada de montacargas en 4 direcciones y funciona sin problemas con sistemas automatizados de almac\u00e9n, mientras que las paredes de nido de abeja en PP de este <strong data-start=\"416\" data-end=\"437\">contenedor con fald\u00f3n<\/strong> son duraderas, resistentes a la humedad y f\u00e1ciles de mantener higi\u00e9nicas. Se pliega con ratio de retorno 1:5, ahorrando costes de transporte, y este <strong data-start=\"565\" data-end=\"589\" data-is-only-node=\"\">pack plegable con fald\u00f3n<\/strong> con <strong data-start=\"595\" data-end=\"618\">paredes pl\u00e1sticas<\/strong> es m\u00e1s ligero, totalmente reciclable y cumple con normativas ecol\u00f3gicas para la log\u00edstica moderna.<\/p>","protected":false},"featured_media":13740,"comment_status":"open","ping_status":"closed","template":"","meta":{"_seopress_robots_primary_cat":"none","_seopress_titles_title":"1200\u00d7800 Pallet Sleeve Box | Sleeve Pack Manufacturer","_seopress_titles_desc":"Our pallet sleeve box 1200\u00d7800 offers foldable sleeve pack design, steel bar reinforced lid, and plastic box sleeves that cut freight costs and improve safety.","_seopress_robots_index":"","_angie_page":false},"product_brand":[],"product_cat":[83,327,81],"product_tag":[],"class_list":{"0":"post-13736","1":"product","2":"type-product","3":"status-publish","4":"has-post-thumbnail","6":"product_cat-all-product","7":"product_cat-pallet-sleeve-box","8":"product_cat-plastic-pallet-box","10":"first","11":"instock","12":"shipping-taxable","13":"product-type-simple"},"_links":{"self":[{"href":"https:\/\/cnplasticpallets.com\/es\/wp-json\/wp\/v2\/product\/13736","targetHints":{"allow":["GET"]}}],"collection":[{"href":"https:\/\/cnplasticpallets.com\/es\/wp-json\/wp\/v2\/product"}],"about":[{"href":"https:\/\/cnplasticpallets.com\/es\/wp-json\/wp\/v2\/types\/product"}],"replies":[{"embeddable":true,"href":"https:\/\/cnplasticpallets.com\/es\/wp-json\/wp\/v2\/comments?post=13736"}],"wp:featuredmedia":[{"embeddable":true,"href":"https:\/\/cnplasticpallets.com\/es\/wp-json\/wp\/v2\/media\/13740"}],"wp:attachment":[{"href":"https:\/\/cnplasticpallets.com\/es\/wp-json\/wp\/v2\/media?parent=13736"}],"wp:term":[{"taxonomy":"product_brand","embeddable":true,"href":"https:\/\/cnplasticpallets.com\/es\/wp-json\/wp\/v2\/product_brand?post=13736"},{"taxonomy":"product_cat","embeddable":true,"href":"https:\/\/cnplasticpallets.com\/es\/wp-json\/wp\/v2\/product_cat?post=13736"},{"taxonomy":"product_tag","embeddable":true,"href":"https:\/\/cnplasticpallets.com\/es\/wp-json\/wp\/v2\/product_tag?post=13736"}],"curies":[{"name":"wp","href":"https:\/\/api.w.org\/{rel}","templated":true}]}}