{"id":13705,"date":"2025-09-15T18:23:39","date_gmt":"2025-09-15T10:23:39","guid":{"rendered":"https:\/\/cnplasticpallets.com\/?post_type=product&#038;p=13705"},"modified":"2026-01-20T16:33:37","modified_gmt":"2026-01-20T08:33:37","slug":"1200x1000-plastic-sleeve-box","status":"publish","type":"product","link":"https:\/\/cnplasticpallets.com\/es\/product\/plastic-pallet-box\/pallet-sleeve-box\/1200x1000-plastic-sleeve-box\/","title":{"rendered":"1200\u00d71000 Caja de Pl\u00e1stico con Fald\u00f3n"},"content":{"rendered":"<h2 class=\"text-3xl\">Informaci\u00f3n Clave<\/h2>\n<ul>\n<li data-start=\"72\" data-end=\"163\">\n<p data-start=\"74\" data-end=\"163\">Tapa termoformada doble con cuatro tetones que se alinean con las esquinas del fald\u00f3n para apilado estable.<\/p>\n<\/li>\n<li data-start=\"164\" data-end=\"257\">\n<p data-start=\"166\" data-end=\"257\">La base usa dise\u00f1o termoformado doble de nueve patas, compatible con entrada de montacargas en 4 v\u00edas.<\/p>\n<\/li>\n<li data-start=\"258\" data-end=\"348\">\n<p data-start=\"260\" data-end=\"348\">Fald\u00f3n fabricado en tablero corrugado PP 3200GSM, m\u00e1s resistente e ideal para uso de alta frecuencia.<\/p>\n<\/li>\n<li data-start=\"349\" data-end=\"443\">\n<p data-start=\"351\" data-end=\"443\">Relaci\u00f3n de retorno plegado de hasta 1:8, reduciendo significativamente costos de retorno y transporte.<\/p>\n<\/li>\n<li data-start=\"444\" data-end=\"535\">\n<p data-start=\"446\" data-end=\"535\">Unidades vac\u00edas encajan entre s\u00ed, set completo con ratio de retorno hasta 1:5, optimizando espacio.<\/p>\n<\/li>\n<li data-start=\"536\" data-end=\"626\">\n<p data-start=\"538\" data-end=\"626\">Opcionales puertas dobles abatibles en el mismo lado para acceso m\u00e1s r\u00e1pido y f\u00e1cil a la carga.<\/p>\n<\/li>\n<li data-start=\"627\" data-end=\"716\">\n<p data-start=\"629\" data-end=\"716\">Capacidad de apilado estable: 1+2 capas est\u00e1ticas, 1+1 din\u00e1micas, seguro y confiable.<\/p>\n<\/li>\n<\/ul>\n<h2 data-start=\"73\" data-end=\"93\"><strong>Opciones Personalizadas<\/strong><\/h2>\n<table class=\"w-fit min-w-(--thread-content-width)\" data-start=\"268\" data-end=\"802\">\n<thead data-start=\"268\" data-end=\"294\">\n<tr data-start=\"268\" data-end=\"294\">\n<th style=\"text-align: left;\" data-start=\"268\" data-end=\"277\" data-col-size=\"sm\">Opci\u00f3n<\/th>\n<th style=\"text-align: left;\" data-start=\"277\" data-end=\"294\" data-col-size=\"md\">Descripci\u00f3n<\/th>\n<\/tr>\n<\/thead>\n<tbody data-start=\"322\" data-end=\"802\">\n<tr data-start=\"322\" data-end=\"367\">\n<td data-start=\"322\" data-end=\"338\" data-col-size=\"sm\">Altura del fald\u00f3n<\/td>\n<td data-start=\"338\" data-end=\"367\" data-col-size=\"md\">Ajustable bajo solicitud<\/td>\n<\/tr>\n<tr data-start=\"368\" data-end=\"419\">\n<td data-start=\"368\" data-end=\"384\" data-col-size=\"sm\">Impresi\u00f3n de logotipo<\/td>\n<td data-start=\"384\" data-end=\"419\" data-col-size=\"md\">Personalizaci\u00f3n de marca disponible<\/td>\n<\/tr>\n<tr data-start=\"420\" data-end=\"459\">\n<td data-start=\"420\" data-end=\"432\" data-col-size=\"sm\">Etiquetas RFID<\/td>\n<td data-start=\"432\" data-end=\"459\" data-col-size=\"md\">Opci\u00f3n de trazabilidad inteligente<\/td>\n<\/tr>\n<tr data-start=\"460\" data-end=\"503\">\n<td data-start=\"460\" data-end=\"469\" data-col-size=\"sm\">Colores<\/td>\n<td data-start=\"469\" data-end=\"503\" data-col-size=\"md\">Negro, gris, azul o personalizado<\/td>\n<\/tr>\n<tr data-start=\"504\" data-end=\"545\">\n<td data-start=\"504\" data-end=\"512\" data-col-size=\"sm\">Cerraduras<\/td>\n<td data-start=\"512\" data-end=\"545\" data-col-size=\"md\">Para asegurar firmemente el fald\u00f3n<\/td>\n<\/tr>\n<tr data-start=\"546\" data-end=\"627\">\n<td data-start=\"546\" data-end=\"569\" data-col-size=\"sm\">Barras de acero \/ Patines<\/td>\n<td data-start=\"569\" data-end=\"627\" data-col-size=\"md\">A\u00f1adir 2\u20134 barras de acero o patines de base para mayor capacidad de carga<\/td>\n<\/tr>\n<tr data-start=\"628\" data-end=\"681\">\n<td data-start=\"628\" data-end=\"638\" data-col-size=\"sm\">Inserts<\/td>\n<td data-start=\"638\" data-end=\"681\" data-col-size=\"md\">Nido de abeja, corrugado, EVA o textil<\/td>\n<\/tr>\n<tr data-start=\"682\" data-end=\"748\">\n<td data-start=\"682\" data-end=\"697\" data-col-size=\"sm\">Tipos de fald\u00f3n<\/td>\n<td data-start=\"697\" data-end=\"748\" data-col-size=\"md\">Multicolor nido de abeja, corrugado, estilo cruzado<\/td>\n<\/tr>\n<tr data-start=\"749\" data-end=\"802\">\n<td data-start=\"749\" data-end=\"761\" data-col-size=\"sm\">Aditivos<\/td>\n<td data-start=\"761\" data-end=\"802\" data-col-size=\"md\">Disponibles antiest\u00e1ticos o conductivos<\/td>\n<\/tr>\n<\/tbody>\n<\/table>\n<h2><strong data-start=\"41\" data-end=\"59\">M\u00e9todo de Empaque<\/strong><\/h2>\n<p class=\"translation-block\">Normalmente usamos el <strong>m\u00e9todo dividido<\/strong> (tapas apiladas, faldones plegados, bases apiladas), cargando 400 unidades en un 40HQ para m\u00e1xima eficiencia.<\/p>\n<p><img fetchpriority=\"high\" decoding=\"async\" class=\"alignnone wp-image-13712 size-full\" src=\"https:\/\/cnplasticpallets.com\/wp-content\/uploads\/2025\/09\/sleeve-pack-packing.png\" alt=\"caja de pl\u00e1stico con funda de 1200\u00d71000\" width=\"800\" height=\"600\" srcset=\"https:\/\/cnplasticpallets.com\/wp-content\/uploads\/2025\/09\/sleeve-pack-packing.png 800w, https:\/\/cnplasticpallets.com\/wp-content\/uploads\/2025\/09\/sleeve-pack-packing-300x225.png 300w, https:\/\/cnplasticpallets.com\/wp-content\/uploads\/2025\/09\/sleeve-pack-packing-768x576.png 768w, https:\/\/cnplasticpallets.com\/wp-content\/uploads\/2025\/09\/sleeve-pack-packing-16x12.png 16w, https:\/\/cnplasticpallets.com\/wp-content\/uploads\/2025\/09\/sleeve-pack-packing-600x450.png 600w\" sizes=\"(max-width: 800px) 100vw, 800px\" \/><\/p>\n<p>&nbsp;<\/p>","protected":false},"excerpt":{"rendered":"<p data-start=\"80\" data-end=\"520\" class=\"translation-block\">Suministramos el <strong data-start=\"94\" data-end=\"130\">pack de fald\u00f3n plegable 1200\u00d71000mm<\/strong> con tapa y pallet de HDPE totalmente sellados, fabricados \u00fanicamente en <strong data-start=\"185\" data-end=\"214\">HDPE+PP virgen grado alimenticio<\/strong>. El fald\u00f3n liso de PP evita acumulaci\u00f3n de polvo y puede incluir puerta abatible si se requiere. Dise\u00f1ado por nuestros ingenieros para autopartes, electr\u00f3nica, electrodom\u00e9sticos, maquinaria y alimentos, este modelo asegura log\u00edstica y almacenamiento eficientes. <strong data-start=\"438\" data-end=\"480\">100% reciclable, suministro directo de f\u00e1brica<\/strong>, con descuentos por pedidos a granel disponibles.<\/p>","protected":false},"featured_media":13709,"comment_status":"open","ping_status":"closed","template":"","meta":{"_seopress_robots_primary_cat":"none","_seopress_titles_title":"1200\u00d71000 Plastic Sleeve Box - Foldable & Stackable","_seopress_titles_desc":"Our foldable sleeve pack with 3200GSM PP sleeve offers stable stacking and a split return ratio up to 1:8, ensuring reliable use across global supply chains.","_seopress_robots_index":"","_angie_page":false},"product_brand":[],"product_cat":[83,327,81],"product_tag":[],"class_list":{"0":"post-13705","1":"product","2":"type-product","3":"status-publish","4":"has-post-thumbnail","6":"product_cat-all-product","7":"product_cat-pallet-sleeve-box","8":"product_cat-plastic-pallet-box","10":"first","11":"instock","12":"shipping-taxable","13":"product-type-simple"},"_links":{"self":[{"href":"https:\/\/cnplasticpallets.com\/es\/wp-json\/wp\/v2\/product\/13705","targetHints":{"allow":["GET"]}}],"collection":[{"href":"https:\/\/cnplasticpallets.com\/es\/wp-json\/wp\/v2\/product"}],"about":[{"href":"https:\/\/cnplasticpallets.com\/es\/wp-json\/wp\/v2\/types\/product"}],"replies":[{"embeddable":true,"href":"https:\/\/cnplasticpallets.com\/es\/wp-json\/wp\/v2\/comments?post=13705"}],"wp:featuredmedia":[{"embeddable":true,"href":"https:\/\/cnplasticpallets.com\/es\/wp-json\/wp\/v2\/media\/13709"}],"wp:attachment":[{"href":"https:\/\/cnplasticpallets.com\/es\/wp-json\/wp\/v2\/media?parent=13705"}],"wp:term":[{"taxonomy":"product_brand","embeddable":true,"href":"https:\/\/cnplasticpallets.com\/es\/wp-json\/wp\/v2\/product_brand?post=13705"},{"taxonomy":"product_cat","embeddable":true,"href":"https:\/\/cnplasticpallets.com\/es\/wp-json\/wp\/v2\/product_cat?post=13705"},{"taxonomy":"product_tag","embeddable":true,"href":"https:\/\/cnplasticpallets.com\/es\/wp-json\/wp\/v2\/product_tag?post=13705"}],"curies":[{"name":"wp","href":"https:\/\/api.w.org\/{rel}","templated":true}]}}