{"id":13496,"date":"2025-09-03T18:21:41","date_gmt":"2025-09-03T10:21:41","guid":{"rendered":"https:\/\/cnplasticpallets.com\/?post_type=product&#038;p=13496"},"modified":"2025-09-03T18:21:41","modified_gmt":"2025-09-03T10:21:41","slug":"cold-storage-plastic-pallet","status":"publish","type":"product","link":"https:\/\/cnplasticpallets.com\/es\/product\/plastic-pallets\/rackable-plastic-pallet\/cold-storage-plastic-pallet\/","title":{"rendered":"Palet Pl\u00e1stico para Almacenamiento en Fr\u00edo"},"content":{"rendered":"<h2 data-start=\"132\" data-end=\"196\"><strong data-start=\"136\" data-end=\"194\">Caracter\u00edsticas del producto<\/strong><\/h2>\n<p data-start=\"198\" data-end=\"552\" class=\"translation-block\"><strong data-start=\"198\" data-end=\"238\">1. Resistencia al Fr\u00edo y Capacidad de Carga: <\/strong>Este <strong data-start=\"246\" data-end=\"267\">palet para cadena de fr\u00edo<\/strong> est\u00e1 fabricado en HDPE macizo para rendir de forma confiable a <strong data-start=\"326\" data-end=\"358\">-30\u2103 sin quiebres por fragilidad<\/strong>, resistiendo impactos en manipulaci\u00f3n y apilado. Para c\u00e1maras de alta densidad, los <strong data-start=\"439\" data-end=\"492\">palets pl\u00e1sticos rackeables con refuerzo de acero<\/strong> ofrecen mayor resistencia en racks y estabilidad a largo plazo.<\/p>\n<p data-start=\"559\" data-end=\"872\" class=\"translation-block\"><strong data-start=\"559\" data-end=\"601\">2. Precisi\u00f3n Dimensional para la Eficiencia: <\/strong>El <strong data-start=\"608\" data-end=\"658\">dise\u00f1o perimetral totalmente cerrado del palet<\/strong> evita deformaciones por cambios de temperatura. Con <strong data-start=\"712\" data-end=\"749\">tolerancia dimensional de \u00b12 mm<\/strong>, se previenen desajustes en racks o montacargas, protegiendo eficiencia y seguridad en almacenes de fr\u00edo.<\/p>\n<p data-start=\"879\" data-end=\"1216\" class=\"translation-block\"><strong data-start=\"879\" data-end=\"911\">3. Higiene y F\u00e1cil Limpieza: <\/strong>La <strong data-start=\"927\" data-end=\"955\">superficie lisa y sin uniones<\/strong> del palet, sin cavidades, impide acumulaci\u00f3n de residuos de sangre, jugos o desechos farmac\u00e9uticos. Puede lavarse directamente a presi\u00f3n, mientras los bordes cerrados reducen puntos de contaminaci\u00f3n oculta, ayudando a cumplir con <strong data-start=\"1174\" data-end=\"1213\">est\u00e1ndares de higiene en palets para cadena de fr\u00edo<\/strong>.<\/p>\n<p data-start=\"1223\" data-end=\"1521\" class=\"translation-block\"><strong data-start=\"1223\" data-end=\"1263\">4. Resistencia Qu\u00edmica y a la Corrosi\u00f3n: <\/strong>A diferencia de los palets de madera que se deterioran en agua salada o desinfectantes, este <a href=\"https:\/\/cnplasticpallets.com\/es\/product-category\/plastic-pallets\/\" target=\"_self\"><strong data-start=\"1337\" data-end=\"1355\">palet pl\u00e1stico<\/strong><\/a> est\u00e1 fabricado en HDPE para resistir <strong data-start=\"1395\" data-end=\"1434\">exposici\u00f3n a \u00e1cidos, \u00e1lcalis y qu\u00edmicos<\/strong>, garantizando durabilidad constante en log\u00edstica higi\u00e9nica y almacenamiento en fr\u00edo.<\/p>\n<p data-start=\"1528\" data-end=\"1850\" class=\"translation-block\"><strong data-start=\"1528\" data-end=\"1576\">5. Durabilidad Estructural y Valor de Ciclo de Vida: <\/strong>A diferencia de los palets de madera que se deterioran con el tiempo, este <a href=\"https:\/\/cnplasticpallets.com\/es\/product-category\/plastic-pallets\/rackable-plastic-pallet\/\" target=\"_self\"><strong data-start=\"1628\" data-end=\"1655\">palet pl\u00e1stico rackeable<\/strong><\/a> est\u00e1 producido por moldeo por inyecci\u00f3n de una sola pieza para preservar su integridad bajo impactos fuertes. Las abolladuras se mantienen localizadas, de modo que <strong data-start=\"1766\" data-end=\"1792\">el da\u00f1o no se propaga<\/strong>, prolongando la vida \u00fatil y reduciendo costes de reemplazo.<\/p>\n<h2 data-start=\"1528\" data-end=\"1850\">Soluciones de Palets para Cadena de Fr\u00edo de Enlightening Pallet<\/h2>\n<p data-start=\"1528\" data-end=\"1850\" class=\"translation-block\">Las operaciones de cadena de fr\u00edo exigen palets capaces de soportar uso extremo, y <strong data-start=\"164\" data-end=\"216\">los palets pl\u00e1sticos para cadena de fr\u00edo de Enlightening Pallet<\/strong> est\u00e1n fabricados para durar mucho m\u00e1s que los de madera. Su durabilidad reduce la necesidad de pedidos repetidos, disminuyendo costes y ayudando a reducir la huella de carbono. Con <strong data-start=\"374\" data-end=\"402\">palets pl\u00e1sticos rackeables<\/strong> dise\u00f1ados para almacenamiento y transporte en congelaci\u00f3n, se asegura un rendimiento constante y menos reemplazos, respaldados por un fabricante comprometido con la sostenibilidad y la fiabilidad a largo plazo.<\/p>","protected":false},"excerpt":{"rendered":"<p class=\"translation-block\">El <strong data-start=\"76\" data-end=\"145\">nuevo Palet Pl\u00e1stico para Cadena de Fr\u00edo de Enlightening Pallet<\/strong> es la \u00faltima incorporaci\u00f3n a nuestra serie de palets probados en el mercado, dise\u00f1ado para almacenamiento congelado y transporte refrigerado de larga distancia. Certificado seg\u00fan <strong data-start=\"286\" data-end=\"322\">ISO 9001, SGS, FDA, CE y REACH<\/strong> y alineado con est\u00e1ndares internacionales de contacto alimentario, soporta -30\u2103 sin fallas por fragilidad mientras su <strong data-start=\"431\" data-end=\"485\">cubierta superior totalmente cerrada bloquea condensaci\u00f3n y moho<\/strong>. Con la experiencia global de Enlightening Pallet en operaciones de cadena de fr\u00edo, <strong data-start=\"564\" data-end=\"683\">nuestra serie de Palets para Cadena de Fr\u00edo asegura que sus productos congelados permanezcan libres de contaminaci\u00f3n, en cumplimiento normativo y entregados sin riesgos.<\/strong><\/p>","protected":false},"featured_media":13499,"comment_status":"open","ping_status":"closed","template":"","meta":{"_seopress_robots_primary_cat":"none","_seopress_titles_title":"Cold Storage Plastic Pallet","_seopress_titles_desc":"Discover Enlightening Pallet\u2019s rackable plastic pallets for cold chain storage and transport, engineered with sealed decks to ensure hygiene compliance.","_seopress_robots_index":"","_angie_page":false},"product_brand":[],"product_cat":[83,84,92],"product_tag":[],"class_list":{"0":"post-13496","1":"product","2":"type-product","3":"status-publish","4":"has-post-thumbnail","6":"product_cat-all-product","7":"product_cat-plastic-pallets","8":"product_cat-rackable-plastic-pallet","10":"first","11":"instock","12":"shipping-taxable","13":"product-type-simple"},"_links":{"self":[{"href":"https:\/\/cnplasticpallets.com\/es\/wp-json\/wp\/v2\/product\/13496","targetHints":{"allow":["GET"]}}],"collection":[{"href":"https:\/\/cnplasticpallets.com\/es\/wp-json\/wp\/v2\/product"}],"about":[{"href":"https:\/\/cnplasticpallets.com\/es\/wp-json\/wp\/v2\/types\/product"}],"replies":[{"embeddable":true,"href":"https:\/\/cnplasticpallets.com\/es\/wp-json\/wp\/v2\/comments?post=13496"}],"wp:featuredmedia":[{"embeddable":true,"href":"https:\/\/cnplasticpallets.com\/es\/wp-json\/wp\/v2\/media\/13499"}],"wp:attachment":[{"href":"https:\/\/cnplasticpallets.com\/es\/wp-json\/wp\/v2\/media?parent=13496"}],"wp:term":[{"taxonomy":"product_brand","embeddable":true,"href":"https:\/\/cnplasticpallets.com\/es\/wp-json\/wp\/v2\/product_brand?post=13496"},{"taxonomy":"product_cat","embeddable":true,"href":"https:\/\/cnplasticpallets.com\/es\/wp-json\/wp\/v2\/product_cat?post=13496"},{"taxonomy":"product_tag","embeddable":true,"href":"https:\/\/cnplasticpallets.com\/es\/wp-json\/wp\/v2\/product_tag?post=13496"}],"curies":[{"name":"wp","href":"https:\/\/api.w.org\/{rel}","templated":true}]}}