{"id":13222,"date":"2025-08-27T10:26:20","date_gmt":"2025-08-27T02:26:20","guid":{"rendered":"https:\/\/cnplasticpallets.com\/?post_type=product&#038;p=13222"},"modified":"2025-08-27T10:26:20","modified_gmt":"2025-08-27T02:26:20","slug":"solid-top-rackable-1200-x-1100","status":"publish","type":"product","link":"https:\/\/cnplasticpallets.com\/es\/product\/plastic-pallets\/rackable-plastic-pallet\/solid-top-rackable-1200-x-1100\/","title":{"rendered":"Palets Rackeables de Superficie Lisa 1200 \u00d7 1100"},"content":{"rendered":"<h2 data-start=\"90\" data-end=\"111\">Caracter\u00edsticas B\u00e1sicas del Producto<\/h2>\n<ul data-start=\"113\" data-end=\"863\">\n<li data-start=\"113\" data-end=\"195\">\n<p data-start=\"115\" data-end=\"195\" class=\"translation-block\"><strong data-start=\"115\" data-end=\"133\">Cubierta s\u00f3lida<\/strong> que mantiene la superficie plana y limpia, bloqueando polvo y l\u00edquidos.<\/p>\n<\/li>\n<li data-start=\"196\" data-end=\"262\">\n<p data-start=\"198\" data-end=\"262\" class=\"translation-block\"><strong data-start=\"198\" data-end=\"220\">Dise\u00f1o de cubierta cerrada<\/strong> que facilita el lavado y asegura higiene.<\/p>\n<\/li>\n<li data-start=\"263\" data-end=\"344\">\n<p data-start=\"265\" data-end=\"344\" class=\"translation-block\"><strong data-start=\"265\" data-end=\"291\">Base rackeable de 3 patines<\/strong> estable en racks altos y sistemas automatizados.<\/p>\n<\/li>\n<li data-start=\"345\" data-end=\"413\">\n<p data-start=\"347\" data-end=\"413\" class=\"translation-block\"><strong data-start=\"347\" data-end=\"372\">8 barras de acero opcionales<\/strong> elevan la carga en rack a <strong data-start=\"398\" data-end=\"410\">1,5 toneladas<\/strong>.<\/p>\n<\/li>\n<li data-start=\"414\" data-end=\"492\">\n<p data-start=\"416\" data-end=\"492\" class=\"translation-block\"><strong data-start=\"416\" data-end=\"451\">Capacidad est\u00e1tica 6T \/ din\u00e1mica 2T<\/strong> con refuerzo para uso intensivo.<\/p>\n<\/li>\n<li data-start=\"493\" data-end=\"559\">\n<p data-start=\"495\" data-end=\"559\" class=\"translation-block\"><strong data-start=\"495\" data-end=\"512\">Material HDPE<\/strong> resistente a impactos, agua, \u00e1cidos y qu\u00edmicos.<\/p>\n<\/li>\n<li data-start=\"560\" data-end=\"644\">\n<p data-start=\"562\" data-end=\"644\" class=\"translation-block\"><strong data-start=\"562\" data-end=\"587\">Apto para alimentos y uso m\u00e9dico<\/strong>, ideal para farmac\u00e9utica y cadenas de suministro limpias.<\/p>\n<\/li>\n<li data-start=\"645\" data-end=\"707\">\n<p data-start=\"647\" data-end=\"707\" class=\"translation-block\"><strong data-start=\"647\" data-end=\"674\">Entrada de montacargas en 4 direcciones<\/strong> para manipulaci\u00f3n r\u00e1pida y eficiente.<\/p>\n<\/li>\n<li data-start=\"708\" data-end=\"788\">\n<p data-start=\"710\" data-end=\"788\" class=\"translation-block\"><strong data-start=\"710\" data-end=\"728\">Opciones personalizadas<\/strong> incluyen tiras antideslizantes, tubos de acero y logotipo impreso.<\/p>\n<\/li>\n<li data-start=\"789\" data-end=\"863\">\n<p data-start=\"791\" data-end=\"863\" class=\"translation-block\">Funciona de forma confiable en <strong data-start=\"809\" data-end=\"837\">entornos de -30\u2103 a 40\u2103<\/strong> con larga vida \u00fatil.<\/p>\n<\/li>\n<\/ul>\n<h2>\u00bfPor Qu\u00e9 Este Modelo Destaca en Rendimiento Rackeable?<\/h2>\n<p data-start=\"310\" data-end=\"527\" class=\"translation-block\">Fabricamos este pallet con una <strong data-start=\"338\" data-end=\"393\">base de 3 patines reforzada y estructura con nervaduras cruzadas<\/strong>, lo que garantiza distribuci\u00f3n uniforme del peso. Esto evita la deflexi\u00f3n en vigas y asegura mayor <strong data-start=\"480\" data-end=\"500\">capacidad de rack<\/strong> que los modelos ligeros.<\/p>\n<p data-start=\"529\" data-end=\"733\" class=\"translation-block\">Las <strong data-start=\"533\" data-end=\"559\">paredes de pat\u00edn engrosadas<\/strong> y uniones soldadas aumentan la resistencia a la carga vertical. Incluso sin barras de acero, el pallet se mantiene firme en <strong data-start=\"665\" data-end=\"683\">racks de gran altura<\/strong>, donde modelos b\u00e1sicos suelen doblarse o torcerse.<\/p>\n<p data-start=\"735\" data-end=\"950\" class=\"translation-block\">A\u00f1adimos <strong data-start=\"742\" data-end=\"774\">inserciones antideslizantes integradas<\/strong> en la base, fijando el pallet con firmeza en las vigas del rack. Este detalle evita deslizamientos durante la manipulaci\u00f3n con montacargas, una caracter\u00edstica de seguridad ausente en la mayor\u00eda de palets rackeables.<\/p>\n<p data-start=\"952\" data-end=\"1142\" class=\"translation-block\">En comparaci\u00f3n con versiones no reforzadas, el nuestro mantiene <strong data-start=\"1006\" data-end=\"1051\">estabilidad est\u00e1tica y equilibrio din\u00e1mico<\/strong> en ciclos repetidos, brindando a los compradores un pallet confiable para operaciones de alta frecuencia.<\/p>\n<p data-start=\"1144\" data-end=\"1366\">A diferencia de <strong data-start=\"1151\" data-end=\"1167\">paletas de madera<\/strong>, nuestra <strong data-start=\"1173\" data-end=\"1203\">Cuerpo moldeado por inyecci\u00f3n de HDPE<\/strong> nunca absorbe humedad, se agrieta ni se desprende. Permanece higi\u00e9nico, resiste a los qu\u00edmicos y dura m\u00e1s en sistemas de estanter\u00edas, reduciendo el costo total de propiedad.<\/p>\n<p><img fetchpriority=\"high\" decoding=\"async\" class=\"alignnone wp-image-13296 size-full\" src=\"https:\/\/cnplasticpallets.com\/wp-content\/uploads\/2025\/08\/Solid-Top-Rackable-Pallets-H1211PHB-4.jpg\" alt=\"paletas macizas aptas para estanter\u00edas\" width=\"800\" height=\"600\" srcset=\"https:\/\/cnplasticpallets.com\/wp-content\/uploads\/2025\/08\/Solid-Top-Rackable-Pallets-H1211PHB-4.jpg 800w, https:\/\/cnplasticpallets.com\/wp-content\/uploads\/2025\/08\/Solid-Top-Rackable-Pallets-H1211PHB-4-300x225.jpg 300w, https:\/\/cnplasticpallets.com\/wp-content\/uploads\/2025\/08\/Solid-Top-Rackable-Pallets-H1211PHB-4-768x576.jpg 768w, https:\/\/cnplasticpallets.com\/wp-content\/uploads\/2025\/08\/Solid-Top-Rackable-Pallets-H1211PHB-4-16x12.jpg 16w, https:\/\/cnplasticpallets.com\/wp-content\/uploads\/2025\/08\/Solid-Top-Rackable-Pallets-H1211PHB-4-600x450.jpg 600w\" sizes=\"(max-width: 800px) 100vw, 800px\" \/><\/p>","protected":false},"excerpt":{"rendered":"<p class=\"translation-block\">Enlightening Pallet <strong>palets rackeables de superficie lisa con 3 patines<\/strong> cuentan con una <strong data-start=\"175\" data-end=\"202\">cubierta cerrada y no porosa<\/strong> que se mantiene higi\u00e9nica y f\u00e1cil de limpiar, mientras que el <strong data-start=\"252\" data-end=\"284\">tama\u00f1o est\u00e1ndar Asia 1200\u00d71100<\/strong> garantiza uso fluido con sistemas automatizados. Resistentes para repetido almacenaje en rack y manipulaci\u00f3n, estos <a href=\"https:\/\/cnplasticpallets.com\/es\/product-category\/plastic-pallets\/rackable-plastic-pallet\/\" target=\"_self\">palets pl\u00e1sticos rackeables<\/a> son ideales para <strong data-start=\"398\" data-end=\"424\">exportaciones en el Sudeste Asi\u00e1tico<\/strong>, apoyando sectores alimentarios, m\u00e9dicos y de alta densidad de almacenamiento. Como <strong data-start=\"491\" data-end=\"515\">fabricante de f\u00e1brica<\/strong> confiable, ofrecemos suministro mayorista con precios competitivos y stock sostenible.<\/p>","protected":false},"featured_media":13231,"comment_status":"open","ping_status":"closed","template":"","meta":{"_seopress_robots_primary_cat":"none","_seopress_titles_title":"Solid Top Rackable Pallets 1200 \u00d7 1100","_seopress_titles_desc":"Enlightening Pallet rackable plastic pallets with 3 runners, Asia standard size, hygienic solid top, and bulk pricing for reliable Southeast Asia export.","_seopress_robots_index":"","_angie_page":false},"product_brand":[],"product_cat":[83,84,92],"product_tag":[],"class_list":{"0":"post-13222","1":"product","2":"type-product","3":"status-publish","4":"has-post-thumbnail","6":"product_cat-all-product","7":"product_cat-plastic-pallets","8":"product_cat-rackable-plastic-pallet","10":"first","11":"instock","12":"shipping-taxable","13":"product-type-simple"},"_links":{"self":[{"href":"https:\/\/cnplasticpallets.com\/es\/wp-json\/wp\/v2\/product\/13222","targetHints":{"allow":["GET"]}}],"collection":[{"href":"https:\/\/cnplasticpallets.com\/es\/wp-json\/wp\/v2\/product"}],"about":[{"href":"https:\/\/cnplasticpallets.com\/es\/wp-json\/wp\/v2\/types\/product"}],"replies":[{"embeddable":true,"href":"https:\/\/cnplasticpallets.com\/es\/wp-json\/wp\/v2\/comments?post=13222"}],"wp:featuredmedia":[{"embeddable":true,"href":"https:\/\/cnplasticpallets.com\/es\/wp-json\/wp\/v2\/media\/13231"}],"wp:attachment":[{"href":"https:\/\/cnplasticpallets.com\/es\/wp-json\/wp\/v2\/media?parent=13222"}],"wp:term":[{"taxonomy":"product_brand","embeddable":true,"href":"https:\/\/cnplasticpallets.com\/es\/wp-json\/wp\/v2\/product_brand?post=13222"},{"taxonomy":"product_cat","embeddable":true,"href":"https:\/\/cnplasticpallets.com\/es\/wp-json\/wp\/v2\/product_cat?post=13222"},{"taxonomy":"product_tag","embeddable":true,"href":"https:\/\/cnplasticpallets.com\/es\/wp-json\/wp\/v2\/product_tag?post=13222"}],"curies":[{"name":"wp","href":"https:\/\/api.w.org\/{rel}","templated":true}]}}