{"id":12997,"date":"2025-08-18T16:33:45","date_gmt":"2025-08-18T08:33:45","guid":{"rendered":"https:\/\/cnplasticpallets.com\/?post_type=product&#038;p=12997"},"modified":"2025-08-18T16:37:53","modified_gmt":"2025-08-18T08:37:53","slug":"australian-standard-plastic-pallet","status":"publish","type":"product","link":"https:\/\/cnplasticpallets.com\/es\/product\/plastic-pallets\/rackable-plastic-pallet\/australian-standard-plastic-pallet\/","title":{"rendered":"Est\u00e1ndar Australiano de Palet de Pl\u00e1stico Aptos para Estanter\u00edas"},"content":{"rendered":"<h2>\u00bfCu\u00e1les son las Normas Australianas de Estanter\u00edas para Palets?<\/h2>\n<p data-start=\"180\" data-end=\"542\" class=\"translation-block\">En Australia, el <strong data-start=\"171\" data-end=\"213\">palet 1165\u00d71165 mm definido por la norma AS 4068<\/strong> es el est\u00e1ndar nacional aceptado. La AS 4068 tambi\u00e9n especifica requisitos clave como resistencia, durabilidad y precisi\u00f3n dimensional, garantizando que los palets puedan utilizarse con seguridad en operaciones de transporte y almac\u00e9n de alta frecuencia. La mayor\u00eda de los sistemas de estanter\u00edas fabricados bajo las <strong data-start=\"482\" data-end=\"504\">directrices AS 4084<\/strong> est\u00e1n optimizados para este tama\u00f1o, por lo que cumplirlas significa un manejo m\u00e1s fluido y un almacenamiento m\u00e1s seguro. Para los compradores, el siguiente paso es elegir un fabricante que produzca palets con estos est\u00e1ndares exactos.<\/p>\n<p data-start=\"544\" data-end=\"985\"><strong data-start=\"789\" data-end=\"983\">En Enlightening Pallet, fabricamos estrictamente bajo cumplimiento AS 4084:2023, garantizando que nuestros palets de pl\u00e1stico rackeables 1165\u00d71165 mm funcionen a la perfecci\u00f3n con los sistemas de estanter\u00edas australianos para un almacenamiento m\u00e1s seguro y fiable.<\/strong><\/p>\n<h2 data-start=\"121\" data-end=\"145\">Vista r\u00e1pida de las Ventajas del Producto<\/h2>\n<p><strong data-start=\"147\" data-end=\"185\">1. Muescas en Vigas para Estanter\u00edas Seguras<\/strong><\/p>\n<p class=\"translation-block\"><strong data-start=\"180\" data-end=\"347\">A diferencia de los palets pl\u00e1sticos est\u00e1ndar de 3 patines, que no logran suficiente estabilidad en estanter\u00edas australianas, Enlightening Pallet ha dise\u00f1ado muescas precisas en cada pat\u00edn.<\/strong> Este dise\u00f1o permite que el palet est\u00e1ndar australiano se bloquee firmemente con las vigas, manteni\u00e9ndose fijo y eliminando el riesgo de desplazamientos peligrosos en altura.<\/p>\n<p data-start=\"422\" data-end=\"690\"><strong data-start=\"422\" data-end=\"459\">2. Plataforma Ventilada para Cadena de Fr\u00edo<\/strong><\/p>\n<p data-start=\"142\" data-end=\"520\" class=\"translation-block\">La rejilla abierta mantiene el palet ligero con 18.5 kg y permite un drenaje r\u00e1pido. <strong data-start=\"261\" data-end=\"518\">Este control de flujo de aire y humedad lo hace ideal para almacenamiento en fr\u00edo y manipulaci\u00f3n de alimentos, ayud\u00e1ndole a reducir desperdicios y pasar auditor\u00edas de higiene f\u00e1cilmente. Para aplicaciones que requieren superficie s\u00f3lida, recomendamos nuestro <a href=\"https:\/\/cnplasticpallets.com\/es\/product\/plastic-pallets\/heavy-duty-plastic-pallet\/australia-standard-1165-1165-mm\/\" target=\"_self\">Palets Pl\u00e1sticos Australia Heavy Duty Solid Deck.<\/a><\/strong><\/p>\n<p data-start=\"954\" data-end=\"1214\"><strong data-start=\"954\" data-end=\"991\">3. Entrada para Montacargas y Transpaletas<\/strong><\/p>\n<p data-start=\"954\" data-end=\"1214\" class=\"translation-block\">Los montacargas pueden entrar desde los cuatro lados para un manejo flexible. Las transpaletas funcionan solo en dos direcciones, pero este dise\u00f1o protege los patines. <strong data-start=\"1136\" data-end=\"1212\">Encontrar\u00e1 menos da\u00f1os en la base y mayor vida \u00fatil en el uso diario.<\/strong><\/p>\n<p data-start=\"1216\" data-end=\"1488\"><strong data-start=\"1216\" data-end=\"1256\">4. Moldeo por Inyecci\u00f3n con Barras de Acero<\/strong><\/p>\n<p data-start=\"1216\" data-end=\"1488\" class=\"translation-block\">Fabricado con PP virgen y refuerzos de acero de 4.2 kg, este palet australiano no se deforma bajo cargas pesadas en estanter\u00eda. <strong data-start=\"1357\" data-end=\"1486\">Incluso con 1000 kg almacenados a largo plazo en vigas, se mantiene firme, brindando verdaderos ahorros a fabricantes y plantas qu\u00edmicas.<\/strong><\/p>\n<p data-start=\"1490\" data-end=\"1765\"><strong data-start=\"1490\" data-end=\"1529\">5. Material PP Virgen, No Reciclado<\/strong><\/p>\n<p data-start=\"1490\" data-end=\"1765\" class=\"translation-block\">Sabemos que los palets reciclados son comunes en Australia, pero pueden agrietarse en estanter\u00edas debido a impurezas. <span data-slate-node=\"text\"><span class=\"\" data-slate-leaf=\"true\" data-sent-id=\"zyb4Ry92nB\" data-para-id=\"0\">Nuestro<strong> palet est\u00e1ndar australiano<\/strong> est\u00e1 fabricado con <strong>100% PP virgen<\/strong>, <strong>ofreciendo estabilidad s\u00f3lida en cargas, menor deformaci\u00f3n bajo peso y un acabado m\u00e1s profesional<\/strong>.<\/span><span class=\"\" data-slate-leaf=\"true\" data-sent-id=\"e2bW2X5l6e\" data-para-id=\"0\"> No es un palet desechable: est\u00e1 construido para resistir ciclos intensivos, ofreciendo eficiencia de costos y durabilidad insuperables.<\/span><\/span><\/p>\n<p data-start=\"1767\" data-end=\"2029\"><strong data-start=\"1767\" data-end=\"1797\">6. Clasificaci\u00f3n de Carga para Uso Pesado<\/strong><\/p>\n<p data-start=\"1767\" data-end=\"2029\" class=\"translation-block\">Este <a href=\"https:\/\/cnplasticpallets.com\/es\/product-category\/plastic-pallets\/rackable-plastic-pallet\/\" target=\"_self\">palet de pl\u00e1stico rackeable<\/a> est\u00e1 probado para 6000 kg est\u00e1ticos, 1500 kg din\u00e1micos y 1000 kg en estanter\u00edas. <strong data-start=\"226\" data-end=\"369\">Su alta resistencia din\u00e1mica lo convierte en un palet australiano ideal para exportaci\u00f3n, capaz de soportar env\u00edos de larga distancia y m\u00faltiples ciclos de reutilizaci\u00f3n.<\/strong> Puede confiar plenamente en su desempe\u00f1o en almacenes de alta exigencia, reduciendo reposiciones y asegurando la cadena de suministro.<\/p>\n<h2 data-start=\"96\" data-end=\"122\">Opciones de Personalizaci\u00f3n que Podemos Ofrecer<\/h2>\n<ul data-start=\"124\" data-end=\"1076\">\n<li data-start=\"124\" data-end=\"256\">\n<p data-start=\"126\" data-end=\"256\" class=\"translation-block\"><strong data-start=\"126\" data-end=\"145\">Elecci\u00f3n de Material<\/strong>: PP virgen para durabilidad a largo plazo y uso seguro en estanter\u00edas, o PP reciclado para env\u00edos de un solo uso con reducci\u00f3n de costos.<\/p>\n<\/li>\n<li data-start=\"257\" data-end=\"388\">\n<p data-start=\"259\" data-end=\"388\" class=\"translation-block\"><strong data-start=\"259\" data-end=\"281\">Barras de Refuerzo<\/strong>: Barras de acero opcionales de 4.2 kg para aumentar la capacidad en estanter\u00eda y reducir deformaciones bajo cargas pesadas.<\/p>\n<\/li>\n<li data-start=\"389\" data-end=\"521\">\n<p data-start=\"391\" data-end=\"521\" class=\"translation-block\"><strong data-start=\"391\" data-end=\"410\">Selecci\u00f3n de Color<\/strong>: Azul\/negro est\u00e1ndar o colores corporativos personalizados para alinearse con la identidad de marca y facilitar la clasificaci\u00f3n en almac\u00e9n.<\/p>\n<\/li>\n<li data-start=\"522\" data-end=\"649\">\n<p data-start=\"524\" data-end=\"649\" class=\"translation-block\"><strong data-start=\"524\" data-end=\"543\">Logotipo e Impresi\u00f3n<\/strong>: A\u00f1ada logotipos, textos o c\u00f3digos de barras para visibilidad de marca y rastreo m\u00e1s f\u00e1cil en la cadena de suministro.<\/p>\n<\/li>\n<li data-start=\"650\" data-end=\"803\">\n<p data-start=\"652\" data-end=\"803\" class=\"translation-block\"><strong data-start=\"652\" data-end=\"670\">Dise\u00f1o de Superficie<\/strong>: Tapetes antideslizantes adicionales para manejo m\u00e1s seguro de cajas y sacos, o personalizaci\u00f3n de plataforma s\u00f3lida para industrias que requieren mayor higiene.<\/p>\n<\/li>\n<li data-start=\"804\" data-end=\"923\">\n<p data-start=\"806\" data-end=\"923\" class=\"translation-block\"><strong data-start=\"806\" data-end=\"828\">Dimensiones y Moldes<\/strong>: Ajuste de medidas o desarrollo de nuevos moldes para cumplir con requisitos operativos o de exportaci\u00f3n \u00fanicos.<\/p>\n<\/li>\n<li data-start=\"924\" data-end=\"1076\">\n<p data-start=\"926\" data-end=\"1076\" class=\"translation-block\"><strong data-start=\"926\" data-end=\"950\">Empaque y Env\u00edo<\/strong>: Empaque a granel, film estirable o soluciones personalizadas listas para exportaci\u00f3n para optimizar costos de transporte y proteger los palets en tr\u00e1nsito.<\/p>\n<\/li>\n<\/ul>","protected":false},"excerpt":{"rendered":"<p class=\"translation-block\">Nuestro palet de pl\u00e1stico est\u00e1ndar australiano reutilizable est\u00e1 dise\u00f1ado para sistemas de estanter\u00edas y transporte en almacenes, con tiras antideslizantes, entrada de montacargas en 4 direcciones y acceso de transpaleta en 2 direcciones. El refuerzo de acero opcional lo hace ideal para uso intensivo. La plataforma ventilada es adecuada para las industrias de electr\u00f3nica, alimentos y bebidas, y petroqu\u00edmica, totalmente conforme con las normas australianas de estanter\u00edas AS 4084. Con precios directos de f\u00e1brica y gran stock sostenible, aseguramos suministro estable. <strong data-start=\"622\" data-end=\"809\"><p><p>En Enlightening Pallet, nos comprometemos a fabricar palets que no solo cumplan la normativa, sino que tambi\u00e9n reduzcan accidentes en estanter\u00edas y costes de reposici\u00f3n, ayudando a que sus operaciones sean m\u00e1s seguras y rentables.<\/strong><\/p>","protected":false},"featured_media":13000,"comment_status":"open","ping_status":"closed","template":"","meta":{"_seopress_robots_primary_cat":"none","_seopress_titles_title":"Australian Standard Pallet\u200b - Vented Deck & Rackable","_seopress_titles_desc":"Reusable Australian export pallet, 1165\u00d71165mm, designed for AS 4084 racking systems with heavy-duty load ratings and factory-direct bulk pricing.","_seopress_robots_index":"","_angie_page":false},"product_brand":[],"product_cat":[83,84,92],"product_tag":[],"class_list":{"0":"post-12997","1":"product","2":"type-product","3":"status-publish","4":"has-post-thumbnail","6":"product_cat-all-product","7":"product_cat-plastic-pallets","8":"product_cat-rackable-plastic-pallet","10":"first","11":"instock","12":"shipping-taxable","13":"product-type-simple"},"_links":{"self":[{"href":"https:\/\/cnplasticpallets.com\/es\/wp-json\/wp\/v2\/product\/12997","targetHints":{"allow":["GET"]}}],"collection":[{"href":"https:\/\/cnplasticpallets.com\/es\/wp-json\/wp\/v2\/product"}],"about":[{"href":"https:\/\/cnplasticpallets.com\/es\/wp-json\/wp\/v2\/types\/product"}],"replies":[{"embeddable":true,"href":"https:\/\/cnplasticpallets.com\/es\/wp-json\/wp\/v2\/comments?post=12997"}],"wp:featuredmedia":[{"embeddable":true,"href":"https:\/\/cnplasticpallets.com\/es\/wp-json\/wp\/v2\/media\/13000"}],"wp:attachment":[{"href":"https:\/\/cnplasticpallets.com\/es\/wp-json\/wp\/v2\/media?parent=12997"}],"wp:term":[{"taxonomy":"product_brand","embeddable":true,"href":"https:\/\/cnplasticpallets.com\/es\/wp-json\/wp\/v2\/product_brand?post=12997"},{"taxonomy":"product_cat","embeddable":true,"href":"https:\/\/cnplasticpallets.com\/es\/wp-json\/wp\/v2\/product_cat?post=12997"},{"taxonomy":"product_tag","embeddable":true,"href":"https:\/\/cnplasticpallets.com\/es\/wp-json\/wp\/v2\/product_tag?post=12997"}],"curies":[{"name":"wp","href":"https:\/\/api.w.org\/{rel}","templated":true}]}}