{"id":12908,"date":"2025-08-13T10:52:46","date_gmt":"2025-08-13T02:52:46","guid":{"rendered":"https:\/\/cnplasticpallets.com\/?post_type=product&#038;p=12908"},"modified":"2025-08-13T10:52:46","modified_gmt":"2025-08-13T02:52:46","slug":"collar-for-automotive-parts","status":"publish","type":"product","link":"https:\/\/cnplasticpallets.com\/es\/product\/plastic-pallets\/plastic-pallet-collar\/collar-for-automotive-parts\/","title":{"rendered":"Collar de pl\u00e1stico para palets para piezas de automoci\u00f3n"},"content":{"rendered":"<h2>Por qu\u00e9 nuestros collares de pl\u00e1stico para palets ofrecen m\u00e1xima protecci\u00f3n para piezas de automoci\u00f3n<\/h2>\n<p data-start=\"49\" data-end=\"367\"><strong data-start=\"49\" data-end=\"107\">Resistencia al aceite y la corrosi\u00f3n para fiabilidad a largo plazo<\/strong><\/p>\n<p data-start=\"49\" data-end=\"367\" class=\"translation-block\">A diferencia de los collares de madera, <strong data-start=\"140\" data-end=\"215\">nuestros collares de pl\u00e1stico para palets en HDPE o PP no absorben aceite, humedad ni residuos qu\u00edmicos<\/strong>. Esto los hace <strong data-start=\"233\" data-end=\"308\">ideales para almacenar componentes de automoci\u00f3n con lubricante o virutas met\u00e1licas<\/strong>, evitando la contaminaci\u00f3n y alargando la vida \u00fatil de las piezas.<\/p>\n<p data-start=\"369\" data-end=\"662\"><strong data-start=\"369\" data-end=\"405\">Protecci\u00f3n interna personalizable<\/strong><\/p>\n<p data-start=\"369\" data-end=\"662\" class=\"translation-block\"><strong data-start=\"408\" data-end=\"493\">Separadores opcionales y forros de espuma EVA pueden adaptarse a la forma de cada pieza<\/strong>, reduciendo el movimiento durante el transporte. Esto <strong data-start=\"534\" data-end=\"604\">minimiza da\u00f1os por impacto en piezas fr\u00e1giles, de precisi\u00f3n o alto valor<\/strong>, reduciendo rechazos y costes de reposici\u00f3n.<\/p>\n<p data-start=\"664\" data-end=\"953\"><strong data-start=\"664\" data-end=\"710\">Altura ajustable para componentes voluminosos<\/strong><\/p>\n<p data-start=\"664\" data-end=\"953\" class=\"translation-block\">Cada nivel del collar <strong data-start=\"731\" data-end=\"810\">se apila de forma segura hasta 11 niveles, alcanzando una altura m\u00e1xima de unos 2200 mm<\/strong>. Para piezas voluminosas, <strong data-start=\"833\" data-end=\"899\">a\u00f1adir esquinas de apilado reforzadas de pl\u00e1stico aumenta la estabilidad<\/strong>, evitando colapsos incluso con manejo de montacargas.<\/p>\n<p data-start=\"955\" data-end=\"1243\"><strong data-start=\"955\" data-end=\"1003\">Alta capacidad de carga con manipulaci\u00f3n ligera<\/strong><\/p>\n<p data-start=\"955\" data-end=\"1243\" class=\"translation-block\">Dise\u00f1ados para uso intensivo, <strong data-start=\"1035\" data-end=\"1107\">cada collar soporta hasta 1800 kg en carga est\u00e1tica y 600 kg en carga din\u00e1mica<\/strong> mientras <strong data-start=\"1114\" data-end=\"1165\">sigue siendo lo suficientemente ligero para plegado manual r\u00e1pido<\/strong>. Este equilibrio entre resistencia y portabilidad agiliza las operaciones de almac\u00e9n.<\/p>\n<p data-start=\"1245\" data-end=\"1514\"><strong data-start=\"1245\" data-end=\"1276\">Compatibilidad global con palets<\/strong><\/p>\n<p data-start=\"1245\" data-end=\"1514\" class=\"translation-block\"><strong data-start=\"1279\" data-end=\"1342\">Dise\u00f1ados para adaptarse a palets est\u00e1ndar Euro, US y australianos<\/strong>, nuestros collares de pl\u00e1stico para palets facilitan la exportaci\u00f3n global de piezas de automoci\u00f3n, integr\u00e1ndose en cadenas de suministro internacionales sin personalizaci\u00f3n adicional del palet.<\/p>\n<p data-start=\"1516\" data-end=\"1763\"><strong data-start=\"1516\" data-end=\"1543\">Dise\u00f1o listo para automatizaci\u00f3n<\/strong><\/p>\n<p data-start=\"1516\" data-end=\"1763\" class=\"translation-block\">El <strong data-start=\"1550\" data-end=\"1599\">marco r\u00edgido y el sistema de bisagras moldeado con precisi\u00f3n<\/strong> son totalmente compatibles con <strong data-start=\"1626\" data-end=\"1708\">sistemas automatizados de almacenamiento y recuperaci\u00f3n (AS\/RS), montacargas y operaciones con AGV<\/strong>, reduciendo la manipulaci\u00f3n manual y aumentando el rendimiento.<\/p>\n<p data-start=\"1765\" data-end=\"2108\"><strong data-start=\"1765\" data-end=\"1810\">Reutilizaci\u00f3n de alto ciclo y ahorro en retornos<\/strong><\/p>\n<p data-start=\"1765\" data-end=\"2108\" class=\"translation-block\">Con un <strong data-start=\"1820\" data-end=\"1863\">ciclo de vida de plegado de hasta 30 000 usos<\/strong>, nuestro collar modular para palets <strong data-start=\"1885\" data-end=\"2011\">se anida de forma compacta para el transporte de retorno, reduciendo el volumen de reenv\u00edo en m\u00e1s del 80 % y los costes log\u00edsticos de retorno en torno al 60 %<\/strong>. Disponemos de versiones en material reciclado para clientes que buscan soluciones de embalaje sostenibles.<\/p>\n<h2 data-start=\"1765\" data-end=\"2108\">Especificaciones del producto para todas las necesidades de piezas de automoci\u00f3n<\/h2>\n<table dir=\"ltr\" border=\"1\" cellspacing=\"0\" cellpadding=\"0\" data-sheets-root=\"1\" data-sheets-baot=\"1\">\n<colgroup>\n<col width=\"185\" \/>\n<col width=\"198\" \/>\n<col width=\"134\" \/>\n<col width=\"124\" \/>\n<col width=\"100\" \/>\n<col width=\"100\" \/>\n<col width=\"100\" \/>\n<col width=\"83\" \/><\/colgroup>\n<tbody>\n<tr>\n<td>Modelo<\/td>\n<td>Dimensiones externas (mm)<\/td>\n<td>Dimensiones internas (mm)<\/td>\n<td>Carga Est\u00e1tica<\/td>\n<td>Carga Din\u00e1mica<\/td>\n<td>Altura de apilado<\/td>\n<td>Ciclos de plegado<\/td>\n<td>Peso<\/td>\n<\/tr>\n<tr>\n<td>1212H1<\/td>\n<td>1200 \u00d7 1200 \u00d7 200<\/td>\n<td>1150*1150*200<\/td>\n<td>1800 kg<\/td>\n<td>600 kg<\/td>\n<td>11 capas<\/td>\n<td>30 000 ciclos<\/td>\n<td>7.0 kg<\/td>\n<\/tr>\n<tr>\n<td>1210H1<\/td>\n<td>1200 \u00d7 1000 \u00d7 200<\/td>\n<td>1150*950*200<\/td>\n<td>1800 kg<\/td>\n<td>600 kg<\/td>\n<td>11 capas<\/td>\n<td>30 000 ciclos<\/td>\n<td>6.6 kg<\/td>\n<\/tr>\n<tr>\n<td>1208H1<\/td>\n<td>1200 \u00d7 800 \u00d7 200<\/td>\n<td>1150*750*200<\/td>\n<td>1800 kg<\/td>\n<td>600 kg<\/td>\n<td>11 capas<\/td>\n<td>30 000 ciclos<\/td>\n<td>6,1 kg<\/td>\n<\/tr>\n<tr>\n<td>1010H1<\/td>\n<td>1000 \u00d7 1000 \u00d7 200<\/td>\n<td>950*950*200<\/td>\n<td>1800 kg<\/td>\n<td>600 kg<\/td>\n<td>11 capas<\/td>\n<td>30 000 ciclos<\/td>\n<td>6,1 kg<\/td>\n<\/tr>\n<tr>\n<td>1008H1<\/td>\n<td>1000 \u00d7 800 \u00d7 200<\/td>\n<td>950*750*200<\/td>\n<td>1800 kg<\/td>\n<td>600 kg<\/td>\n<td>11 capas<\/td>\n<td>30 000 ciclos<\/td>\n<td>5,7 kg<\/td>\n<\/tr>\n<tr>\n<td>0808H1<\/td>\n<td>800 \u00d7 800 \u00d7 200<\/td>\n<td>750*750*200<\/td>\n<td>1800 kg<\/td>\n<td>600 kg<\/td>\n<td>11 capas<\/td>\n<td>30 000 ciclos<\/td>\n<td>5,2 kg<\/td>\n<\/tr>\n<tr>\n<td>0806H1<\/td>\n<td>800 \u00d7 600 \u00d7 200<\/td>\n<td>750*550*200<\/td>\n<td>1800 kg<\/td>\n<td>600 kg<\/td>\n<td>11 capas<\/td>\n<td>30 000 ciclos<\/td>\n<td>4,7 kg<\/td>\n<\/tr>\n<\/tbody>\n<\/table>\n<h2 data-start=\"1765\" data-end=\"2108\">Qui\u00e9n fabrica collares para palets de automoci\u00f3n en los que puede confiar<\/h2>\n<p data-start=\"56\" data-end=\"341\" class=\"translation-block\"><strong data-start=\"56\" data-end=\"86\">1. Experiencia en fabricaci\u00f3n<\/strong><br data-start=\"86\" data-end=\"89\">Con <strong data-start=\"94\" data-end=\"138\">casi 25 a\u00f1os en la fabricaci\u00f3n de pl\u00e1sticos<\/strong>, <a href=\"https:\/\/cnplasticpallets.com\/es\/\" target=\"_self\"><strong>Enlightening Pallet<\/strong><\/a> produce collares para palets est\u00e1ndar y a medida de forma eficiente. Nuestras instalaciones gestionan <strong data-start=\"225\" data-end=\"293\">dise\u00f1o de moldes de precisi\u00f3n, mecanizado CNC y l\u00edneas avanzadas de moldeo<\/strong>, garantizando calidad constante en cada pedido.<\/p>\n<p data-start=\"343\" data-end=\"618\" class=\"translation-block\"><strong data-start=\"343\" data-end=\"369\">2. Calidad y precisi\u00f3n<\/strong><br data-start=\"369\" data-end=\"372\">Fabricados en nuestra <strong data-start=\"384\" data-end=\"438\">planta certificada ISO 9001, ISO 14001 e ISO 45001<\/strong>, cada collar cumple estrictas normas de calidad y seguridad. <strong data-start=\"495\" data-end=\"539\">Tolerancias ajustadas y bisagras de acci\u00f3n suave<\/strong> garantizan apilado estable e integraci\u00f3n fluida en sus sistemas de paletizado.<\/p>\n<p data-start=\"620\" data-end=\"869\" class=\"translation-block\"><strong data-start=\"620\" data-end=\"651\">3. Experiencia en exportaci\u00f3n global<\/strong><br data-start=\"651\" data-end=\"654\"><strong>Enlightening Pallet<\/strong> exporta a <strong data-start=\"667\" data-end=\"694\">m\u00e1s de 40 pa\u00edses en todo el mundo<\/strong>, con experiencia en cumplir distintas normativas de mercado y requisitos de entrega. <strong data-start=\"778\" data-end=\"822\">Embalaje optimizado y log\u00edstica fiable<\/strong> ayudan a reducir costes y garantizar entregas puntuales.<\/p>\n<h2 data-start=\"158\" data-end=\"230\"><strong data-start=\"161\" data-end=\"228\">C\u00f3mo usar nuestros collares de pl\u00e1stico para palets en piezas de automoci\u00f3n<\/strong><\/h2>\n<p data-start=\"232\" data-end=\"410\" class=\"translation-block\"><strong data-start=\"232\" data-end=\"267\">1. Almacenar componentes en l\u00ednea<\/strong> \u2013 Use nuestros collares con forros de espuma para <strong data-start=\"306\" data-end=\"376\">mantener sistemas de frenos, piezas de suspensi\u00f3n y motores limpios y seguros<\/strong> junto a la l\u00ednea de montaje.<\/p>\n<p data-start=\"412\" data-end=\"582\" class=\"translation-block\"><strong data-start=\"412\" data-end=\"447\">2. Mover piezas entre procesos<\/strong> \u2013 Transfiera piezas sin terminar de forma segura entre \u00e1reas de mecanizado, pintura y montaje con <strong data-start=\"536\" data-end=\"579\">apilado estable y divisores antidesplazamiento<\/strong>.<\/p>\n<p data-start=\"584\" data-end=\"766\" class=\"translation-block\"><strong data-start=\"584\" data-end=\"616\">3. Enviar piezas grandes o pesadas<\/strong> \u2013 Embale transmisiones o sistemas de escape para exportaci\u00f3n usando <strong data-start=\"674\" data-end=\"720\">alta capacidad de apilado y retorno plegable<\/strong>, reduciendo costes de transporte y evitando da\u00f1os.<\/p>\n<p data-start=\"768\" data-end=\"921\" class=\"translation-block\"><strong data-start=\"768\" data-end=\"799\">4. Distribuir m\u00faltiples SKU<\/strong> \u2013 Combine diferentes repuestos en una sola unidad segura para <strong data-start=\"854\" data-end=\"918\">acelerar la preparaci\u00f3n de pedidos, evitar confusiones y mejorar el control de inventario<\/strong>.<\/p>\n<p data-start=\"923\" data-end=\"1083\" class=\"translation-block\"><strong data-start=\"923\" data-end=\"956\">5. Retornar collares de forma eficiente<\/strong> \u2013 Tras la entrega, <strong data-start=\"975\" data-end=\"1027\">pliegue los collares para reducir el volumen de retorno en un 80 %<\/strong>, disminuyendo costes de reenv\u00edo y liberando espacio en almac\u00e9n.<\/p>\n<p data-start=\"923\" data-end=\"1083\"><img fetchpriority=\"high\" decoding=\"async\" class=\"alignnone wp-image-12918 size-full\" src=\"https:\/\/cnplasticpallets.com\/wp-content\/uploads\/2025\/08\/plastic-pallet-collar-4_1.png\" alt=\"Collar de pl\u00e1stico para palets para piezas de automoci\u00f3n\" width=\"800\" height=\"600\" srcset=\"https:\/\/cnplasticpallets.com\/wp-content\/uploads\/2025\/08\/plastic-pallet-collar-4_1.png 800w, https:\/\/cnplasticpallets.com\/wp-content\/uploads\/2025\/08\/plastic-pallet-collar-4_1-300x225.png 300w, https:\/\/cnplasticpallets.com\/wp-content\/uploads\/2025\/08\/plastic-pallet-collar-4_1-768x576.png 768w, https:\/\/cnplasticpallets.com\/wp-content\/uploads\/2025\/08\/plastic-pallet-collar-4_1-16x12.png 16w, https:\/\/cnplasticpallets.com\/wp-content\/uploads\/2025\/08\/plastic-pallet-collar-4_1-600x450.png 600w\" sizes=\"(max-width: 800px) 100vw, 800px\" \/><\/p>","protected":false},"excerpt":{"rendered":"<p class=\"translation-block\">Dise\u00f1ados espec\u00edficamente para el almacenamiento y transporte de piezas de automoci\u00f3n, nuestros collares de pl\u00e1stico para palets mantienen sus componentes <strong data-start=\"174\" data-end=\"209\">protegidos contra da\u00f1os, aceite y polvo<\/strong> mientras <strong data-start=\"216\" data-end=\"241\">aprovechan al m\u00e1ximo cada carga<\/strong>. Altura ajustable, <strong data-start=\"262\" data-end=\"282\">apilado en 11 niveles<\/strong> y <strong data-start=\"288\" data-end=\"308\">retorno plegable<\/strong> le ayudan a <strong data-start=\"318\" data-end=\"339\">reducir costes de transporte<\/strong>, <strong data-start=\"341\" data-end=\"364\">ahorrar espacio valioso<\/strong> y mantener las piezas <strong data-start=\"381\" data-end=\"431\">listas para ensamblar desde la planta hasta la entrega internacional<\/strong>. Como <strong data-start=\"438\" data-end=\"461\">fabricante directo<\/strong>, garantizamos <strong data-start=\"473\" data-end=\"499\">estricto control de calidad<\/strong>, <strong data-start=\"501\" data-end=\"527\">personalizaci\u00f3n flexible<\/strong> y <strong data-start=\"533\" data-end=\"554\">plazos de entrega r\u00e1pidos<\/strong> adaptados a sus necesidades.<\/p>","protected":false},"featured_media":12917,"comment_status":"open","ping_status":"closed","template":"","meta":{"_seopress_robots_primary_cat":"none","_seopress_titles_title":"Plastic Pallet Collar for Auto Parts | OEM & Wholesale","_seopress_titles_desc":"Automotive parts pallet collars\u2014oil-proof, impact-resistant, foldable. Cut freight costs, save space. Manufacturer direct to 40+ countries.","_seopress_robots_index":"","_angie_page":false},"product_brand":[],"product_cat":[83,279,84],"product_tag":[],"class_list":{"0":"post-12908","1":"product","2":"type-product","3":"status-publish","4":"has-post-thumbnail","6":"product_cat-all-product","7":"product_cat-plastic-pallet-collar","8":"product_cat-plastic-pallets","10":"first","11":"instock","12":"shipping-taxable","13":"product-type-simple"},"_links":{"self":[{"href":"https:\/\/cnplasticpallets.com\/es\/wp-json\/wp\/v2\/product\/12908","targetHints":{"allow":["GET"]}}],"collection":[{"href":"https:\/\/cnplasticpallets.com\/es\/wp-json\/wp\/v2\/product"}],"about":[{"href":"https:\/\/cnplasticpallets.com\/es\/wp-json\/wp\/v2\/types\/product"}],"replies":[{"embeddable":true,"href":"https:\/\/cnplasticpallets.com\/es\/wp-json\/wp\/v2\/comments?post=12908"}],"wp:featuredmedia":[{"embeddable":true,"href":"https:\/\/cnplasticpallets.com\/es\/wp-json\/wp\/v2\/media\/12917"}],"wp:attachment":[{"href":"https:\/\/cnplasticpallets.com\/es\/wp-json\/wp\/v2\/media?parent=12908"}],"wp:term":[{"taxonomy":"product_brand","embeddable":true,"href":"https:\/\/cnplasticpallets.com\/es\/wp-json\/wp\/v2\/product_brand?post=12908"},{"taxonomy":"product_cat","embeddable":true,"href":"https:\/\/cnplasticpallets.com\/es\/wp-json\/wp\/v2\/product_cat?post=12908"},{"taxonomy":"product_tag","embeddable":true,"href":"https:\/\/cnplasticpallets.com\/es\/wp-json\/wp\/v2\/product_tag?post=12908"}],"curies":[{"name":"wp","href":"https:\/\/api.w.org\/{rel}","templated":true}]}}