{"id":12907,"date":"2025-08-13T13:47:09","date_gmt":"2025-08-13T05:47:09","guid":{"rendered":"https:\/\/cnplasticpallets.com\/?post_type=product&#038;p=12907"},"modified":"2025-10-16T10:15:05","modified_gmt":"2025-10-16T02:15:05","slug":"customized-stackable-foldable-plastic-pallet-collar","status":"publish","type":"product","link":"https:\/\/cnplasticpallets.com\/es\/product\/plastic-pallets\/plastic-pallet-collar\/customized-stackable-foldable-plastic-pallet-collar\/","title":{"rendered":"Collar de pl\u00e1stico apilable y plegable personalizado para palets"},"content":{"rendered":"<p class=\"translation-block\">Nuestros <strong>collares de pl\u00e1stico para palets<\/strong> est\u00e1n fabricados con caracter\u00edsticas pr\u00e1cticas que los hacen aptos para entornos exigentes de almac\u00e9n y transporte desde el primer uso. Su dise\u00f1o robusto y vers\u00e1til compatibilidad los convierten en la opci\u00f3n ideal para <strong>piezas de automoci\u00f3n, procesado de alimentos, agricultura, distribuci\u00f3n minorista y manipulaci\u00f3n de bienes industriales<\/strong>. Incluso sin personalizaci\u00f3n, ya ofrecen las siguientes ventajas:<\/p>\n<ul>\n<li data-start=\"113\" data-end=\"163\">\n<p data-start=\"115\" data-end=\"163\" class=\"translation-block\"><strong>Dise\u00f1o apilable<\/strong> para almacenamiento estable en varios niveles<\/p>\n<\/li>\n<li data-start=\"164\" data-end=\"215\">\n<p data-start=\"166\" data-end=\"215\" class=\"translation-block\"><strong>Estructura plegable con 4 bisagras<\/strong> que ahorra hasta un 80 % de espacio en retornos<\/p>\n<\/li>\n<li data-start=\"216\" data-end=\"264\">\n<p data-start=\"218\" data-end=\"264\" class=\"translation-block\">Fabricados en <strong>HDPE\/PP<\/strong>, resistentes al aceite, humedad, corrosi\u00f3n, polvo e impactos<\/p>\n<\/li>\n<li data-start=\"265\" data-end=\"317\">\n<p data-start=\"267\" data-end=\"317\" class=\"translation-block\">Compatibles con palets <strong>Euro, US<\/strong>, <strong>Asia<\/strong> y <strong>Australianos<\/strong><\/p>\n<\/li>\n<li data-start=\"318\" data-end=\"377\">\n<p data-start=\"320\" data-end=\"377\" class=\"translation-block\">Soportan hasta <strong>1800 kg de carga est\u00e1tica<\/strong> y <strong>600 kg de carga din\u00e1mica<\/strong><\/p>\n<\/li>\n<li data-start=\"318\" data-end=\"377\" class=\"translation-block\">Dise\u00f1o reforzado de bisagras y paneles para <strong>30 000+ ciclos de plegado<\/strong>\n<strong>Bisagras suaves<\/strong> para montaje y plegado sencillos<\/li>\n<li data-start=\"378\" data-end=\"422\">\n<p data-start=\"380\" data-end=\"422\" class=\"translation-block\"><strong>Bisagras suaves<\/strong> para montaje y plegado sencillos<\/p>\n<\/li>\n<li data-start=\"467\" data-end=\"524\">\n<p data-start=\"469\" data-end=\"524\" class=\"translation-block\">Compatibles con <strong>sistemas automatizados<\/strong>, <strong>montacargas<\/strong> y <strong>AGV<\/strong> <strong>cuando se combinan con palets adecuados<\/strong><\/p>\n<\/li>\n<\/ul>\n<p>Especificaciones disponibles para collares de pl\u00e1stico para palets:<\/p>\n<table class=\"w-fit min-w-(--thread-content-width)\" data-start=\"199\" data-end=\"1553\">\n<thead data-start=\"199\" data-end=\"357\">\n<tr data-start=\"199\" data-end=\"357\">\n<th data-start=\"199\" data-end=\"207\" data-col-size=\"sm\">Modelo<\/th>\n<th data-start=\"207\" data-end=\"234\" data-col-size=\"sm\">Dimensiones externas (mm)<\/th>\n<th data-start=\"234\" data-end=\"261\" data-col-size=\"sm\">Dimensiones internas (mm)<\/th>\n<th data-start=\"261\" data-end=\"275\" data-col-size=\"sm\">Carga Est\u00e1tica<\/th>\n<th data-start=\"275\" data-end=\"290\" data-col-size=\"sm\">Carga Din\u00e1mica<\/th>\n<th data-start=\"290\" data-end=\"308\" data-col-size=\"sm\">Altura de apilado<\/th>\n<th data-start=\"308\" data-end=\"325\" data-col-size=\"sm\">Ciclos de plegado<\/th>\n<th data-start=\"325\" data-end=\"334\" data-col-size=\"sm\">Peso<\/th>\n<th data-start=\"334\" data-end=\"357\" data-col-size=\"sm\"><strong data-start=\"336\" data-end=\"355\">Pal\u00e9 a juego<\/strong><\/th>\n<\/tr>\n<\/thead>\n<tbody data-start=\"525\" data-end=\"1553\">\n<tr data-start=\"525\" data-end=\"675\">\n<td data-start=\"525\" data-end=\"534\" data-col-size=\"sm\">1212H1<\/td>\n<td data-col-size=\"sm\" data-start=\"534\" data-end=\"554\">1200 \u00d7 1200 \u00d7 200<\/td>\n<td data-col-size=\"sm\" data-start=\"554\" data-end=\"574\">1150 \u00d7 1150 \u00d7 200<\/td>\n<td data-col-size=\"sm\" data-start=\"574\" data-end=\"584\">1800 kg<\/td>\n<td data-col-size=\"sm\" data-start=\"584\" data-end=\"593\">600 kg<\/td>\n<td data-col-size=\"sm\" data-start=\"593\" data-end=\"605\">11 capas<\/td>\n<td data-col-size=\"sm\" data-start=\"605\" data-end=\"621\">30 000 ciclos<\/td>\n<td data-col-size=\"sm\" data-start=\"621\" data-end=\"630\">7.0 kg<\/td>\n<td data-col-size=\"sm\" data-start=\"630\" data-end=\"675\"><strong data-start=\"633\" data-end=\"653\">Paleta de 1200x1200<\/strong><\/td>\n<\/tr>\n<tr data-start=\"676\" data-end=\"825\">\n<td data-start=\"676\" data-end=\"685\" data-col-size=\"sm\">1210H1<\/td>\n<td data-col-size=\"sm\" data-start=\"685\" data-end=\"705\">1200 \u00d7 1000 \u00d7 200<\/td>\n<td data-col-size=\"sm\" data-start=\"705\" data-end=\"724\">1150 \u00d7 950 \u00d7 200<\/td>\n<td data-col-size=\"sm\" data-start=\"724\" data-end=\"734\">1800 kg<\/td>\n<td data-col-size=\"sm\" data-start=\"734\" data-end=\"743\">600 kg<\/td>\n<td data-col-size=\"sm\" data-start=\"743\" data-end=\"755\">11 capas<\/td>\n<td data-col-size=\"sm\" data-start=\"755\" data-end=\"771\">30 000 ciclos<\/td>\n<td data-col-size=\"sm\" data-start=\"771\" data-end=\"780\">6.6 kg<\/td>\n<td data-col-size=\"sm\" data-start=\"780\" data-end=\"825\"><a href=\"https:\/\/cnplasticpallets.com\/es\/product\/plastic-pallets\/3-skids-plastic-pallet\/grid-reusable-rackable\/\"><strong data-start=\"783\" data-end=\"803\">Paleta de rejilla de 1200\u00d71000<\/strong><\/a><\/td>\n<\/tr>\n<tr data-start=\"826\" data-end=\"972\">\n<td data-start=\"826\" data-end=\"835\" data-col-size=\"sm\">1208H1<\/td>\n<td data-col-size=\"sm\" data-start=\"835\" data-end=\"854\">1200 \u00d7 800 \u00d7 200<\/td>\n<td data-col-size=\"sm\" data-start=\"854\" data-end=\"873\">1150 \u00d7 750 \u00d7 200<\/td>\n<td data-col-size=\"sm\" data-start=\"873\" data-end=\"883\">1800 kg<\/td>\n<td data-col-size=\"sm\" data-start=\"883\" data-end=\"892\">600 kg<\/td>\n<td data-col-size=\"sm\" data-start=\"892\" data-end=\"904\">11 capas<\/td>\n<td data-col-size=\"sm\" data-start=\"904\" data-end=\"920\">30 000 ciclos<\/td>\n<td data-col-size=\"sm\" data-start=\"920\" data-end=\"929\">6,1 kg<\/td>\n<td data-col-size=\"sm\" data-start=\"929\" data-end=\"972\"><a class=\"decorated-link\" href=\"https:\/\/cnplasticpallets.com\/es\/product\/plastic-pallets\/rackable-plastic-pallet\/1200-x-800-plastic-euro-pallets\/\" rel=\"noopener\" data-start=\"931\" data-end=\"970\"><strong data-start=\"932\" data-end=\"951\">1200\u00d7800 Paleta maciza<\/strong><\/a><\/td>\n<\/tr>\n<tr data-start=\"973\" data-end=\"1121\">\n<td data-start=\"973\" data-end=\"982\" data-col-size=\"sm\">1010H1<\/td>\n<td data-col-size=\"sm\" data-start=\"982\" data-end=\"1002\">1000 \u00d7 1000 \u00d7 200<\/td>\n<td data-col-size=\"sm\" data-start=\"1002\" data-end=\"1020\">950 \u00d7 950 \u00d7 200<\/td>\n<td data-col-size=\"sm\" data-start=\"1020\" data-end=\"1030\">1800 kg<\/td>\n<td data-col-size=\"sm\" data-start=\"1030\" data-end=\"1039\">600 kg<\/td>\n<td data-col-size=\"sm\" data-start=\"1039\" data-end=\"1051\">11 capas<\/td>\n<td data-col-size=\"sm\" data-start=\"1051\" data-end=\"1067\">30 000 ciclos<\/td>\n<td data-col-size=\"sm\" data-start=\"1067\" data-end=\"1076\">6,1 kg<\/td>\n<td data-col-size=\"sm\" data-start=\"1076\" data-end=\"1121\"><strong data-start=\"1079\" data-end=\"1099\">1000\u00d71000 Pal\u00e9<\/strong><\/td>\n<\/tr>\n<tr data-start=\"1122\" data-end=\"1267\">\n<td data-start=\"1122\" data-end=\"1131\" data-col-size=\"sm\">1008H1<\/td>\n<td data-col-size=\"sm\" data-start=\"1131\" data-end=\"1150\">1000 \u00d7 800 \u00d7 200<\/td>\n<td data-col-size=\"sm\" data-start=\"1150\" data-end=\"1168\">950 \u00d7 750 \u00d7 200<\/td>\n<td data-col-size=\"sm\" data-start=\"1168\" data-end=\"1178\">1800 kg<\/td>\n<td data-col-size=\"sm\" data-start=\"1178\" data-end=\"1187\">600 kg<\/td>\n<td data-col-size=\"sm\" data-start=\"1187\" data-end=\"1199\">11 capas<\/td>\n<td data-col-size=\"sm\" data-start=\"1199\" data-end=\"1215\">30 000 ciclos<\/td>\n<td data-col-size=\"sm\" data-start=\"1215\" data-end=\"1224\">5,7 kg<\/td>\n<td data-col-size=\"sm\" data-start=\"1224\" data-end=\"1267\"><strong data-start=\"1227\" data-end=\"1246\">1000\u00d7800 Paleta<\/strong><\/td>\n<\/tr>\n<tr data-start=\"1268\" data-end=\"1410\">\n<td data-start=\"1268\" data-end=\"1277\" data-col-size=\"sm\">0808H1<\/td>\n<td data-col-size=\"sm\" data-start=\"1277\" data-end=\"1295\">800 \u00d7 800 \u00d7 200<\/td>\n<td data-col-size=\"sm\" data-start=\"1295\" data-end=\"1313\">750 \u00d7 750 \u00d7 200<\/td>\n<td data-col-size=\"sm\" data-start=\"1313\" data-end=\"1323\">1800 kg<\/td>\n<td data-col-size=\"sm\" data-start=\"1323\" data-end=\"1332\">600 kg<\/td>\n<td data-col-size=\"sm\" data-start=\"1332\" data-end=\"1344\">11 capas<\/td>\n<td data-col-size=\"sm\" data-start=\"1344\" data-end=\"1360\">30 000 ciclos<\/td>\n<td data-col-size=\"sm\" data-start=\"1360\" data-end=\"1369\">5,2 kg<\/td>\n<td data-col-size=\"sm\" data-start=\"1369\" data-end=\"1410\"><strong data-start=\"1372\" data-end=\"1390\">Paleta de 800\u00d7800<\/strong><\/td>\n<\/tr>\n<tr data-start=\"1411\" data-end=\"1553\">\n<td data-start=\"1411\" data-end=\"1420\" data-col-size=\"sm\">0806H1<\/td>\n<td data-col-size=\"sm\" data-start=\"1420\" data-end=\"1438\">800 \u00d7 600 \u00d7 200<\/td>\n<td data-col-size=\"sm\" data-start=\"1438\" data-end=\"1456\">750 \u00d7 550 \u00d7 200<\/td>\n<td data-col-size=\"sm\" data-start=\"1456\" data-end=\"1466\">1800 kg<\/td>\n<td data-col-size=\"sm\" data-start=\"1466\" data-end=\"1475\">600 kg<\/td>\n<td data-col-size=\"sm\" data-start=\"1475\" data-end=\"1487\">11 capas<\/td>\n<td data-col-size=\"sm\" data-start=\"1487\" data-end=\"1503\">30 000 ciclos<\/td>\n<td data-col-size=\"sm\" data-start=\"1503\" data-end=\"1512\">4,7 kg<\/td>\n<td data-col-size=\"sm\" data-start=\"1512\" data-end=\"1553\"><strong data-start=\"1515\" data-end=\"1533\">Paleta de 800x600<\/strong><\/td>\n<\/tr>\n<\/tbody>\n<\/table>\n<h2 data-start=\"152\" data-end=\"205\"><strong data-start=\"155\" data-end=\"203\">Personalizaci\u00f3n total para adaptarse a sus necesidades<\/strong><\/h2>\n<p data-start=\"207\" data-end=\"500\">Los collares est\u00e1ndar a menudo no encajan en sus palets, no protegen la mercanc\u00eda o no optimizan el espacio. Ofrecemos personalizaci\u00f3n total adaptada a su flujo de trabajo, tama\u00f1o de producto y necesidades de manipulaci\u00f3n:<\/p>\n<ul>\n<li data-start=\"535\" data-end=\"783\">\n<p data-start=\"537\" data-end=\"783\" class=\"translation-block\"><strong data-start=\"537\" data-end=\"576\">Dimensiones adaptadas a sus palets<\/strong> \u2013 Evite espacios desaprovechados y apilado inestable ajustando largo, ancho y altura exactamente a sus palets Euro, US, Australianos o no est\u00e1ndar. Garantiza densidad \u00f3ptima de carga y manipulaci\u00f3n m\u00e1s segura.<\/p>\n<\/li>\n<li data-start=\"785\" data-end=\"1048\">\n<p data-start=\"787\" data-end=\"1048\" class=\"translation-block\"><strong data-start=\"787\" data-end=\"840\">Selecci\u00f3n de material (HDPE, PP, virgen o reciclado)<\/strong> \u2013 Elija el mejor equilibrio entre durabilidad, peso y sostenibilidad. El HDPE virgen ofrece m\u00e1xima resistencia a impactos, mientras que el PP reciclado reduce costes y huella ambiental.<\/p>\n<\/li>\n<li data-start=\"1050\" data-end=\"1213\">\n<p data-start=\"1052\" data-end=\"1213\" class=\"translation-block\"><strong data-start=\"1052\" data-end=\"1086\">Colores personalizados de la paleta RAL<\/strong> \u2013 Utilice codificaci\u00f3n por colores para identificar m\u00e1s r\u00e1pido en almac\u00e9n o alinear la imagen de marca en toda la cadena de suministro.<\/p>\n<\/li>\n<li data-start=\"1215\" data-end=\"1409\">\n<p data-start=\"1217\" data-end=\"1409\" class=\"translation-block\"><strong data-start=\"1217\" data-end=\"1247\">Impresi\u00f3n y etiquetado de logotipos<\/strong> \u2013 A\u00f1ada logotipos, c\u00f3digos de lote o instrucciones de manipulaci\u00f3n directamente en los paneles para reducir tiempos de etiquetado y mejorar visibilidad de marca en tr\u00e1nsito.<\/p>\n<\/li>\n<li data-start=\"1411\" data-end=\"1597\">\n<p data-start=\"1413\" data-end=\"1597\" class=\"translation-block\"><strong data-start=\"1413\" data-end=\"1436\">Accesorios especiales<\/strong> \u2013 A\u00f1ada esquinas de apilado para mayor estabilidad, divisores para env\u00edos multi-SKU, forros de espuma para art\u00edculos fr\u00e1giles y tapas con bisagra o s\u00f3lidas para protecci\u00f3n extra.<\/p>\n<\/li>\n<li data-start=\"1599\" data-end=\"1806\">\n<p data-start=\"1601\" data-end=\"1806\" class=\"translation-block\"><strong data-start=\"1601\" data-end=\"1637\">Dise\u00f1os de pared ventilada o s\u00f3lida<\/strong> \u2013 Elija paredes perforadas para ventilaci\u00f3n (ideal para productos frescos) o s\u00f3lidas para m\u00e1xima protecci\u00f3n contra polvo, aceite y humedad en sectores como automoci\u00f3n o electr\u00f3nica.<\/p>\n<\/li>\n<li data-start=\"1808\" data-end=\"1995\">\n<p data-start=\"1810\" data-end=\"1995\" class=\"translation-block\"><strong data-start=\"1810\" data-end=\"1843\">Configuraci\u00f3n de altura de apilado<\/strong> \u2013 Configure collares para apilado de una o varias alturas hasta 11 niveles, con bisagras reforzadas para apilado seguro en transporte y almacenamiento.<\/p>\n<\/li>\n<li data-start=\"1997\" data-end=\"2204\">\n<p data-start=\"1999\" data-end=\"2204\" class=\"translation-block\"><strong data-start=\"1999\" data-end=\"2031\">Compatibilidad con entrada de montacargas<\/strong> \u2013 Asegure que los collares funcionen perfectamente con sistemas de entrada a dos o cuatro v\u00edas, incluidos AGV, ajustando a la base de sus palets existentes.<\/p>\n<\/li>\n<li data-start=\"2206\" data-end=\"2394\">\n<p data-start=\"2208\" data-end=\"2394\" class=\"translation-block\"><strong data-start=\"2208\" data-end=\"2233\">Mayor vida \u00fatil de plegado<\/strong> \u2013 Especifique bisagras y paneles reforzados para un uso de alta frecuencia, alcanzando m\u00e1s de 30 000 ciclos y reduciendo costes de sustituci\u00f3n.<\/p>\n<\/li>\n<li data-start=\"2396\" data-end=\"2578\">\n<p data-start=\"2398\" data-end=\"2578\" class=\"translation-block\"><strong>Tratamientos especiales qu\u00edmicos o de grado alimentario<\/strong> \u2013 Proveemos recubrimiento antiest\u00e1tico para electr\u00f3nica o estabilizadores UV para evitar decoloraci\u00f3n y fragilidad en uso exterior. Los recubrimientos alimentarios cumplen HACCP y FDA para manipulaci\u00f3n higi\u00e9nica.<\/p>\n<\/li>\n<\/ul>\n<h2 data-start=\"61\" data-end=\"106\"><strong data-start=\"64\" data-end=\"104\">Fortaleza de fabricaci\u00f3n en la que puede confiar<\/strong><\/h2>\n<p data-start=\"137\" data-end=\"381\" class=\"translation-block\">Con <strong data-start=\"142\" data-end=\"208\">casi 25 a\u00f1os fabricando collares de pl\u00e1stico para palets personalizados<\/strong>, operamos una <strong data-start=\"223\" data-end=\"245\">instalaci\u00f3n de 75 000 m\u00b2<\/strong> dedicada a este producto. Nuestra capacidad permite <strong data-start=\"291\" data-end=\"333\">producci\u00f3n a medida de gran volumen<\/strong> con plazos cortos y calidad constante.<\/p>\n<p data-start=\"383\" data-end=\"708\" class=\"translation-block\">Contamos con <strong data-start=\"390\" data-end=\"427\">m\u00e1s de 70 moldes de inyecci\u00f3n de precisi\u00f3n<\/strong> para paneles y accesorios de collares, respaldados por <strong data-start=\"483\" data-end=\"512\">l\u00edneas de moldeo de alta producci\u00f3n<\/strong> y <strong data-start=\"517\" data-end=\"540\">procesado CNC de moldes<\/strong>. Este sistema garantiza <strong data-start=\"561\" data-end=\"600\">dimensiones, estructura y acabado exactos<\/strong> en cada pedido personalizado, mientras que el <strong data-start=\"631\" data-end=\"659\">ensamblaje automatizado de bisagras<\/strong> ofrece plegado suave y larga vida \u00fatil.<\/p>\n<p data-start=\"710\" data-end=\"986\" class=\"translation-block\">Nuestros <strong data-start=\"714\" data-end=\"739\">collares de palets personalizados<\/strong> se exportan a <strong data-start=\"756\" data-end=\"821\">Sudeste Asi\u00e1tico, Sudam\u00e9rica, Australia y Oriente Medio<\/strong>, cumpliendo diversos est\u00e1ndares de mercado. Respaldados por una <strong data-start=\"868\" data-end=\"887\">garant\u00eda de 3 a\u00f1os<\/strong> y un <strong data-start=\"892\" data-end=\"914\">estricto control de calidad interno<\/strong>, ofrecemos soluciones a medida con rendimiento fiable y consistente.<\/p>","protected":false},"excerpt":{"rendered":"<p class=\"translation-block\">\u00bfFrustrado con <strong data-start=\"73\" data-end=\"113\">collares de palets de madera que se enmohecen f\u00e1cilmente<\/strong> o con la falta de medidas especiales en el mercado? Nuestros <strong>collares de pl\u00e1stico para palets apilables y plegables<\/strong> resuelven ambos problemas, ofreciendo m\u00e1s de <strong>10 opciones de personalizaci\u00f3n<\/strong> para <strong>tama\u00f1o, color, logotipo, accesorios, estructura<\/strong>, entre otros. Con un <strong data-start=\"476\" data-end=\"503\">pedido m\u00ednimo de solo 300 unidades<\/strong>, se ajustan exactamente a sus necesidades, ahorran hasta un 80 % de espacio en retornos y mejoran la eficiencia del almac\u00e9n. <strong data-start=\"593\" data-end=\"677\">Sin intermediarios: directamente de nuestra f\u00e1brica con producci\u00f3n y procesamiento 100 % personalizados.<\/strong><\/p>","protected":false},"featured_media":12835,"comment_status":"open","ping_status":"closed","template":"","meta":{"_seopress_robots_primary_cat":"none","_seopress_titles_title":"Customized Stackable Foldable Plastic Pallet Collar","_seopress_titles_desc":"Custom plastic pallet collar from leading pallet collar manufacturers. Foldable, stackable, low MOQ 300 pcs, tailored for size, color, and accessories.","_seopress_robots_index":"","_angie_page":false},"product_brand":[],"product_cat":[83,279,84],"product_tag":[],"class_list":{"0":"post-12907","1":"product","2":"type-product","3":"status-publish","4":"has-post-thumbnail","6":"product_cat-all-product","7":"product_cat-plastic-pallet-collar","8":"product_cat-plastic-pallets","10":"first","11":"instock","12":"shipping-taxable","13":"product-type-simple"},"_links":{"self":[{"href":"https:\/\/cnplasticpallets.com\/es\/wp-json\/wp\/v2\/product\/12907","targetHints":{"allow":["GET"]}}],"collection":[{"href":"https:\/\/cnplasticpallets.com\/es\/wp-json\/wp\/v2\/product"}],"about":[{"href":"https:\/\/cnplasticpallets.com\/es\/wp-json\/wp\/v2\/types\/product"}],"replies":[{"embeddable":true,"href":"https:\/\/cnplasticpallets.com\/es\/wp-json\/wp\/v2\/comments?post=12907"}],"wp:featuredmedia":[{"embeddable":true,"href":"https:\/\/cnplasticpallets.com\/es\/wp-json\/wp\/v2\/media\/12835"}],"wp:attachment":[{"href":"https:\/\/cnplasticpallets.com\/es\/wp-json\/wp\/v2\/media?parent=12907"}],"wp:term":[{"taxonomy":"product_brand","embeddable":true,"href":"https:\/\/cnplasticpallets.com\/es\/wp-json\/wp\/v2\/product_brand?post=12907"},{"taxonomy":"product_cat","embeddable":true,"href":"https:\/\/cnplasticpallets.com\/es\/wp-json\/wp\/v2\/product_cat?post=12907"},{"taxonomy":"product_tag","embeddable":true,"href":"https:\/\/cnplasticpallets.com\/es\/wp-json\/wp\/v2\/product_tag?post=12907"}],"curies":[{"name":"wp","href":"https:\/\/api.w.org\/{rel}","templated":true}]}}