{"id":12828,"date":"2025-08-11T13:42:22","date_gmt":"2025-08-11T05:42:22","guid":{"rendered":"https:\/\/cnplasticpallets.com\/?post_type=product&#038;p=12828"},"modified":"2025-10-16T10:20:29","modified_gmt":"2025-10-16T02:20:29","slug":"4-hinge-collapsible","status":"publish","type":"product","link":"https:\/\/cnplasticpallets.com\/es\/product\/plastic-pallets\/plastic-pallet-collar\/4-hinge-collapsible\/","title":{"rendered":"Collar de pl\u00e1stico para palet con 4 bisagras"},"content":{"rendered":"<div style=\"overflow-wrap: anywhere; word-break: break-word; white-space: normal; overflow: hidden;\">\n<p class=\"translation-block\">Al elegir nuestro <strong>collar de pl\u00e1stico para palet de pliegue \u00fanico con 4 bisagras<\/strong>, obtiene una soluci\u00f3n que se adapta a los palets m\u00e1s comunes del mercado, incluidos <strong>palets de 1200 \u00d7 1000 mm con 9 patas o 3 patines<\/strong> tanto en pl\u00e1stico como en madera. Como <strong>fabricantes de collares para palets<\/strong> de confianza, tambi\u00e9n podemos personalizar medidas especiales para ajustarnos a su flujo de trabajo.<\/p>\n<p class=\"translation-block\">Nuestro <strong>collar de pl\u00e1stico para palet<\/strong> est\u00e1 fabricado con paneles de HDPE o PP de alto impacto que no se doblan ni deforman bajo carga. <strong>Bisagras y soportes de acero galvanizado para collares de palet<\/strong>, junto con esquinas reforzadas, lo fijan firmemente a la base del palet, manteniendo la estabilidad sin importar cu\u00e1ntas veces se manipule.<\/p>\n<p class=\"translation-block\">Puede apilarlo <strong>hasta 11 capas<\/strong>, maximizando el almacenamiento sin sacrificar estabilidad. Probado para <strong>30 000 ciclos de plegado<\/strong>, est\u00e1 dise\u00f1ado para un uso prolongado en operaciones de alta rotaci\u00f3n.<\/p>\n<p class=\"translation-block\">El <strong>dise\u00f1o modular<\/strong> permite reemplazar solo el panel da\u00f1ado en lugar de todo el collar, reduciendo los costes de mantenimiento. Ofrecemos <strong>HDPE \/ PP 100 % virgen<\/strong> para m\u00e1xima resistencia o <strong>HDPE \/ PP reciclado<\/strong> para un rendimiento sostenible y rentable.<\/p>\n<p class=\"translation-block\">Notar\u00e1 que las <strong>superficies internas lisas<\/strong> protegen productos delicados contra rayaduras, y la <strong>rejilla de panel moldeada con precisi\u00f3n<\/strong> mantiene los collares estables incluso con apilado pesado. Con el <strong>dise\u00f1o de pliegue \u00fanico<\/strong>, el montaje se realiza en segundos y el almacenamiento sigue siendo compacto cuando no se utiliza.<\/p>\n<\/div>\n<p><strong>Especificaci\u00f3n del Producto<\/strong><\/p>\n<div class=\"_tableContainer_1rjym_1\">\n<div class=\"group _tableWrapper_1rjym_13 flex w-fit flex-col-reverse\" tabindex=\"-1\">\n<table class=\"w-fit min-w-(--thread-content-width)\" data-start=\"212\" data-end=\"1566\">\n<thead data-start=\"212\" data-end=\"370\">\n<tr data-start=\"212\" data-end=\"370\">\n<th data-start=\"212\" data-end=\"220\" data-col-size=\"sm\">Modelo<\/th>\n<th data-start=\"220\" data-end=\"247\" data-col-size=\"sm\">Dimensiones externas (mm)<\/th>\n<th data-start=\"247\" data-end=\"274\" data-col-size=\"sm\">Dimensiones internas (mm)<\/th>\n<th data-start=\"274\" data-end=\"288\" data-col-size=\"sm\">Carga Est\u00e1tica<\/th>\n<th data-start=\"288\" data-end=\"303\" data-col-size=\"sm\">Carga Din\u00e1mica<\/th>\n<th data-start=\"303\" data-end=\"321\" data-col-size=\"sm\">Altura de apilado<\/th>\n<th data-start=\"321\" data-end=\"338\" data-col-size=\"sm\">Ciclos de plegado<\/th>\n<th data-start=\"338\" data-end=\"347\" data-col-size=\"sm\">Peso<\/th>\n<th data-start=\"347\" data-end=\"370\" data-col-size=\"sm\"><strong data-start=\"349\" data-end=\"368\">Pal\u00e9 a juego<\/strong><\/th>\n<\/tr>\n<\/thead>\n<tbody data-start=\"538\" data-end=\"1566\">\n<tr data-start=\"538\" data-end=\"688\">\n<td data-start=\"538\" data-end=\"547\" data-col-size=\"sm\">1212H1<\/td>\n<td data-col-size=\"sm\" data-start=\"547\" data-end=\"567\">1200 \u00d7 1200 \u00d7 200<\/td>\n<td data-col-size=\"sm\" data-start=\"567\" data-end=\"587\">1150 \u00d7 1150 \u00d7 200<\/td>\n<td data-col-size=\"sm\" data-start=\"587\" data-end=\"597\">1800 kg<\/td>\n<td data-col-size=\"sm\" data-start=\"597\" data-end=\"606\">600 kg<\/td>\n<td data-col-size=\"sm\" data-start=\"606\" data-end=\"618\">11 capas<\/td>\n<td data-col-size=\"sm\" data-start=\"618\" data-end=\"634\">30 000 ciclos<\/td>\n<td data-col-size=\"sm\" data-start=\"634\" data-end=\"643\">7.0 kg<\/td>\n<td data-col-size=\"sm\" data-start=\"643\" data-end=\"688\"><strong data-start=\"646\" data-end=\"666\">Paleta de 1200x1200<\/strong><\/td>\n<\/tr>\n<tr data-start=\"689\" data-end=\"838\">\n<td data-start=\"689\" data-end=\"698\" data-col-size=\"sm\">1210H1<\/td>\n<td data-col-size=\"sm\" data-start=\"698\" data-end=\"718\">1200 \u00d7 1000 \u00d7 200<\/td>\n<td data-col-size=\"sm\" data-start=\"718\" data-end=\"737\">1150 \u00d7 950 \u00d7 200<\/td>\n<td data-col-size=\"sm\" data-start=\"737\" data-end=\"747\">1800 kg<\/td>\n<td data-col-size=\"sm\" data-start=\"747\" data-end=\"756\">600 kg<\/td>\n<td data-col-size=\"sm\" data-start=\"756\" data-end=\"768\">11 capas<\/td>\n<td data-col-size=\"sm\" data-start=\"768\" data-end=\"784\">30 000 ciclos<\/td>\n<td data-col-size=\"sm\" data-start=\"784\" data-end=\"793\">6.6 kg<\/td>\n<td data-col-size=\"sm\" data-start=\"793\" data-end=\"838\"><a class=\"decorated-link\" href=\"https:\/\/cnplasticpallets.com\/es\/product\/plastic-pallets\/hygienic-plastic-pallet\/9-legs-flat-hygienic-export\/\" rel=\"noopener\" data-start=\"795\" data-end=\"836\"><strong data-start=\"796\" data-end=\"816\">1200\u00d71000 9 Patas Paleta<\/strong><\/a><\/td>\n<\/tr>\n<tr data-start=\"839\" data-end=\"985\">\n<td data-start=\"839\" data-end=\"848\" data-col-size=\"sm\">1208H1<\/td>\n<td data-col-size=\"sm\" data-start=\"848\" data-end=\"867\">1200 \u00d7 800 \u00d7 200<\/td>\n<td data-col-size=\"sm\" data-start=\"867\" data-end=\"886\">1150 \u00d7 750 \u00d7 200<\/td>\n<td data-col-size=\"sm\" data-start=\"886\" data-end=\"896\">1800 kg<\/td>\n<td data-col-size=\"sm\" data-start=\"896\" data-end=\"905\">600 kg<\/td>\n<td data-col-size=\"sm\" data-start=\"905\" data-end=\"917\">11 capas<\/td>\n<td data-col-size=\"sm\" data-start=\"917\" data-end=\"933\">30 000 ciclos<\/td>\n<td data-col-size=\"sm\" data-start=\"933\" data-end=\"942\">6,1 kg<\/td>\n<td data-col-size=\"sm\" data-start=\"942\" data-end=\"985\"><a class=\"decorated-link\" href=\"https:\/\/cnplasticpallets.com\/es\/product\/plastic-pallets\/rackable-plastic-pallet\/1200-x-800-plastic-euro-pallets\/\" rel=\"noopener\" data-start=\"944\" data-end=\"983\"><strong data-start=\"945\" data-end=\"964\">Paleta de 3 barras 1200\u00d7800<\/strong><\/a><\/td>\n<\/tr>\n<tr data-start=\"986\" data-end=\"1134\">\n<td data-start=\"986\" data-end=\"995\" data-col-size=\"sm\">1010H1<\/td>\n<td data-col-size=\"sm\" data-start=\"995\" data-end=\"1015\">1000 \u00d7 1000 \u00d7 200<\/td>\n<td data-col-size=\"sm\" data-start=\"1015\" data-end=\"1033\">950 \u00d7 950 \u00d7 200<\/td>\n<td data-col-size=\"sm\" data-start=\"1033\" data-end=\"1043\">1800 kg<\/td>\n<td data-col-size=\"sm\" data-start=\"1043\" data-end=\"1052\">600 kg<\/td>\n<td data-col-size=\"sm\" data-start=\"1052\" data-end=\"1064\">11 capas<\/td>\n<td data-col-size=\"sm\" data-start=\"1064\" data-end=\"1080\">30 000 ciclos<\/td>\n<td data-col-size=\"sm\" data-start=\"1080\" data-end=\"1089\">6,1 kg<\/td>\n<td data-col-size=\"sm\" data-start=\"1089\" data-end=\"1134\"><a class=\"decorated-link\" href=\"https:\/\/cnplasticpallets.com\/es\/product\/plastic-pallets\/heavy-duty-plastic-pallet\/3-runners-hygienic-hdpe\/\" rel=\"noopener\" data-start=\"1091\" data-end=\"1132\"><strong data-start=\"1092\" data-end=\"1112\">1000x1000 3 Runners Paleta<\/strong><\/a><\/td>\n<\/tr>\n<tr data-start=\"1135\" data-end=\"1280\">\n<td data-start=\"1135\" data-end=\"1144\" data-col-size=\"sm\">1008H1<\/td>\n<td data-col-size=\"sm\" data-start=\"1144\" data-end=\"1163\">1000 \u00d7 800 \u00d7 200<\/td>\n<td data-col-size=\"sm\" data-start=\"1163\" data-end=\"1181\">950 \u00d7 750 \u00d7 200<\/td>\n<td data-col-size=\"sm\" data-start=\"1181\" data-end=\"1191\">1800 kg<\/td>\n<td data-col-size=\"sm\" data-start=\"1191\" data-end=\"1200\">600 kg<\/td>\n<td data-col-size=\"sm\" data-start=\"1200\" data-end=\"1212\">11 capas<\/td>\n<td data-col-size=\"sm\" data-start=\"1212\" data-end=\"1228\">30 000 ciclos<\/td>\n<td data-col-size=\"sm\" data-start=\"1228\" data-end=\"1237\">5,7 kg<\/td>\n<td data-col-size=\"sm\" data-start=\"1237\" data-end=\"1280\"><strong data-start=\"1240\" data-end=\"1259\">1000\u00d7800 Paleta<\/strong><\/td>\n<\/tr>\n<tr data-start=\"1281\" data-end=\"1423\">\n<td data-start=\"1281\" data-end=\"1290\" data-col-size=\"sm\">0808H1<\/td>\n<td data-col-size=\"sm\" data-start=\"1290\" data-end=\"1308\">800 \u00d7 800 \u00d7 200<\/td>\n<td data-col-size=\"sm\" data-start=\"1308\" data-end=\"1326\">750 \u00d7 750 \u00d7 200<\/td>\n<td data-col-size=\"sm\" data-start=\"1326\" data-end=\"1336\">1800 kg<\/td>\n<td data-col-size=\"sm\" data-start=\"1336\" data-end=\"1345\">600 kg<\/td>\n<td data-col-size=\"sm\" data-start=\"1345\" data-end=\"1357\">11 capas<\/td>\n<td data-col-size=\"sm\" data-start=\"1357\" data-end=\"1373\">30 000 ciclos<\/td>\n<td data-col-size=\"sm\" data-start=\"1373\" data-end=\"1382\">5,2 kg<\/td>\n<td data-col-size=\"sm\" data-start=\"1382\" data-end=\"1423\"><strong data-start=\"1385\" data-end=\"1403\">Paleta de 800\u00d7800<\/strong><\/td>\n<\/tr>\n<tr data-start=\"1424\" data-end=\"1566\">\n<td data-start=\"1424\" data-end=\"1433\" data-col-size=\"sm\">0806H1<\/td>\n<td data-col-size=\"sm\" data-start=\"1433\" data-end=\"1451\">800 \u00d7 600 \u00d7 200<\/td>\n<td data-col-size=\"sm\" data-start=\"1451\" data-end=\"1469\">750 \u00d7 550 \u00d7 200<\/td>\n<td data-col-size=\"sm\" data-start=\"1469\" data-end=\"1479\">1800 kg<\/td>\n<td data-col-size=\"sm\" data-start=\"1479\" data-end=\"1488\">600 kg<\/td>\n<td data-col-size=\"sm\" data-start=\"1488\" data-end=\"1500\">11 capas<\/td>\n<td data-col-size=\"sm\" data-start=\"1500\" data-end=\"1516\">30 000 ciclos<\/td>\n<td data-col-size=\"sm\" data-start=\"1516\" data-end=\"1525\">4,7 kg<\/td>\n<td data-col-size=\"sm\" data-start=\"1525\" data-end=\"1566\"><strong data-start=\"1528\" data-end=\"1546\">Paleta de 800x600<\/strong><\/td>\n<\/tr>\n<\/tbody>\n<\/table>\n<\/div>\n<\/div>\n<p>&nbsp;<\/p>","protected":false},"excerpt":{"rendered":"<p class=\"translation-block\"><strong data-start=\"62\" data-end=\"103\">Dise\u00f1amos collares de pl\u00e1stico para palets modulares de pliegue \u00fanico<\/strong> para montaje y desmontaje r\u00e1pidos, <strong data-start=\"133\" data-end=\"172\">compatibles con palets pl\u00e1sticos de 9 patas y 3 patines<\/strong> con una altura fija de <strong data-start=\"186\" data-end=\"203\">200 mm<\/strong>. <strong data-start=\"205\" data-end=\"261\">Perfectos para camiones plataforma, contenedores y camiones tipo wing body<\/strong>, reducen el tiempo de manipulaci\u00f3n y aumentan la densidad de carga. <strong data-start=\"310\" data-end=\"373\" data-is-only-node=\"\">Ajustables en altura y m\u00e1s vers\u00e1tiles que los contenedores pl\u00e1sticos tradicionales<\/strong>, ideales para telecomunicaciones, electr\u00f3nica y autopartes. Como <strong>fabricantes de collares para palets<\/strong> con <strong>precios por volumen<\/strong> y <strong>gran stock sostenible<\/strong>, ofrecemos suministro r\u00e1pido y confiable. <strong data-start=\"521\" data-end=\"584\">Nuestros collares para palets protegen su mercanc\u00eda y optimizan cada env\u00edo.<\/strong><\/p>","protected":false},"featured_media":12844,"comment_status":"open","ping_status":"closed","template":"","meta":{"_seopress_robots_primary_cat":"none","_seopress_titles_title":"4 Hinge Plastic Pallet Collar | OEM & Wholesale Services","_seopress_titles_desc":"Durable HDPE & PP plastic pallet collars with 4 hinges & modular design fit 9-foot, 3-runner & wood pallets. For telecom, electronics, auto parts storage & transport.","_seopress_robots_index":"","_angie_page":false},"product_brand":[],"product_cat":[83,279,84],"product_tag":[],"class_list":{"0":"post-12828","1":"product","2":"type-product","3":"status-publish","4":"has-post-thumbnail","6":"product_cat-all-product","7":"product_cat-plastic-pallet-collar","8":"product_cat-plastic-pallets","10":"first","11":"instock","12":"shipping-taxable","13":"product-type-simple"},"_links":{"self":[{"href":"https:\/\/cnplasticpallets.com\/es\/wp-json\/wp\/v2\/product\/12828","targetHints":{"allow":["GET"]}}],"collection":[{"href":"https:\/\/cnplasticpallets.com\/es\/wp-json\/wp\/v2\/product"}],"about":[{"href":"https:\/\/cnplasticpallets.com\/es\/wp-json\/wp\/v2\/types\/product"}],"replies":[{"embeddable":true,"href":"https:\/\/cnplasticpallets.com\/es\/wp-json\/wp\/v2\/comments?post=12828"}],"wp:featuredmedia":[{"embeddable":true,"href":"https:\/\/cnplasticpallets.com\/es\/wp-json\/wp\/v2\/media\/12844"}],"wp:attachment":[{"href":"https:\/\/cnplasticpallets.com\/es\/wp-json\/wp\/v2\/media?parent=12828"}],"wp:term":[{"taxonomy":"product_brand","embeddable":true,"href":"https:\/\/cnplasticpallets.com\/es\/wp-json\/wp\/v2\/product_brand?post=12828"},{"taxonomy":"product_cat","embeddable":true,"href":"https:\/\/cnplasticpallets.com\/es\/wp-json\/wp\/v2\/product_cat?post=12828"},{"taxonomy":"product_tag","embeddable":true,"href":"https:\/\/cnplasticpallets.com\/es\/wp-json\/wp\/v2\/product_tag?post=12828"}],"curies":[{"name":"wp","href":"https:\/\/api.w.org\/{rel}","templated":true}]}}