{"id":12764,"date":"2025-08-07T16:25:05","date_gmt":"2025-08-07T08:25:05","guid":{"rendered":"https:\/\/cnplasticpallets.com\/?post_type=product&#038;p=12764"},"modified":"2026-04-08T08:57:51","modified_gmt":"2026-04-08T00:57:51","slug":"vented-collapsible-plastic-bulk-containers","status":"publish","type":"product","link":"https:\/\/cnplasticpallets.com\/es\/product\/plastic-pallet-box\/collapsible-plastic-pallet-boxes\/vented-collapsible-plastic-bulk-containers\/","title":{"rendered":"Contenedores a granel de pl\u00e1stico plegables Megabins ventilados de 1162 x 1162 x 780 mm"},"content":{"rendered":"<div style=\"overflow-wrap: anywhere; word-break: break-word; white-space: normal; overflow: hidden;\">\n<h2>\u00a1Mayor Fabricante y Especialista en Contenedores Pl\u00e1sticos Plegables a Granel en Australia!<\/h2>\n<div class=\"translation-block\">En Enlightening Pallet, fabricamos y suministramos <strong data-start=\"197\" data-end=\"232\">contenedores plegables para env\u00edo<\/strong> seg\u00fan el est\u00e1ndar australiano, optimizados para log\u00edstica real. <strong data-start=\"282\" data-end=\"401\">Nos especializamos en cajas pl\u00e1sticas de grado exportaci\u00f3n, ideales para uso industrial repetido en agricultura y log\u00edstica alimentaria.<\/strong><\/div>\n<div class=\"translation-block\">Este contenedor <strong data-start=\"420\" data-end=\"441\">plegable ventilado de 750\u202fL<\/strong> est\u00e1 dise\u00f1ado para transportar frutas, verduras y carnes refrigeradas en procesos log\u00edsticos de productos frescos, almacenamiento en fr\u00edo y exportaci\u00f3n. <strong data-start=\"580\" data-end=\"696\">Su altura interna de 565\u202fmm equilibra volumen con accesibilidad ergon\u00f3mica para estanter\u00edas bajas y zonas m\u00f3viles de almacenamiento.<\/strong><\/div>\n<div class=\"translation-block\">Se pliega hasta solo 299\u202fmm de alto para retorno eficiente, con una proporci\u00f3n 3:1 que reduce el coste del transporte en vac\u00edo. Aunque pesa 53\u202fkg, algo m\u00e1s que otros modelos, ofrece mayor resistencia y estabilidad en dise\u00f1os de <strong data-start=\"934\" data-end=\"960\">cajas pl\u00e1sticas plegables<\/strong>. <strong data-start=\"970\" data-end=\"1072\">Este contenedor a granel de pl\u00e1stico es ideal para operaciones log\u00edsticas con limitaciones de espacio que buscan mejorar el retorno log\u00edstico.<\/strong><\/div>\n<div class=\"translation-block\">Con entrada para montacargas y transpaleta en dos direcciones, es apto para pasillos estrechos, c\u00e1maras fr\u00edas o camiones compactos. <strong data-start=\"1196\" data-end=\"1253\">Soporta 3\u202fT est\u00e1ticas, 1\u202fT din\u00e1micas y 0.5\u202fT en estanter\u00eda<\/strong>, ideal para almacenamiento temporal o configuraciones de <strong data-start=\"1314\" data-end=\"1353\">contenedores plegables de pared recta<\/strong>.<\/div>\n<div>Las paredes internas lisas reducen las magulladuras en los productos y los paneles ventilados favorecen la circulaci\u00f3n del aire, lo que ayuda a mantener los niveles de higiene durante el transporte. Una tapa opcional a\u00f1ade protecci\u00f3n superior y un apilamiento m\u00e1s seguro para <strong>megabins de almacenamiento a granel <\/strong>en la distribuci\u00f3n de alimentos y minorista. <strong>Cada componente est\u00e1 optimizado tanto para la protecci\u00f3n como para el flujo de aire.<\/strong><\/div>\n<div>Colores disponibles: amarillo, azul, verde, rojo, negro, blanco o totalmente personalizados. Se admite impresi\u00f3n de logotipo, etiquetas de c\u00f3digo de barras y tecnolog\u00eda RFID. <strong data-start=\"1832\" data-end=\"1952\">Nuestros sistemas de Contenedores Reutilizables a Granel est\u00e1n certificados, probados y son compatibles con sistemas est\u00e1ndar de elevaci\u00f3n y estanter\u00eda.<\/strong> Todos los productos se env\u00edan con informes de calidad y documentaci\u00f3n de cumplimiento. <strong>Nuestros sistemas de contenedores a granel reutilizables est\u00e1n probados, certificados y son compatibles con los sistemas de elevaci\u00f3n y estanter\u00edas est\u00e1ndar.<\/strong> Todas las unidades se env\u00edan con informes de control de calidad y documentaci\u00f3n de cumplimiento.<\/div>\n<div><img fetchpriority=\"high\" decoding=\"async\" class=\"alignnone wp-image-12904 size-full\" src=\"https:\/\/cnplasticpallets.com\/wp-content\/uploads\/2025\/08\/Australian-Standard-Foldable-Plastic-Pallet-Bins2.jpg\" alt=\"cubos de pl\u00e1stico plegables para pal\u00e9s de norma australiana2\" width=\"800\" height=\"600\" srcset=\"https:\/\/cnplasticpallets.com\/wp-content\/uploads\/2025\/08\/Australian-Standard-Foldable-Plastic-Pallet-Bins2.jpg 800w, https:\/\/cnplasticpallets.com\/wp-content\/uploads\/2025\/08\/Australian-Standard-Foldable-Plastic-Pallet-Bins2-300x225.jpg 300w, https:\/\/cnplasticpallets.com\/wp-content\/uploads\/2025\/08\/Australian-Standard-Foldable-Plastic-Pallet-Bins2-768x576.jpg 768w, https:\/\/cnplasticpallets.com\/wp-content\/uploads\/2025\/08\/Australian-Standard-Foldable-Plastic-Pallet-Bins2-16x12.jpg 16w, https:\/\/cnplasticpallets.com\/wp-content\/uploads\/2025\/08\/Australian-Standard-Foldable-Plastic-Pallet-Bins2-600x450.jpg 600w\" sizes=\"(max-width: 800px) 100vw, 800px\" \/><\/div>\n<\/div>\n<h2 data-start=\"97\" data-end=\"132\">\u00a1Contacta a Enlightening Pallet para una Cotizaci\u00f3n R\u00e1pida!<\/h2>\n<ul data-start=\"134\" data-end=\"374\">\n<li data-start=\"134\" data-end=\"185\">\n<p data-start=\"136\" data-end=\"185\">Rellena tus datos en el formulario de consulta a continuaci\u00f3n.<\/p>\n<\/li>\n<li data-start=\"186\" data-end=\"228\">\n<p data-start=\"188\" data-end=\"228\">Te responderemos en un plazo de 24 horas.<\/p>\n<\/li>\n<li data-start=\"229\" data-end=\"295\">\n<p data-start=\"231\" data-end=\"295\">Enviaremos muestras gratuitas en 3\u20135 d\u00edas para tu evaluaci\u00f3n.<\/p>\n<\/li>\n<li data-start=\"296\" data-end=\"374\">\n<p data-start=\"298\" data-end=\"374\">\u00a1Una vez aprobada la muestra, el env\u00edo puede gestionarse en solo 15 d\u00edas!<\/p>\n<\/li>\n<\/ul>","protected":false},"excerpt":{"rendered":"<p class=\"translation-block\"><span data-slate-node=\"text\"><span class=\"\" data-slate-leaf=\"true\" data-sent-id=\"zybkgjjQEB\" data-para-id=\"0\">Este <strong>Contenedor Pl\u00e1stico Plegable Ventilado Est\u00e1ndar Australiano<\/strong> ofrece <strong>565\u202fmm de espacio interno \u00fatil<\/strong> y una altura plegada compacta de <strong>299\u202fmm<\/strong>.<\/span><\/span><span data-slate-node=\"text\"><span class=\"\" data-slate-leaf=\"true\" data-sent-id=\"e2bGrwwkRe\" data-para-id=\"0\"> Su dise\u00f1o de poca profundidad es ideal para distribuci\u00f3n minorista, estanter\u00edas de c\u00e1maras frigor\u00edficas y zonas log\u00edsticas de alta rotaci\u00f3n.<\/span><\/span><span data-slate-node=\"text\"><span class=\"\" data-slate-leaf=\"true\" data-sent-id=\"eEQqmRR2oe\" data-para-id=\"0\"> Venta directa de f\u00e1brica con precios por volumen.<\/span><\/span><span data-slate-node=\"text\"><span class=\"\" data-slate-leaf=\"true\" data-sent-id=\"BobQG00vZz\" data-para-id=\"0\"> Como fabricante sostenible y proveedor mayorista, ofrecemos gran stock y entregas r\u00e1pidas.<\/span><\/span><span data-slate-node=\"text\"><span class=\"\" data-slate-leaf=\"true\" data-sent-id=\"V0Q4aYYJGz\" data-para-id=\"0\"> Nuestros contenedores AFC est\u00e1n dise\u00f1ados para optimizar la log\u00edstica de productos frescos reduciendo espacio y tiempo de manipulaci\u00f3n.<\/span><\/span><\/p>","protected":false},"featured_media":12759,"comment_status":"open","ping_status":"closed","template":"","meta":{"_seopress_robots_primary_cat":"none","_seopress_titles_title":"Reusable Plastic Fruit Bins Australia | Pallet Box Factory","_seopress_titles_desc":"Australia Standard Collapsible shipping container with 3:1 folding ratio and 750L volume. Reusable, stackable, and ready for wholesale bulk delivery.","_seopress_robots_index":"","_angie_page":false},"product_brand":[],"product_cat":[83,96,81],"product_tag":[],"class_list":{"0":"post-12764","1":"product","2":"type-product","3":"status-publish","4":"has-post-thumbnail","6":"product_cat-all-product","7":"product_cat-collapsible-plastic-pallet-boxes","8":"product_cat-plastic-pallet-box","10":"first","11":"instock","12":"shipping-taxable","13":"product-type-simple"},"_links":{"self":[{"href":"https:\/\/cnplasticpallets.com\/es\/wp-json\/wp\/v2\/product\/12764","targetHints":{"allow":["GET"]}}],"collection":[{"href":"https:\/\/cnplasticpallets.com\/es\/wp-json\/wp\/v2\/product"}],"about":[{"href":"https:\/\/cnplasticpallets.com\/es\/wp-json\/wp\/v2\/types\/product"}],"replies":[{"embeddable":true,"href":"https:\/\/cnplasticpallets.com\/es\/wp-json\/wp\/v2\/comments?post=12764"}],"wp:featuredmedia":[{"embeddable":true,"href":"https:\/\/cnplasticpallets.com\/es\/wp-json\/wp\/v2\/media\/12759"}],"wp:attachment":[{"href":"https:\/\/cnplasticpallets.com\/es\/wp-json\/wp\/v2\/media?parent=12764"}],"wp:term":[{"taxonomy":"product_brand","embeddable":true,"href":"https:\/\/cnplasticpallets.com\/es\/wp-json\/wp\/v2\/product_brand?post=12764"},{"taxonomy":"product_cat","embeddable":true,"href":"https:\/\/cnplasticpallets.com\/es\/wp-json\/wp\/v2\/product_cat?post=12764"},{"taxonomy":"product_tag","embeddable":true,"href":"https:\/\/cnplasticpallets.com\/es\/wp-json\/wp\/v2\/product_tag?post=12764"}],"curies":[{"name":"wp","href":"https:\/\/api.w.org\/{rel}","templated":true}]}}