{"id":12699,"date":"2025-08-06T11:38:13","date_gmt":"2025-08-06T03:38:13","guid":{"rendered":"https:\/\/cnplasticpallets.com\/?post_type=product&#038;p=12699"},"modified":"2025-11-28T10:10:18","modified_gmt":"2025-11-28T02:10:18","slug":"320l-dry-ice-bin-with-lid-casters","status":"publish","type":"product","link":"https:\/\/cnplasticpallets.com\/es\/product\/plastic-pallet-box\/dry-ice-container\/320l-dry-ice-bin-with-lid-casters\/","title":{"rendered":"Contenedor para hielo seco de 320L con tapa y ruedas"},"content":{"rendered":"<h2 data-start=\"104\" data-end=\"163\">Caracter\u00edsticas del Producto \u2013 Contenedor de Hielo Seco de 320\u202fL<\/h2>\n<p data-start=\"193\" data-end=\"502\" class=\"translation-block\"><strong data-start=\"193\" data-end=\"219\">Dise\u00f1o de Mayor Capacidad<\/strong><br data-start=\"219\" data-end=\"222\">Con un volumen interno de 320\u202fL (<strong>920\u00d7520\u00d7660 mm<\/strong>), este contenedor isot\u00e9rmico ofrece mayor espacio \u00fatil para aplicaciones en cadena de fr\u00edo.<\/p>\n<p data-start=\"504\" data-end=\"769\" class=\"translation-block\"><strong data-start=\"504\" data-end=\"536\">Ruedas Incorporadas para Movilidad<\/strong><br data-start=\"536\" data-end=\"539\">Equipado con <strong>ruedas giratorias desmontables<\/strong> para facilitar el movimiento en almacenes o zonas de trabajo. Se pueden quitar para apilado o transporte seguro.<\/p>\n<p data-start=\"771\" data-end=\"1060\" class=\"translation-block\"><strong data-start=\"771\" data-end=\"806\">Moldeo Rotacional para Mayor Resistencia<\/strong><br data-start=\"806\" data-end=\"809\">Tanto la tapa como el cuerpo est\u00e1n fabricados en una sola pieza mediante moldeo rotacional, lo que da como resultado una <strong data-start=\"884\" data-end=\"906\">estructura sin uniones<\/strong>, <strong data-start=\"908\" data-end=\"926\">peso reducido<\/strong> y <strong data-start=\"932\" data-end=\"962\">resistencia mejorada a los impactos<\/strong>. Esto evita roturas o da\u00f1os durante la manipulaci\u00f3n y el transporte frecuentes.<\/p>\n<p data-start=\"1062\" data-end=\"1365\" class=\"translation-block\"><strong data-start=\"1062\" data-end=\"1106\">Retenci\u00f3n T\u00e9rmica \u00d3ptima con N\u00facleo de PU<\/strong><br data-start=\"1106\" data-end=\"1109\"><span data-slate-node=\"text\"><span class=\"\" data-slate-leaf=\"true\" data-sent-id=\"VpMXXywXnz\">La espuma de PU de alta densidad se inyecta uniformemente entre las capas dobles de PE, lo que no solo conserva la temperatura sino que tambi\u00e9n absorbe impactos durante el transporte prolongado.<\/span><\/span><span class=\"\" data-slate-leaf=\"true\" data-sent-id=\"VWx77QN7wz\"> Esto significa menos p\u00e9rdida de hielo seco y transporte m\u00e1s seguro para su contenido valioso.<\/span><\/p>\n<p data-start=\"1367\" data-end=\"1632\" class=\"translation-block\"><strong data-start=\"1367\" data-end=\"1405\">Manejo Ergon\u00f3mico para Cargas Pesadas<\/strong><br data-start=\"1405\" data-end=\"1408\">Las asas laterales moldeadas est\u00e1n reforzadas para soportar la capacidad adicional de 320\u202fL sin rasgaduras ni deformaciones. Los operadores pueden levantar o reposicionar la unidad con confianza incluso cuando est\u00e1 completamente cargada, mejorando la eficiencia operativa.<\/p>\n<p data-start=\"1634\" data-end=\"1911\" class=\"translation-block\"><strong data-start=\"1634\" data-end=\"1678\">Cierre Seguro para Transporte de Larga Distancia<\/strong><br data-start=\"1678\" data-end=\"1681\">El sistema de cierre de la tapa combina ranuras de alineaci\u00f3n con cierres de goma industriales, asegurando un sellado herm\u00e9tico. Esto reduce la presi\u00f3n interna y evita desplazamientos no deseados durante el transporte a\u00e9reo o por carretera.<\/p>\n<p data-start=\"1913\" data-end=\"2193\" class=\"translation-block\"><strong data-start=\"1913\" data-end=\"1948\">Rendimiento en Temperaturas Extremas<\/strong><br data-start=\"1948\" data-end=\"1951\">Dise\u00f1ado para permanecer estable en temperaturas ambiente de <strong data-start=\"2006\" data-end=\"2024\">-55\u202f\u00b0C a +70\u202f\u00b0C<\/strong>, el contenedor de hielo seco ha superado pruebas de resistencia a ca\u00eddas en condiciones congeladas. Es apto para almacenes frigor\u00edficos, contenedores refrigerados o despliegues en exteriores a altas temperaturas.<\/p>\n<p data-start=\"2195\" data-end=\"2476\" class=\"translation-block\"><strong data-start=\"2195\" data-end=\"2234\">Versatilidad para Cadenas de Suministro Complejas<\/strong><br data-start=\"2234\" data-end=\"2237\">Adem\u00e1s de hielo seco en bloque o pellet, el contenedor de hielo seco tambi\u00e9n es ideal para integrar <strong data-start=\"2314\" data-end=\"2361\">registradores de datos, paquetes de vacunas o bolsas de muestras<\/strong> gracias a su interior espacioso e higi\u00e9nico. Una soluci\u00f3n multindustria para log\u00edstica a temperatura controlada.<\/p>\n<p data-start=\"2195\" data-end=\"2476\"><img fetchpriority=\"high\" decoding=\"async\" class=\"alignnone wp-image-12703 size-full\" src=\"https:\/\/cnplasticpallets.com\/wp-content\/uploads\/2025\/08\/340l-dry-ice-bin-with-lid-casters.jpg\" alt=\"Contenedor de hielo seco de 340l con tapa y ruedas\" width=\"800\" height=\"600\" srcset=\"https:\/\/cnplasticpallets.com\/wp-content\/uploads\/2025\/08\/340l-dry-ice-bin-with-lid-casters.jpg 800w, https:\/\/cnplasticpallets.com\/wp-content\/uploads\/2025\/08\/340l-dry-ice-bin-with-lid-casters-300x225.jpg 300w, https:\/\/cnplasticpallets.com\/wp-content\/uploads\/2025\/08\/340l-dry-ice-bin-with-lid-casters-768x576.jpg 768w, https:\/\/cnplasticpallets.com\/wp-content\/uploads\/2025\/08\/340l-dry-ice-bin-with-lid-casters-16x12.jpg 16w, https:\/\/cnplasticpallets.com\/wp-content\/uploads\/2025\/08\/340l-dry-ice-bin-with-lid-casters-600x450.jpg 600w\" sizes=\"(max-width: 800px) 100vw, 800px\" \/><\/p>\n<h2 data-start=\"2195\" data-end=\"2476\">D\u00f3nde Funciona Mejor Este Contenedor<\/h2>\n<p data-start=\"2195\" data-end=\"2476\" class=\"translation-block\">Este contenedor isot\u00e9rmico de hielo seco est\u00e1 dise\u00f1ado para su uso en m\u00faltiples sectores donde la integridad de la cadena de fr\u00edo es indispensable. Es <strong data-start=\"240\" data-end=\"303\">especialmente crucial en log\u00edstica m\u00e9dica y farmac\u00e9utica<\/strong>, donde vacunas, biol\u00f3gicos y muestras sensibles a la temperatura requieren condiciones estables durante el transporte. Tambi\u00e9n sirve para distribuci\u00f3n de alimentos, exportaci\u00f3n de mariscos, limpieza industrial con hielo seco, embalaje qu\u00edmico, investigaci\u00f3n biol\u00f3gica, catering y almacenamiento fr\u00edo m\u00f3vil.<\/p>\n<h2 data-start=\"59\" data-end=\"97\">Opciones de Personalizaci\u00f3n Disponibles<\/h2>\n<ul data-start=\"99\" data-end=\"632\">\n<li data-start=\"99\" data-end=\"154\">\n<p data-start=\"101\" data-end=\"154\" class=\"translation-block\"><strong data-start=\"101\" data-end=\"119\">Ruedas giratorias<\/strong> con o sin <strong data-start=\"136\" data-end=\"152\">sistema de freno<\/strong><\/p>\n<\/li>\n<li data-start=\"155\" data-end=\"209\">\n<p data-start=\"157\" data-end=\"209\" class=\"translation-block\"><strong data-start=\"157\" data-end=\"174\">Colores personalizados<\/strong> seg\u00fan su <strong data-start=\"191\" data-end=\"207\">c\u00f3digo Pantone<\/strong><\/p>\n<\/li>\n<li data-start=\"210\" data-end=\"267\">\n<p data-start=\"212\" data-end=\"267\" class=\"translation-block\"><strong data-start=\"212\" data-end=\"229\">Marca o logotipo<\/strong> mediante serigraf\u00eda o dise\u00f1o moldeado<\/p>\n<\/li>\n<li data-start=\"268\" data-end=\"327\">\n<p data-start=\"270\" data-end=\"327\" class=\"translation-block\"><strong data-start=\"270\" data-end=\"285\">Ranuras para correas<\/strong> o <strong data-start=\"289\" data-end=\"306\">agujeros para candado<\/strong> para mayor seguridad<\/p>\n<\/li>\n<li data-start=\"328\" data-end=\"382\">\n<p data-start=\"330\" data-end=\"382\" class=\"translation-block\"><strong data-start=\"330\" data-end=\"345\">Opciones de tapa<\/strong>: superficie plana o estructura con ranuras<\/p>\n<\/li>\n<li data-start=\"383\" data-end=\"429\">\n<p data-start=\"385\" data-end=\"429\" class=\"translation-block\"><strong data-start=\"385\" data-end=\"413\">Personalizaci\u00f3n de direcci\u00f3n de entrada para montacargas<\/strong><\/p>\n<\/li>\n<li data-start=\"430\" data-end=\"482\">\n<p data-start=\"432\" data-end=\"482\" class=\"translation-block\"><strong data-start=\"432\" data-end=\"453\">Divisores internos<\/strong> o <strong data-start=\"457\" data-end=\"480\">compartimentos adicionales<\/strong><\/p>\n<\/li>\n<li data-start=\"483\" data-end=\"536\">\n<p data-start=\"485\" data-end=\"536\" class=\"translation-block\"><strong data-start=\"485\" data-end=\"505\">Ajustes de molde<\/strong> para volumen o grosor de pared<\/p>\n<\/li>\n<li data-start=\"537\" data-end=\"586\">\n<p data-start=\"539\" data-end=\"586\" class=\"translation-block\"><strong data-start=\"539\" data-end=\"550\">C\u00f3digo QR<\/strong> o <strong data-start=\"554\" data-end=\"572\">etiqueta de rastreo<\/strong> integrada<\/p>\n<\/li>\n<li data-start=\"587\" data-end=\"632\">\n<p data-start=\"589\" data-end=\"632\" class=\"translation-block\"><strong data-start=\"589\" data-end=\"608\">Textura superficial<\/strong>: lisa o acabado mate<\/p>\n<\/li>\n<\/ul>\n<h2>Por Qu\u00e9 Elegir Enlightening Pallet<\/h2>\n<p class=\"translation-block\"><strong data-start=\"48\" data-end=\"76\">1. Certificados bajo la norma ISO 9001<\/strong>, nuestra planta aplica control de calidad estricto desde la materia prima hasta la inspecci\u00f3n final, con pruebas rutinarias que cumplen con los est\u00e1ndares de <strong data-start=\"194\" data-end=\"201\">SGS<\/strong>, <strong data-start=\"203\" data-end=\"212\" data-is-only-node=\"\">REACH<\/strong> y <strong data-start=\"218\" data-end=\"226\">ROHS<\/strong> para seguridad y cumplimiento.<\/p>\n<p class=\"translation-block\">2. Equipados con <strong data-start=\"139\" data-end=\"178\">6 l\u00edneas avanzadas de moldeo rotacional<\/strong>, garantizamos capacidad de producci\u00f3n estable y tiempos de entrega flexibles para pedidos al por mayor.<\/p>\n<p class=\"translation-block\">3. Con operaciones de exportaci\u00f3n en m\u00e1s de <strong data-start=\"798\" data-end=\"814\">40 pa\u00edses<\/strong>, incluyendo Norteam\u00e9rica, Jap\u00f3n, Australia y el Sudeste Asi\u00e1tico, ofrecemos experiencia confiable en cada env\u00edo.<\/p>\n<p class=\"translation-block\">4. Un <strong data-start=\"398\" data-end=\"420\">laboratorio de pruebas interno<\/strong> respalda la verificaci\u00f3n estructural, t\u00e9rmica y de materiales para cada lote.<\/p>\n<p>&nbsp;<\/p>","protected":false},"excerpt":{"rendered":"<p data-start=\"321\" data-end=\"813\" class=\"translation-block\">Enlightening Pallet ofrece este <strong>contenedor de hielo seco isot\u00e9rmico de 320\u202fL<\/strong> dise\u00f1ado para <strong>almacenamiento de hielo seco en grandes vol\u00famenes<\/strong>, con ruedas opcionales que permiten un movimiento m\u00e1s f\u00e1cil en industrias con alta rotaci\u00f3n de carga. Este <strong>contenedor de hielo seco resistente<\/strong> mejora la eficiencia operativa en <strong>cadenas de fr\u00edo farmac\u00e9uticas, log\u00edstica de alimentos congelados y limpieza con CO\u2082 en sitio<\/strong>. Como <strong>fabricante de contenedores de hielo seco<\/strong> con precios al por mayor y amplio stock, garantizamos un rendimiento t\u00e9rmico sostenible y estabilidad en el transporte a largo plazo.<\/p>","protected":false},"featured_media":12704,"comment_status":"open","ping_status":"closed","template":"","meta":{"_seopress_robots_primary_cat":"none","_seopress_titles_title":"320L Dry Ice Bin with Lid & Casters","_seopress_titles_desc":"320L insulated dry ice bin with optional casters for easy movement in cold chain, medical, and industrial logistics. Built for heavy-use transport.","_seopress_robots_index":"","_angie_page":false},"product_brand":[],"product_cat":[83,251,81],"product_tag":[],"class_list":{"0":"post-12699","1":"product","2":"type-product","3":"status-publish","4":"has-post-thumbnail","6":"product_cat-all-product","7":"product_cat-dry-ice-container","8":"product_cat-plastic-pallet-box","10":"first","11":"instock","12":"shipping-taxable","13":"product-type-simple"},"_links":{"self":[{"href":"https:\/\/cnplasticpallets.com\/es\/wp-json\/wp\/v2\/product\/12699","targetHints":{"allow":["GET"]}}],"collection":[{"href":"https:\/\/cnplasticpallets.com\/es\/wp-json\/wp\/v2\/product"}],"about":[{"href":"https:\/\/cnplasticpallets.com\/es\/wp-json\/wp\/v2\/types\/product"}],"replies":[{"embeddable":true,"href":"https:\/\/cnplasticpallets.com\/es\/wp-json\/wp\/v2\/comments?post=12699"}],"wp:featuredmedia":[{"embeddable":true,"href":"https:\/\/cnplasticpallets.com\/es\/wp-json\/wp\/v2\/media\/12704"}],"wp:attachment":[{"href":"https:\/\/cnplasticpallets.com\/es\/wp-json\/wp\/v2\/media?parent=12699"}],"wp:term":[{"taxonomy":"product_brand","embeddable":true,"href":"https:\/\/cnplasticpallets.com\/es\/wp-json\/wp\/v2\/product_brand?post=12699"},{"taxonomy":"product_cat","embeddable":true,"href":"https:\/\/cnplasticpallets.com\/es\/wp-json\/wp\/v2\/product_cat?post=12699"},{"taxonomy":"product_tag","embeddable":true,"href":"https:\/\/cnplasticpallets.com\/es\/wp-json\/wp\/v2\/product_tag?post=12699"}],"curies":[{"name":"wp","href":"https:\/\/api.w.org\/{rel}","templated":true}]}}