{"id":12319,"date":"2025-07-18T16:15:21","date_gmt":"2025-07-18T08:15:21","guid":{"rendered":"https:\/\/cnplasticpallets.com\/?post_type=product&#038;p=12319"},"modified":"2025-07-18T16:15:21","modified_gmt":"2025-07-18T08:15:21","slug":"customizable-double-side-assembled","status":"publish","type":"product","link":"https:\/\/cnplasticpallets.com\/es\/product\/plastic-pallets\/modular-plastic-pallet\/customizable-double-side-assembled\/","title":{"rendered":"Pal\u00e9 modular de doble cara ensamblado y personalizable"},"content":{"rendered":"<h2 data-start=\"125\" data-end=\"418\"><strong>Caracter\u00edsticas del producto<\/strong><\/h2>\n<p data-start=\"125\" data-end=\"418\" class=\"translation-block\">Este pal\u00e9 pl\u00e1stico de 1400\u202fmm\u00d71000\u202fmm\u00d7150\u202fmm incorpora una <strong data-start=\"167\" data-end=\"203\">estructura central reforzada con nervaduras<\/strong> que mejora la resistencia a la flexi\u00f3n bajo uso prolongado en estanter\u00edas o manipulaci\u00f3n con montacargas.<br data-start=\"280\" data-end=\"283\">Su superficie de doble cara y <strong data-start=\"312\" data-end=\"336\">cubierta circular ventilada<\/strong> permiten un apilado estable y favorecen la ventilaci\u00f3n en ambientes h\u00famedos.<\/p>\n<p data-start=\"420\" data-end=\"682\" class=\"translation-block\">Los cuatro lados permiten acceso con transpaletas y montacargas, facilitando la operaci\u00f3n en <strong data-start=\"507\" data-end=\"537\">sistemas de almac\u00e9n con estanter\u00edas<\/strong> o flujos a nivel de suelo.<br data-start=\"564\" data-end=\"567\">Cada unidad incluye al menos cuatro barras de refuerzo de acero, garantizando resistencia uniforme en toda la estructura modular.<\/p>\n<p data-start=\"684\" data-end=\"944\" class=\"translation-block\">Las <strong data-start=\"699\" data-end=\"713\">protecciones de borde<\/strong> integradas en el marco externo est\u00e1n dise\u00f1adas para reducir impactos en esquinas y evitar deslizamientos durante la manipulaci\u00f3n.<br data-start=\"818\" data-end=\"821\">Estas protecciones tambi\u00e9n cubren las <strong data-start=\"850\" data-end=\"872\">zonas de acoplamiento<\/strong> frente a da\u00f1os al operar con transpaletas manuales o giros cerrados.<\/p>\n<p data-start=\"946\" data-end=\"1161\" class=\"translation-block\">Para clientes que requieren estructuras no est\u00e1ndar, ofrecemos unidades <strong data-start=\"1005\" data-end=\"1044\">modulares de pl\u00e1stico totalmente personalizables<\/strong>.<br data-start=\"1051\" data-end=\"1054\">Puede elegir incluir o no protecciones seg\u00fan el dise\u00f1o del almac\u00e9n, el m\u00e9todo de operaci\u00f3n o el tipo de producto.<\/p>\n<p data-start=\"1163\" data-end=\"1415\" class=\"translation-block\">Como <strong data-start=\"1168\" data-end=\"1195\">sistema reutilizable de pal\u00e9s pl\u00e1sticos<\/strong>, resiste miles de reconfiguraciones sin fatiga estructural ni deformaciones.<br data-start=\"1290\" data-end=\"1293\">Fabricamos cada panel con moldeo por inyecci\u00f3n HDPE de alta precisi\u00f3n para garantizar uniones ajustadas incluso tras usos prolongados.<\/p>\n<p data-start=\"1417\" data-end=\"1698\" class=\"translation-block\">Ya sea para apilado en suelo, estanter\u00edas altas o l\u00edneas automatizadas, esta <strong data-start=\"1495\" data-end=\"1520\">soluci\u00f3n de gran formato<\/strong> equilibra distribuci\u00f3n de carga y versatilidad operativa.<br data-start=\"1576\" data-end=\"1579\">Soporta 6 toneladas de carga est\u00e1tica, 2 toneladas de carga din\u00e1mica y 1 tonelada en estanter\u00eda\u2014igualando o superando los pal\u00e9s de madera est\u00e1ndar.<\/p>\n<p data-start=\"1700\" data-end=\"1968\" class=\"translation-block\">Como <strong data-start=\"1714\" data-end=\"1741\">proveedor confiable de pal\u00e9s pl\u00e1sticos<\/strong>, ofrecemos personalizaci\u00f3n opcional, configuraciones de tama\u00f1o y mejoras de accesorios seg\u00fan su flujo operativo.<br data-start=\"1846\" data-end=\"1849\">Desde log\u00edstica alimentaria hasta zonas de ensamblaje, esta plataforma brinda rendimiento duradero con flexibilidad modular.<\/p>\n<h2 data-start=\"102\" data-end=\"129\"><strong>Escenarios de aplicaci\u00f3n<\/strong><\/h2>\n<p data-start=\"131\" data-end=\"169\"><strong data-start=\"131\" data-end=\"167\">L\u00edneas de Producci\u00f3n y Ensamblaje<\/strong><\/p>\n<ul data-start=\"170\" data-end=\"268\">\n<li data-start=\"170\" data-end=\"202\">\n<p data-start=\"172\" data-end=\"202\">Preparaci\u00f3n de componentes automotrices<\/p>\n<\/li>\n<li data-start=\"203\" data-end=\"229\">\n<p data-start=\"205\" data-end=\"229\">Zona de amortiguaci\u00f3n para piezas moldeadas<\/p>\n<\/li>\n<li data-start=\"230\" data-end=\"268\">\n<p data-start=\"232\" data-end=\"268\">Estaciones de embalaje para electr\u00f3nicos<\/p>\n<\/li>\n<\/ul>\n<p data-start=\"270\" data-end=\"301\"><strong data-start=\"270\" data-end=\"299\">Almacenamiento y Log\u00edstica<\/strong><\/p>\n<ul data-start=\"302\" data-end=\"393\">\n<li data-start=\"302\" data-end=\"329\">\n<p data-start=\"304\" data-end=\"329\">Zonas de almacenamiento en altura<\/p>\n<\/li>\n<li data-start=\"330\" data-end=\"361\">\n<p data-start=\"332\" data-end=\"361\">\u00c1reas de staging para cross-docking<\/p>\n<\/li>\n<li data-start=\"362\" data-end=\"393\">\n<p data-start=\"364\" data-end=\"393\">Agrupaci\u00f3n de pal\u00e9s a nivel de suelo<\/p>\n<\/li>\n<\/ul>\n<p data-start=\"395\" data-end=\"431\"><strong data-start=\"395\" data-end=\"429\">Distribuci\u00f3n de Alimentos y Bebidas<\/strong><\/p>\n<ul data-start=\"432\" data-end=\"541\">\n<li data-start=\"432\" data-end=\"472\">\n<p data-start=\"434\" data-end=\"472\">Apilado de botellas retractiladas<\/p>\n<\/li>\n<li data-start=\"473\" data-end=\"502\">\n<p data-start=\"475\" data-end=\"502\">Almacenamiento de ingredientes embolsados<\/p>\n<\/li>\n<li data-start=\"503\" data-end=\"541\">\n<p data-start=\"505\" data-end=\"541\">Cadena de fr\u00edo para productos en caja<\/p>\n<\/li>\n<\/ul>\n<p data-start=\"543\" data-end=\"582\"><strong data-start=\"543\" data-end=\"580\">E-commerce y Distribuci\u00f3n Minorista<\/strong><\/p>\n<ul data-start=\"583\" data-end=\"695\">\n<li data-start=\"583\" data-end=\"612\">\n<p data-start=\"585\" data-end=\"612\">Zonas de picking para SKU variados<\/p>\n<\/li>\n<li data-start=\"613\" data-end=\"656\">\n<p data-start=\"615\" data-end=\"656\">Plataformas temporales de consolidaci\u00f3n<\/p>\n<\/li>\n<li data-start=\"657\" data-end=\"695\">\n<p data-start=\"659\" data-end=\"695\">Estaciones de embalaje estacional<\/p>\n<\/li>\n<\/ul>\n<p data-start=\"697\" data-end=\"734\"><strong data-start=\"697\" data-end=\"732\">Suministros Industriales y Empaque<\/strong><\/p>\n<ul data-start=\"735\" data-end=\"844\">\n<li data-start=\"735\" data-end=\"765\">\n<p data-start=\"737\" data-end=\"765\">Base para tambores qu\u00edmicos<\/p>\n<\/li>\n<li data-start=\"766\" data-end=\"802\">\n<p data-start=\"768\" data-end=\"802\">Manipulaci\u00f3n de materiales a granel<\/p>\n<\/li>\n<li data-start=\"803\" data-end=\"844\">\n<p data-start=\"805\" data-end=\"844\">Zona de pre-carga de cajas externas<\/p>\n<\/li>\n<\/ul>\n<p data-start=\"846\" data-end=\"879\"><strong data-start=\"846\" data-end=\"877\">Uso como Plataforma Modular de Trabajo<\/strong><\/p>\n<ul data-start=\"880\" data-end=\"978\">\n<li data-start=\"880\" data-end=\"910\">\n<p data-start=\"882\" data-end=\"910\">Estaciones flexibles de operarios<\/p>\n<\/li>\n<li data-start=\"911\" data-end=\"942\">\n<p data-start=\"913\" data-end=\"942\">Base m\u00f3vil para mesas de ensamblaje<\/p>\n<\/li>\n<li data-start=\"943\" data-end=\"978\">\n<p data-start=\"945\" data-end=\"978\">Islas de manipulaci\u00f3n intralog\u00edstica<\/p>\n<\/li>\n<\/ul>","protected":false},"excerpt":{"rendered":"<p class=\"translation-block\">Este <strong>pal\u00e9 pl\u00e1stico modular para uso intensivo<\/strong> incorpora un <strong data-start=\"117\" data-end=\"143\">n\u00facleo reforzado con nervaduras<\/strong>, <strong data-start=\"145\" data-end=\"169\">superficie circular ventilada<\/strong> y <strong data-start=\"175\" data-end=\"200\">protecciones integradas en el borde<\/strong>, dise\u00f1ado para resistir <strong data-start=\"225\" data-end=\"270\">estanter\u00edas, apilamiento e impactos de transpaleta<\/strong>. Ideal para <strong data-start=\"282\" data-end=\"302\">piezas automotrices<\/strong>, <strong data-start=\"304\" data-end=\"326\">log\u00edstica de bebidas<\/strong> y <strong data-start=\"332\" data-end=\"353\">preparaci\u00f3n en almac\u00e9n<\/strong>. <br>Como <strong data-start=\"360\" data-end=\"406\">fabricante de pal\u00e9s pl\u00e1sticos directo de f\u00e1brica<\/strong>, ofrecemos soluciones <strong data-start=\"417\" data-end=\"435\">rentables<\/strong>, de <strong data-start=\"437\" data-end=\"456\">bajo mantenimiento<\/strong> y <strong data-start=\"462\" data-end=\"503\">disponibles con despacho r\u00e1pido<\/strong>. Dise\u00f1ado para <strong data-start=\"518\" data-end=\"566\">interconexi\u00f3n repetida y alta resistencia a la carga<\/strong>, esta unidad de 1400\u00d71000\u202fmm garantiza fiabilidad operativa a largo plazo en escenarios exigentes de reutilizaci\u00f3n.<\/p>","protected":false},"featured_media":12328,"comment_status":"open","ping_status":"closed","template":"","meta":{"_seopress_robots_primary_cat":"none","_seopress_titles_title":"Customizable Double Side Assembled Modular Pallet","_seopress_titles_desc":"1400\u00d71000mm spliced plastic pallet with reinforced ribs and edge protection, perfect for warehouses and logistics. Manufacturer-backed quality, ready to ship.","_seopress_robots_index":"","_angie_page":false},"product_brand":[],"product_cat":[83,148,84],"product_tag":[],"class_list":{"0":"post-12319","1":"product","2":"type-product","3":"status-publish","4":"has-post-thumbnail","6":"product_cat-all-product","7":"product_cat-modular-plastic-pallet","8":"product_cat-plastic-pallets","10":"first","11":"instock","12":"shipping-taxable","13":"product-type-simple"},"_links":{"self":[{"href":"https:\/\/cnplasticpallets.com\/es\/wp-json\/wp\/v2\/product\/12319","targetHints":{"allow":["GET"]}}],"collection":[{"href":"https:\/\/cnplasticpallets.com\/es\/wp-json\/wp\/v2\/product"}],"about":[{"href":"https:\/\/cnplasticpallets.com\/es\/wp-json\/wp\/v2\/types\/product"}],"replies":[{"embeddable":true,"href":"https:\/\/cnplasticpallets.com\/es\/wp-json\/wp\/v2\/comments?post=12319"}],"wp:featuredmedia":[{"embeddable":true,"href":"https:\/\/cnplasticpallets.com\/es\/wp-json\/wp\/v2\/media\/12328"}],"wp:attachment":[{"href":"https:\/\/cnplasticpallets.com\/es\/wp-json\/wp\/v2\/media?parent=12319"}],"wp:term":[{"taxonomy":"product_brand","embeddable":true,"href":"https:\/\/cnplasticpallets.com\/es\/wp-json\/wp\/v2\/product_brand?post=12319"},{"taxonomy":"product_cat","embeddable":true,"href":"https:\/\/cnplasticpallets.com\/es\/wp-json\/wp\/v2\/product_cat?post=12319"},{"taxonomy":"product_tag","embeddable":true,"href":"https:\/\/cnplasticpallets.com\/es\/wp-json\/wp\/v2\/product_tag?post=12319"}],"curies":[{"name":"wp","href":"https:\/\/api.w.org\/{rel}","templated":true}]}}