{"id":12297,"date":"2025-07-18T13:55:10","date_gmt":"2025-07-18T05:55:10","guid":{"rendered":"https:\/\/cnplasticpallets.com\/?post_type=product&#038;p=12297"},"modified":"2025-07-18T13:58:42","modified_gmt":"2025-07-18T05:58:42","slug":"beer-beverage-industry","status":"publish","type":"product","link":"https:\/\/cnplasticpallets.com\/es\/product\/plastic-pallets\/reversible-plastic-pallet\/beer-beverage-industry\/","title":{"rendered":"Pal\u00e9 pl\u00e1stico reversible para la industria de cerveza y bebidas"},"content":{"rendered":"<h2 data-start=\"77\" data-end=\"142\"><strong data-start=\"81\" data-end=\"142\">Por qu\u00e9 elegir este pal\u00e9 pl\u00e1stico reversible para cargas de cerveza<\/strong><\/h2>\n<p data-start=\"269\" data-end=\"562\" class=\"translation-block\"><strong data-start=\"269\" data-end=\"312\">Dise\u00f1ado para m\u00e1s de 7 capas de cajas de cerveza<\/strong><br data-start=\"312\" data-end=\"315\">Reforzamos este pal\u00e9 pl\u00e1stico de doble cara con una superficie superior totalmente plana y antideslizante. Incluso al apilar 7\u20138 capas de cajas de 24 unidades, no se curva ni se torsiona. Esta estabilidad reduce p\u00e9rdidas de producto y retrabajo manual, especialmente en almacenes h\u00famedos.<\/p>\n<p data-start=\"564\" data-end=\"829\" class=\"translation-block\"><strong data-start=\"564\" data-end=\"626\">Entrada de cuatro v\u00edas con dise\u00f1o inclinado para un acceso m\u00e1s seguro del montacargas<\/strong><br data-start=\"626\" data-end=\"629\">A diferencia de muchos pal\u00e9s para cerveza, moldeamos entradas inclinadas en los cuatro lados. Ya sea con montacargas el\u00e9ctricos o transpaletas manuales, la carga es m\u00e1s fluida, con menor riesgo de vuelco o rayado de la base de las cajas.<\/p>\n<p data-start=\"831\" data-end=\"1117\" class=\"translation-block\"><strong data-start=\"831\" data-end=\"890\">Compatible con sistemas de transportadores de alta velocidad y estanter\u00edas<\/strong><br data-start=\"890\" data-end=\"893\">La base de 1200\u00d71000 mm se adapta a la automatizaci\u00f3n est\u00e1ndar de bebidas. El dise\u00f1o reversible garantiza contacto completo en ambos lados, lo que lo hace ideal para ASRS, estanter\u00edas o apilado en suelo. <strong data-start=\"1062\" data-end=\"1117\">Est\u00e1 dise\u00f1ado para cervecer\u00edas que crecen de forma r\u00e1pida e inteligente.<\/strong><\/p>\n<p data-start=\"1119\" data-end=\"1408\" class=\"translation-block\"><strong data-start=\"1119\" data-end=\"1174\">Listo para cadena de fr\u00edo y exportaci\u00f3n \u2013 Certificado y duradero<\/strong><br data-start=\"1174\" data-end=\"1177\">Fabricado con <strong data-start=\"1187\" data-end=\"1206\">HDPE de grado alimentario<\/strong>, este pal\u00e9 resiste grietas hasta <strong data-start=\"1245\" data-end=\"1254\">-30\u00b0C<\/strong> y mantiene estabilidad hasta <strong data-start=\"1278\" data-end=\"1287\">+40\u00b0C<\/strong>. Certificado por <strong data-start=\"1302\" data-end=\"1329\">ISO, SGS, ROHS, FDA, CE<\/strong>, cumple con los requisitos de exportaci\u00f3n y protege la carga en log\u00edstica de cadena de fr\u00edo de larga distancia.<\/p>\n<p data-start=\"1410\" data-end=\"1750\" class=\"translation-block\"><strong data-start=\"1410\" data-end=\"1462\">Personalizaci\u00f3n modular para necesidades espec\u00edficas de cervecer\u00edas<\/strong><br data-start=\"1462\" data-end=\"1465\">Puede ajustar dimensiones, tipo de superficie superior (s\u00f3lida o de rejilla), estructura de patines (3 patines, 6 patines), materiales (HDPE virgen o reciclado), tapones antideslizantes, refuerzos de acero o a\u00f1adir <strong data-start=\"1645\" data-end=\"1686\">c\u00f3digos QR grabados con l\u00e1ser y etiquetas RFID<\/strong>. Lo adaptamos al tama\u00f1o de sus barriles, tipo de montacargas y dise\u00f1o de estanter\u00edas.<\/p>\n<p data-start=\"1410\" data-end=\"1750\"><img fetchpriority=\"high\" decoding=\"async\" class=\"alignnone wp-image-12301 size-medium\" src=\"https:\/\/cnplasticpallets.com\/wp-content\/uploads\/2025\/07\/Plastic-Pallet-for-Beer-And-Beverage-Industry1-300x225.jpg\" alt=\"Paletas de pl\u00e1stico para cerveza en una l\u00ednea de transporte autom\u00e1tico.\" width=\"300\" height=\"225\" srcset=\"https:\/\/cnplasticpallets.com\/wp-content\/uploads\/2025\/07\/Plastic-Pallet-for-Beer-And-Beverage-Industry1-300x225.jpg 300w, https:\/\/cnplasticpallets.com\/wp-content\/uploads\/2025\/07\/Plastic-Pallet-for-Beer-And-Beverage-Industry1-768x576.jpg 768w, https:\/\/cnplasticpallets.com\/wp-content\/uploads\/2025\/07\/Plastic-Pallet-for-Beer-And-Beverage-Industry1-16x12.jpg 16w, https:\/\/cnplasticpallets.com\/wp-content\/uploads\/2025\/07\/Plastic-Pallet-for-Beer-And-Beverage-Industry1-600x450.jpg 600w, https:\/\/cnplasticpallets.com\/wp-content\/uploads\/2025\/07\/Plastic-Pallet-for-Beer-And-Beverage-Industry1.jpg 800w\" sizes=\"(max-width: 300px) 100vw, 300px\" \/><\/p>\n<p data-start=\"1752\" data-end=\"1930\" data-is-last-node=\"\" data-is-only-node=\"\" class=\"translation-block\"><strong data-start=\"1752\" data-end=\"1835\">Fabricamos pal\u00e9s para cerveza que realmente se ajustan a su operaci\u00f3n, no especificaciones gen\u00e9ricas.<\/strong> Cont\u00e1ctenos para obtener planos estructurales, muestras o una cotizaci\u00f3n r\u00e1pida basada en sus condiciones reales.<\/p>\n<p data-start=\"1752\" data-end=\"1930\" data-is-last-node=\"\" data-is-only-node=\"\" class=\"translation-block\">\u00bfNo est\u00e1 seguro de cu\u00e1ntas cajas o barriles de cerveza puede transportar su pal\u00e9 con seguridad? Esta <a class=\"\" href=\"https:\/\/cnplasticpallets.com\/es\/blog\/beer-pallet-dimensions-case-count\/\" target=\"_new\" rel=\"noopener\" data-start=\"812\" data-end=\"925\">gu\u00eda sobre dimensiones de pal\u00e9s para cerveza y planificaci\u00f3n de carga<\/a> le explica el proceso\u2014r\u00e1pido, simple y enfocado en cervecer\u00edas.<\/p>\n<h2 data-start=\"1101\" data-end=\"1134\"><strong data-start=\"1105\" data-end=\"1134\">Adaptabilidad al equipo<\/strong><\/h2>\n<p data-start=\"1135\" data-end=\"1200\">Su flujo de trabajo no deber\u00eda cambiar solo porque actualiz\u00f3 los pal\u00e9s.<\/p>\n<p data-start=\"1202\" data-end=\"1375\" class=\"translation-block\"><strong data-start=\"1202\" data-end=\"1251\">Funciona con montacargas manuales y el\u00e9ctricos<\/strong><br data-start=\"1251\" data-end=\"1254\">El dise\u00f1o de entrada inclinada de cuatro v\u00edas garantiza acceso fluido en operaciones de ritmo r\u00e1pido\u2014sin necesidad de reconfigurar su equipo de elevaci\u00f3n.<\/p>\n<p data-start=\"1377\" data-end=\"1573\" class=\"translation-block\"><strong data-start=\"1377\" data-end=\"1416\">Compatible con transportadores automatizados<\/strong><br data-start=\"1416\" data-end=\"1419\">La <strong data-start=\"1423\" data-end=\"1466\">base de 1200\u00d71000 mm y superficie superior plana<\/strong> permiten transiciones suaves en l\u00edneas de embotellado de alta velocidad, incluso con barriles pesados o latas en cajas.<\/p>\n<p data-start=\"1575\" data-end=\"1761\" class=\"translation-block\"><strong data-start=\"1575\" data-end=\"1615\">Apto para estanter\u00edas en sistemas est\u00e1ticos o m\u00f3viles<\/strong><br data-start=\"1615\" data-end=\"1618\">Ya sea para almacenamiento prolongado o movimiento en rutas de alto volumen, la <strong data-start=\"1685\" data-end=\"1704\">superficie reversible<\/strong> garantiza soporte equilibrado y rendimiento estable en estanter\u00edas.<\/p>\n<h2 data-start=\"1575\" data-end=\"1761\">Aplicaci\u00f3n del pal\u00e9 pl\u00e1stico reversible para la industria de cerveza y bebidas<\/h2>\n<p><img decoding=\"async\" class=\"alignnone wp-image-12315 size-full\" src=\"https:\/\/cnplasticpallets.com\/wp-content\/uploads\/2025\/07\/Reversible-Plastic-Pallet-for-Beer-And-Beverage-Industry.png\" alt=\"El pal\u00e9 de empalme de doble cara se utiliza para apilar en la f\u00e1brica de la industria de bebidas y cerveza, lo que demuestra que el pal\u00e9 soporta la l\u00ednea de producci\u00f3n automatizada.\" width=\"800\" height=\"600\" srcset=\"https:\/\/cnplasticpallets.com\/wp-content\/uploads\/2025\/07\/Reversible-Plastic-Pallet-for-Beer-And-Beverage-Industry.png 800w, https:\/\/cnplasticpallets.com\/wp-content\/uploads\/2025\/07\/Reversible-Plastic-Pallet-for-Beer-And-Beverage-Industry-300x225.png 300w, https:\/\/cnplasticpallets.com\/wp-content\/uploads\/2025\/07\/Reversible-Plastic-Pallet-for-Beer-And-Beverage-Industry-768x576.png 768w, https:\/\/cnplasticpallets.com\/wp-content\/uploads\/2025\/07\/Reversible-Plastic-Pallet-for-Beer-And-Beverage-Industry-16x12.png 16w, https:\/\/cnplasticpallets.com\/wp-content\/uploads\/2025\/07\/Reversible-Plastic-Pallet-for-Beer-And-Beverage-Industry-600x450.png 600w\" sizes=\"(max-width: 800px) 100vw, 800px\" \/><\/p>","protected":false},"excerpt":{"rendered":"<p data-start=\"40\" data-end=\"389\" class=\"translation-block\"><strong data-start=\"40\" data-end=\"85\">Dise\u00f1ado para log\u00edstica cervecera de alto volumen<\/strong>, este <strong data-start=\"92\" data-end=\"132\">pal\u00e9 HDPE de doble cara de 1200\u00d71000 mm<\/strong> soporta <strong data-start=\"142\" data-end=\"170\">l\u00edneas transportadoras automatizadas<\/strong>, <strong data-start=\"172\" data-end=\"190\">entrada de cuatro v\u00edas<\/strong> y <strong data-start=\"196\" data-end=\"241\" data-is-only-node=\"\">apilado estable de hasta 8 niveles de cajas de cerveza<\/strong> sin deformaci\u00f3n. Ideal para estanter\u00edas, cadena de fr\u00edo o exportaci\u00f3n. <strong data-start=\"305\" data-end=\"341\">Como fabricante de pal\u00e9s pl\u00e1sticos<\/strong>, ofrecemos especificaciones personalizadas para adaptarse a su operaci\u00f3n.<\/p>","protected":false},"featured_media":12314,"comment_status":"open","ping_status":"closed","template":"","meta":{"_seopress_robots_primary_cat":"none","_seopress_titles_title":"Beer & Beverage Plastic Pallet - Stackable | Conveyor Use","_seopress_titles_desc":"Durable reversible plastic beer pallet built for high-speed lines and heavy-duty stacking. Ideal for breweries needing automation-ready, rackable pallets.","_seopress_robots_index":"","_angie_page":false},"product_brand":[],"product_cat":[83,84,93],"product_tag":[],"class_list":{"0":"post-12297","1":"product","2":"type-product","3":"status-publish","4":"has-post-thumbnail","6":"product_cat-all-product","7":"product_cat-plastic-pallets","8":"product_cat-reversible-plastic-pallet","10":"first","11":"instock","12":"shipping-taxable","13":"product-type-simple"},"_links":{"self":[{"href":"https:\/\/cnplasticpallets.com\/es\/wp-json\/wp\/v2\/product\/12297","targetHints":{"allow":["GET"]}}],"collection":[{"href":"https:\/\/cnplasticpallets.com\/es\/wp-json\/wp\/v2\/product"}],"about":[{"href":"https:\/\/cnplasticpallets.com\/es\/wp-json\/wp\/v2\/types\/product"}],"replies":[{"embeddable":true,"href":"https:\/\/cnplasticpallets.com\/es\/wp-json\/wp\/v2\/comments?post=12297"}],"wp:featuredmedia":[{"embeddable":true,"href":"https:\/\/cnplasticpallets.com\/es\/wp-json\/wp\/v2\/media\/12314"}],"wp:attachment":[{"href":"https:\/\/cnplasticpallets.com\/es\/wp-json\/wp\/v2\/media?parent=12297"}],"wp:term":[{"taxonomy":"product_brand","embeddable":true,"href":"https:\/\/cnplasticpallets.com\/es\/wp-json\/wp\/v2\/product_brand?post=12297"},{"taxonomy":"product_cat","embeddable":true,"href":"https:\/\/cnplasticpallets.com\/es\/wp-json\/wp\/v2\/product_cat?post=12297"},{"taxonomy":"product_tag","embeddable":true,"href":"https:\/\/cnplasticpallets.com\/es\/wp-json\/wp\/v2\/product_tag?post=12297"}],"curies":[{"name":"wp","href":"https:\/\/api.w.org\/{rel}","templated":true}]}}