{"id":12273,"date":"2025-07-17T18:04:18","date_gmt":"2025-07-17T10:04:18","guid":{"rendered":"https:\/\/cnplasticpallets.com\/?post_type=product&#038;p=12273"},"modified":"2026-04-23T14:44:11","modified_gmt":"2026-04-23T06:44:11","slug":"bulk-containers","status":"publish","type":"product","link":"https:\/\/cnplasticpallets.com\/es\/product\/plastic-pallet-box\/collapsible-plastic-pallet-boxes\/bulk-containers\/","title":{"rendered":"Contenedores de pl\u00e1stico plegables para cargas a granel"},"content":{"rendered":"<h2><strong>Caracter\u00edsticas del producto<\/strong><\/h2>\n<p data-start=\"281\" data-end=\"539\" class=\"translation-block\"><strong data-start=\"281\" data-end=\"340\">Dos modelos disponibles para diferentes aplicaciones de carga<\/strong><br data-start=\"340\" data-end=\"343\">Esta caja palet plegable viene en dos versiones: est\u00e1ndar y reforzada. La versi\u00f3n reforzada incluye 2 tubos de acero, aumentando la carga est\u00e1tica hasta 4 toneladas\u2014ideal para piezas pesadas o apilamiento para exportaci\u00f3n.<\/p>\n<table class=\"w-fit min-w-(--thread-content-width)\" data-start=\"54\" data-end=\"926\">\n<thead data-start=\"54\" data-end=\"263\">\n<tr data-start=\"54\" data-end=\"263\">\n<th data-start=\"54\" data-end=\"66\" data-col-size=\"sm\">C\u00f3digo de art\u00edculo<\/th>\n<th data-start=\"66\" data-end=\"92\" data-col-size=\"sm\">Dimensi\u00f3n externa (mm)<\/th>\n<th data-start=\"92\" data-end=\"118\" data-col-size=\"sm\">Dimensi\u00f3n interna (mm)<\/th>\n<th data-start=\"118\" data-end=\"145\" data-col-size=\"sm\">Opci\u00f3n<\/th>\n<th data-start=\"145\" data-end=\"162\" data-col-size=\"sm\">Soporte inferior<\/th>\n<th data-start=\"162\" data-end=\"182\" data-col-size=\"sm\">Altura apilada en reposo<\/th>\n<th data-start=\"182\" data-end=\"201\" data-col-size=\"sm\">Altura apilada en movimiento<\/th>\n<th data-start=\"201\" data-end=\"223\" data-col-size=\"sm\">Altura plegada (mm)<\/th>\n<th data-start=\"223\" data-end=\"249\" data-col-size=\"sm\">Altura del orificio para pala (mm)<\/th>\n<th data-start=\"249\" data-end=\"263\" data-col-size=\"sm\">Carga (Ton)<\/th>\n<\/tr>\n<\/thead>\n<tbody data-start=\"485\" data-end=\"926\">\n<tr data-start=\"485\" data-end=\"705\">\n<td data-start=\"485\" data-end=\"497\" data-col-size=\"sm\">8060B<\/td>\n<td data-col-size=\"sm\" data-start=\"497\" data-end=\"524\">L800\u00d7W600\u00d7H760<\/td>\n<td data-col-size=\"sm\" data-start=\"524\" data-end=\"552\">L740\u00d7W540\u00d7H597<\/td>\n<td data-col-size=\"sm\" data-start=\"552\" data-end=\"579\">Sin tubos de refuerzo<\/td>\n<td data-col-size=\"sm\" data-start=\"579\" data-end=\"596\">2 patas<\/td>\n<td data-col-size=\"sm\" data-start=\"596\" data-end=\"617\">3<\/td>\n<td data-col-size=\"sm\" data-start=\"617\" data-end=\"637\">1<\/td>\n<td data-col-size=\"sm\" data-start=\"637\" data-end=\"662\">371<\/td>\n<td data-col-size=\"sm\" data-start=\"662\" data-end=\"690\">100<\/td>\n<td data-col-size=\"sm\" data-start=\"690\" data-end=\"705\">1~3<\/td>\n<\/tr>\n<tr data-start=\"706\" data-end=\"926\">\n<td data-start=\"706\" data-end=\"718\" data-col-size=\"sm\">8060E<\/td>\n<td data-col-size=\"sm\" data-start=\"718\" data-end=\"745\">L800\u00d7W600\u00d7H760<\/td>\n<td data-col-size=\"sm\" data-start=\"745\" data-end=\"773\">L740\u00d7W540\u00d7H597<\/td>\n<td data-col-size=\"sm\" data-start=\"773\" data-end=\"800\">Con 2 tubos de refuerzo<\/td>\n<td data-col-size=\"sm\" data-start=\"800\" data-end=\"817\">2 patas<\/td>\n<td data-col-size=\"sm\" data-start=\"817\" data-end=\"838\">3<\/td>\n<td data-col-size=\"sm\" data-start=\"838\" data-end=\"858\">1<\/td>\n<td data-col-size=\"sm\" data-start=\"858\" data-end=\"883\">371<\/td>\n<td data-col-size=\"sm\" data-start=\"883\" data-end=\"911\">100<\/td>\n<td data-col-size=\"sm\" data-start=\"911\" data-end=\"926\">1~3<\/td>\n<\/tr>\n<\/tbody>\n<\/table>\n<p data-start=\"314\" data-end=\"672\" class=\"translation-block\"><strong data-start=\"314\" data-end=\"386\">Entrada para montacargas por dos lados en palets pl\u00e1sticos industriales apilables<\/strong><br data-start=\"386\" data-end=\"389\">Esta caja palet de pl\u00e1stico plegable con base de 2 patines permite acceso frontal y trasero para facilitar la manipulaci\u00f3n en almac\u00e9n. La base reforzada evita deformaciones bajo uso industrial intenso.<br data-start=\"585\" data-end=\"588\"><strong data-start=\"588\" data-end=\"596\">Nota<\/strong>: No admite entrada lateral. No compatible con transpaletas manuales.<\/p>\n<p data-start=\"674\" data-end=\"920\" class=\"translation-block\"><strong data-start=\"674\" data-end=\"732\">Caja palet plegable que reduce costes log\u00edsticos<\/strong><br data-start=\"732\" data-end=\"735\">Al plegarse a solo 380mm, minimiza el volumen de retorno y espacio de almacenamiento. Los usuarios con sistemas de circuito cerrado logran hasta 85% de ahorro en espacio.<\/p>\n<p data-start=\"674\" data-end=\"920\"><img fetchpriority=\"high\" decoding=\"async\" class=\"alignnone wp-image-12282 size-large\" src=\"https:\/\/cnplasticpallets.com\/wp-content\/uploads\/2025\/07\/29-1024x1024.jpg\" alt=\"Contenedor a granel de pl\u00e1stico reutilizable con tapa, plegable y apilable con puertas.\" width=\"800\" height=\"800\" srcset=\"https:\/\/cnplasticpallets.com\/wp-content\/uploads\/2025\/07\/29-1024x1024.jpg 1024w, https:\/\/cnplasticpallets.com\/wp-content\/uploads\/2025\/07\/29-300x300.jpg 300w, https:\/\/cnplasticpallets.com\/wp-content\/uploads\/2025\/07\/29-150x150.jpg 150w, https:\/\/cnplasticpallets.com\/wp-content\/uploads\/2025\/07\/29-768x768.jpg 768w, https:\/\/cnplasticpallets.com\/wp-content\/uploads\/2025\/07\/29-12x12.jpg 12w, https:\/\/cnplasticpallets.com\/wp-content\/uploads\/2025\/07\/29-600x600.jpg 600w, https:\/\/cnplasticpallets.com\/wp-content\/uploads\/2025\/07\/29-100x100.jpg 100w, https:\/\/cnplasticpallets.com\/wp-content\/uploads\/2025\/07\/29.jpg 1500w\" sizes=\"(max-width: 800px) 100vw, 800px\" \/><\/p>\n<p data-start=\"922\" data-end=\"1189\" class=\"translation-block\"><strong data-start=\"922\" data-end=\"990\">Caja palet con tapa para mayor seguridad en el apilado<\/strong><br data-start=\"990\" data-end=\"993\">Ofrecemos una tapa ligera y de ajuste seguro para este contenedor retornable. Mejora la estabilidad del apilado, previene la contaminaci\u00f3n y permite impresi\u00f3n de logotipo o integraci\u00f3n RFID.<\/p>\n<p data-start=\"1191\" data-end=\"1442\" class=\"translation-block\"><strong data-start=\"1191\" data-end=\"1250\">Estructura ligera y resistente para log\u00edstica industrial<\/strong><br data-start=\"1250\" data-end=\"1253\">Con solo 23,5 kg de peso, esta caja palet facilita el manejo sin sacrificar resistencia. Ideal para exportaci\u00f3n y apilado prolongado.<\/p>\n<p data-start=\"1444\" data-end=\"1689\" class=\"translation-block\"><strong data-start=\"1444\" data-end=\"1506\">Alta densidad de carga en contenedor para transporte eficiente<\/strong><br data-start=\"1506\" data-end=\"1509\">Se pueden cargar hasta 380 unidades por contenedor 40HC, superando a la mayor\u00eda de cajas est\u00e1ndar. Reduce costos log\u00edsticos por unidad.<\/p>\n<p data-start=\"281\" data-end=\"539\" class=\"translation-block\"><strong data-start=\"281\" data-end=\"340\">Dos modelos disponibles para distintas aplicaciones de carga<\/strong><br data-start=\"340\" data-end=\"343\">Esta caja palet de pl\u00e1stico plegable se ofrece en dos versiones: est\u00e1ndar y reforzada. La versi\u00f3n reforzada incorpora 2 tubos de acero, aumentando la carga est\u00e1tica hasta 3 toneladas, ideal para piezas pesadas o apilado para exportaci\u00f3n.<\/p>\n<p data-start=\"1951\" data-end=\"2210\" class=\"translation-block\"><strong data-start=\"1951\" data-end=\"2014\">Huella est\u00e1ndar para sistemas de almacenaje apilables<\/strong><br data-start=\"2014\" data-end=\"2017\">Con medidas de 800\u00d7600\u00d7760mm, se integra f\u00e1cilmente a sistemas autom\u00e1ticos y flujos con montacargas. El dise\u00f1o r\u00edgido asegura estabilidad dimensional prolongada.<\/p>\n<p data-start=\"2212\" data-end=\"2464\" class=\"translation-block\"><strong data-start=\"2212\" data-end=\"2266\">Capacidad de 224L en contenedor retornable<\/strong><br data-start=\"2266\" data-end=\"2269\">Ofrece 224L de volumen \u00fatil con dimensiones internas optimizadas. Perfecto para piezas automotrices, empaques blandos o componentes moldeados.<\/p>\n<h2><strong>Casos de Clientes<\/strong><\/h2>\n<p><img decoding=\"async\" class=\"alignnone wp-image-12283 size-large\" src=\"https:\/\/cnplasticpallets.com\/wp-content\/uploads\/2025\/07\/30-1024x1024.jpg\" alt=\"Cajas de palets de pl\u00e1stico utilizadas por los principales clientes de las industrias automotriz y log\u00edstica\" width=\"800\" height=\"800\" srcset=\"https:\/\/cnplasticpallets.com\/wp-content\/uploads\/2025\/07\/30-1024x1024.jpg 1024w, https:\/\/cnplasticpallets.com\/wp-content\/uploads\/2025\/07\/30-300x300.jpg 300w, https:\/\/cnplasticpallets.com\/wp-content\/uploads\/2025\/07\/30-150x150.jpg 150w, https:\/\/cnplasticpallets.com\/wp-content\/uploads\/2025\/07\/30-768x768.jpg 768w, https:\/\/cnplasticpallets.com\/wp-content\/uploads\/2025\/07\/30-12x12.jpg 12w, https:\/\/cnplasticpallets.com\/wp-content\/uploads\/2025\/07\/30-600x600.jpg 600w, https:\/\/cnplasticpallets.com\/wp-content\/uploads\/2025\/07\/30-100x100.jpg 100w, https:\/\/cnplasticpallets.com\/wp-content\/uploads\/2025\/07\/30.jpg 1500w\" sizes=\"(max-width: 800px) 100vw, 800px\" \/><\/p>\n<h2><strong>Aplicaci\u00f3n de Contenedores Plegables de Pl\u00e1stico a Granel<\/strong><\/h2>\n<p class=\"translation-block\">Aunque no est\u00e1n dise\u00f1ados para volumen m\u00e1ximo, nuestros <strong data-start=\"373\" data-end=\"412\">Contenedores Plegables de Pl\u00e1stico a Granel<\/strong> combinan una compacta <strong data-start=\"431\" data-end=\"448\">capacidad de 224\u202fL<\/strong> con <strong data-start=\"454\" data-end=\"494\">resistencia de carga hasta 3 toneladas<\/strong>, lo que los hace ideales para industrias que manejan <strong data-start=\"555\" data-end=\"582\">piezas densas y de alto valor<\/strong>, como automotriz, componentes mec\u00e1nicos y embalaje para exportaci\u00f3n, donde la resistencia estructural y la eficiencia en la log\u00edstica de retorno son m\u00e1s importantes que el volumen.<\/p>\n<p><img decoding=\"async\" class=\"alignnone wp-image-12285 size-large\" src=\"https:\/\/cnplasticpallets.com\/wp-content\/uploads\/2025\/07\/32-1-1024x1024.jpg\" alt=\"Contenedores pl\u00e1sticos a granel utilizados para almacenar piezas, sacos y embalajes log\u00edsticos\" width=\"800\" height=\"800\" srcset=\"https:\/\/cnplasticpallets.com\/wp-content\/uploads\/2025\/07\/32-1-1024x1024.jpg 1024w, https:\/\/cnplasticpallets.com\/wp-content\/uploads\/2025\/07\/32-1-300x300.jpg 300w, https:\/\/cnplasticpallets.com\/wp-content\/uploads\/2025\/07\/32-1-150x150.jpg 150w, https:\/\/cnplasticpallets.com\/wp-content\/uploads\/2025\/07\/32-1-768x768.jpg 768w, https:\/\/cnplasticpallets.com\/wp-content\/uploads\/2025\/07\/32-1-12x12.jpg 12w, https:\/\/cnplasticpallets.com\/wp-content\/uploads\/2025\/07\/32-1-600x600.jpg 600w, https:\/\/cnplasticpallets.com\/wp-content\/uploads\/2025\/07\/32-1-100x100.jpg 100w, https:\/\/cnplasticpallets.com\/wp-content\/uploads\/2025\/07\/32-1.jpg 1500w\" sizes=\"(max-width: 800px) 100vw, 800px\" \/><\/p>\n<p>&nbsp;<\/p>\n<h2>Por Qu\u00e9 Elegir Enlightening Pallet como su Proveedor de Cajas Palet Plegables<\/h2>\n<p data-start=\"162\" data-end=\"281\" class=\"translation-block\">A los compradores les importa principalmente la <strong data-start=\"185\" data-end=\"206\">estabilidad de calidad<\/strong>, <strong data-start=\"208\" data-end=\"231\">precios transparentes<\/strong> y <strong data-start=\"237\" data-end=\"258\">soporte a largo plazo<\/strong>. Nosotros ofrecemos los tres.<\/p>\n<p data-start=\"283\" data-end=\"486\" class=\"translation-block\"><strong data-start=\"283\" data-end=\"306\">Enlightening Pallet<\/strong> fabrica cada caja palet plegable internamente\u2014<strong data-start=\"355\" data-end=\"393\">desde HDPE\/PP virgen hasta el ensamblaje final<\/strong>\u2014garantizando calidad constante y <strong data-start=\"426\" data-end=\"457\">precios directos de f\u00e1brica<\/strong>, sin recargos de intermediarios.<\/p>\n<p data-start=\"488\" data-end=\"661\" class=\"translation-block\">Cada unidad incluye una <strong data-start=\"511\" data-end=\"530\">garant\u00eda de 3 a\u00f1os<\/strong> que cubre la durabilidad estructural bajo condiciones industriales normales. Realizamos pruebas de ca\u00edda, apilamiento y resistencia al impacto de montacargas.<\/p>\n<p data-start=\"663\" data-end=\"898\" class=\"translation-block\">Con exportaciones a <strong data-start=\"679\" data-end=\"697\">m\u00e1s de 118 pa\u00edses<\/strong> y soporte para <strong data-start=\"714\" data-end=\"741\">m\u00e1s de 500 clientes empresariales<\/strong>, ofrecemos carga optimizada de contenedores, respuesta r\u00e1pida y asistencia multiling\u00fce. No solo vendemos una caja\u2014reducimos su coste total de propiedad.<\/p>\n<p data-start=\"663\" data-end=\"898\"><img loading=\"lazy\" decoding=\"async\" class=\"alignnone wp-image-12284 size-large\" src=\"https:\/\/cnplasticpallets.com\/wp-content\/uploads\/2025\/07\/31-1-1024x1024.jpg\" alt=\"F\u00e1brica de contenedores pl\u00e1sticos a granel con gran producci\u00f3n y l\u00edneas de producci\u00f3n automatizadas\" width=\"800\" height=\"800\" srcset=\"https:\/\/cnplasticpallets.com\/wp-content\/uploads\/2025\/07\/31-1-1024x1024.jpg 1024w, https:\/\/cnplasticpallets.com\/wp-content\/uploads\/2025\/07\/31-1-300x300.jpg 300w, https:\/\/cnplasticpallets.com\/wp-content\/uploads\/2025\/07\/31-1-150x150.jpg 150w, https:\/\/cnplasticpallets.com\/wp-content\/uploads\/2025\/07\/31-1-768x768.jpg 768w, https:\/\/cnplasticpallets.com\/wp-content\/uploads\/2025\/07\/31-1-12x12.jpg 12w, https:\/\/cnplasticpallets.com\/wp-content\/uploads\/2025\/07\/31-1-600x600.jpg 600w, https:\/\/cnplasticpallets.com\/wp-content\/uploads\/2025\/07\/31-1-100x100.jpg 100w, https:\/\/cnplasticpallets.com\/wp-content\/uploads\/2025\/07\/31-1.jpg 1500w\" sizes=\"(max-width: 800px) 100vw, 800px\" \/><\/p>","protected":false},"excerpt":{"rendered":"<p class=\"translation-block\">Con un dise\u00f1o <strong>plegable de 380 mm<\/strong>, <strong>capacidad de 224L<\/strong> y <strong>carga est\u00e1tica de 3 toneladas<\/strong>, este contenedor de pl\u00e1stico plegable est\u00e1 dise\u00f1ado para piezas densas, embalaje de exportaci\u00f3n y log\u00edstica en circuito cerrado. Como <strong>fabricante directo<\/strong>, ofrecemos stock estable, precios competitivos y tiempos de entrega r\u00e1pidos. <strong>Este modelo es una soluci\u00f3n rentable y eficiente en apilado sin sacrificar capacidad de carga.<\/strong><\/p>","protected":false},"featured_media":12281,"comment_status":"open","ping_status":"closed","template":"","meta":{"_seopress_robots_primary_cat":"none","_seopress_titles_title":"Collapsible Plastic Bulk Containers | Manufacturer Supply","_seopress_titles_desc":"Foldable shipping containers with 380mm folded height and 3T static load, ideal for export logistics, automotive parts, and dense product handling.","_seopress_robots_index":"","_angie_page":false},"product_brand":[],"product_cat":[83,96,81],"product_tag":[],"class_list":{"0":"post-12273","1":"product","2":"type-product","3":"status-publish","4":"has-post-thumbnail","6":"product_cat-all-product","7":"product_cat-collapsible-plastic-pallet-boxes","8":"product_cat-plastic-pallet-box","10":"first","11":"instock","12":"shipping-taxable","13":"product-type-simple"},"_links":{"self":[{"href":"https:\/\/cnplasticpallets.com\/es\/wp-json\/wp\/v2\/product\/12273","targetHints":{"allow":["GET"]}}],"collection":[{"href":"https:\/\/cnplasticpallets.com\/es\/wp-json\/wp\/v2\/product"}],"about":[{"href":"https:\/\/cnplasticpallets.com\/es\/wp-json\/wp\/v2\/types\/product"}],"replies":[{"embeddable":true,"href":"https:\/\/cnplasticpallets.com\/es\/wp-json\/wp\/v2\/comments?post=12273"}],"wp:featuredmedia":[{"embeddable":true,"href":"https:\/\/cnplasticpallets.com\/es\/wp-json\/wp\/v2\/media\/12281"}],"wp:attachment":[{"href":"https:\/\/cnplasticpallets.com\/es\/wp-json\/wp\/v2\/media?parent=12273"}],"wp:term":[{"taxonomy":"product_brand","embeddable":true,"href":"https:\/\/cnplasticpallets.com\/es\/wp-json\/wp\/v2\/product_brand?post=12273"},{"taxonomy":"product_cat","embeddable":true,"href":"https:\/\/cnplasticpallets.com\/es\/wp-json\/wp\/v2\/product_cat?post=12273"},{"taxonomy":"product_tag","embeddable":true,"href":"https:\/\/cnplasticpallets.com\/es\/wp-json\/wp\/v2\/product_tag?post=12273"}],"curies":[{"name":"wp","href":"https:\/\/api.w.org\/{rel}","templated":true}]}}