{"id":12255,"date":"2025-07-17T15:09:28","date_gmt":"2025-07-17T07:09:28","guid":{"rendered":"https:\/\/cnplasticpallets.com\/?post_type=product&#038;p=12255"},"modified":"2025-10-10T09:12:18","modified_gmt":"2025-10-10T01:12:18","slug":"1200x800-splicing-euro-pallet","status":"publish","type":"product","link":"https:\/\/cnplasticpallets.com\/es\/product\/plastic-pallets\/modular-plastic-pallet\/1200x800-splicing-euro-pallet\/","title":{"rendered":"Palet Euro Pl\u00e1stico de Uni\u00f3n 1200 \u00d7 800 mm"},"content":{"rendered":"<h2 data-start=\"0\" data-end=\"68\"><strong>Palet modular compacto dise\u00f1ado para eficiencia log\u00edstica flexible<\/strong><\/h2>\n<ul data-start=\"70\" data-end=\"2114\" data-is-only-node=\"\" data-is-last-node=\"\">\n<li data-start=\"70\" data-end=\"275\">\n<p data-start=\"72\" data-end=\"275\" class=\"translation-block\"><strong data-start=\"72\" data-end=\"102\">Fabricado con HDPE 100\u202f% virgen<\/strong>, nuestros palets ofrecen resistencia al impacto y estabilidad estructural, ayudando a reducir tiempos muertos y costos de reposici\u00f3n, especialmente en entornos de almac\u00e9n exigentes.<\/p>\n<\/li>\n<li data-start=\"277\" data-end=\"480\">\n<p data-start=\"279\" data-end=\"480\" class=\"translation-block\">Dise\u00f1ados en formato euro compacto (<strong data-start=\"321\" data-end=\"335\">1200\u00d7800\u202fmm<\/strong>), estos palets optimizan el espacio limitado, facilitan la circulaci\u00f3n en pasillos y mejoran la precisi\u00f3n de inventario en operaciones frecuentes.<\/p>\n<\/li>\n<li data-start=\"277\" data-end=\"480\">El dise\u00f1o encajable incluye ranuras reforzadas y uniones anti-hundimiento, lo que garantiza estabilidad incluso cuando se ampl\u00eda\u2014apto para estanter\u00edas tras el empalme.<\/li>\n<li data-start=\"482\" data-end=\"679\">\n<p data-start=\"484\" data-end=\"679\" class=\"translation-block\">Utilizamos una <strong data-start=\"500\" data-end=\"527\">estructura de base de 3 patines<\/strong> que soporta hasta <strong data-start=\"557\" data-end=\"578\">1000\u202fkg en estanter\u00eda<\/strong>, ofreciendo mayor seguridad al apilar productos pesados o almacenar a m\u00faltiples niveles.<\/p>\n<\/li>\n<li data-start=\"681\" data-end=\"872\">\n<p data-start=\"683\" data-end=\"872\" class=\"translation-block\">Con <strong data-start=\"703\" data-end=\"730\">entrada para montacargas en 4 lados<\/strong>, su equipo puede manipular r\u00e1pidamente los palets desde cualquier \u00e1ngulo, ahorrando tiempo operativo. Compatible con montacargas, apiladores y transpaletas el\u00e9ctricas.<\/p>\n<\/li>\n<li data-start=\"874\" data-end=\"1089\">\n<p data-start=\"876\" data-end=\"1089\" class=\"translation-block\">Cada palet incluye <strong data-start=\"897\" data-end=\"938\">conexiones modulares integradas<\/strong>, lo que permite ajustar la longitud f\u00e1cilmente sin herramientas adicionales\u2014ideal para adaptar las dimensiones del palet a diferentes cargas o configuraciones.<\/p>\n<\/li>\n<li data-start=\"1091\" data-end=\"1298\">\n<p data-start=\"1093\" data-end=\"1298\" class=\"translation-block\">Nuestros palets permiten a\u00f1adir <strong data-start=\"1120\" data-end=\"1169\">protectores de bordes en color y almohadillas antideslizantes<\/strong>, protegiendo los productos durante el transporte y reduciendo p\u00e9rdidas, especialmente al manejar embalajes fr\u00e1giles o resbaladizos.<\/p>\n<\/li>\n<li data-start=\"1300\" data-end=\"1506\">\n<p data-start=\"1302\" data-end=\"1506\" class=\"translation-block\">Reforzado con al menos <strong data-start=\"1327\" data-end=\"1343\">4 barras de acero<\/strong> (ampliables al agregar m\u00f3dulos), el palet mantiene su integridad bajo cargas din\u00e1micas pesadas (<strong data-start=\"1440\" data-end=\"1450\">1500\u202fkg<\/strong>) y condiciones extremas de almac\u00e9n (<strong data-start=\"1486\" data-end=\"1504\">-30\u202f\u00b0C a +40\u202f\u00b0C<\/strong>).<\/p>\n<\/li>\n<li data-start=\"1508\" data-end=\"1713\">\n<p data-start=\"1510\" data-end=\"1713\" class=\"translation-block\">El dise\u00f1o de plataforma ventilada <strong data-start=\"1537\" data-end=\"1557\">mejora el flujo de aire<\/strong>, reduce la acumulaci\u00f3n de humedad y protege la mercanc\u00eda sensible contra da\u00f1os por condensaci\u00f3n, extendiendo la vida \u00fatil en almacenes y log\u00edstica en fr\u00edo.<\/p>\n<\/li>\n<li data-start=\"1715\" data-end=\"1917\">\n<p data-start=\"1717\" data-end=\"1917\">Para respaldar la trazabilidad y personalizaci\u00f3n de marca, ofrecemos total personalizaci\u00f3n de colores, dimensiones del palet e impresi\u00f3n de logotipo, facilitando la gesti\u00f3n de inventario y reforzando su identidad corporativa.<\/p>\n<\/li>\n<li data-start=\"1919\" data-end=\"2114\" data-is-last-node=\"\">\n<p data-start=\"1921\" data-end=\"2114\" data-is-last-node=\"\" class=\"translation-block\">Construidos para uso repetido y prolongado, estos palets son totalmente <strong data-start=\"1979\" data-end=\"2005\">racks y apilables<\/strong>, dise\u00f1ados para optimizar la log\u00edstica industrial sin comprometer la durabilidad ni la fiabilidad.<\/p>\n<\/li>\n<\/ul>\n<p><img fetchpriority=\"high\" decoding=\"async\" class=\"alignnone wp-image-12261 size-full\" src=\"https:\/\/cnplasticpallets.com\/wp-content\/uploads\/2025\/07\/1200mm\u00d7800mm-3runners-2_1.jpg\" alt=\"Paleta de pl\u00e1stico modular azul de 1200 mm x 800 mm con 3 patines, con marcas detalladas de tama\u00f1o en los bordes.\" width=\"800\" height=\"600\" srcset=\"https:\/\/cnplasticpallets.com\/wp-content\/uploads\/2025\/07\/1200mm\u00d7800mm-3runners-2_1.jpg 800w, https:\/\/cnplasticpallets.com\/wp-content\/uploads\/2025\/07\/1200mm\u00d7800mm-3runners-2_1-300x225.jpg 300w, https:\/\/cnplasticpallets.com\/wp-content\/uploads\/2025\/07\/1200mm\u00d7800mm-3runners-2_1-768x576.jpg 768w, https:\/\/cnplasticpallets.com\/wp-content\/uploads\/2025\/07\/1200mm\u00d7800mm-3runners-2_1-16x12.jpg 16w, https:\/\/cnplasticpallets.com\/wp-content\/uploads\/2025\/07\/1200mm\u00d7800mm-3runners-2_1-600x450.jpg 600w\" sizes=\"(max-width: 800px) 100vw, 800px\" \/><\/p>\n<h2 data-start=\"195\" data-end=\"264\"><strong data-start=\"201\" data-end=\"264\">Caracter\u00edsticas personalizables para palets euro 1200\u00d7800 modulares<\/strong><\/h2>\n<ul data-start=\"266\" data-end=\"1250\">\n<li data-start=\"266\" data-end=\"385\">\n<p data-start=\"268\" data-end=\"385\" class=\"translation-block\"><strong data-start=\"268\" data-end=\"291\">Logotipo y Trazabilidad<\/strong><br data-start=\"291\" data-end=\"294\">Serigraf\u00eda, marcado l\u00e1ser, estampado en caliente, numeraci\u00f3n secuencial e integraci\u00f3n de etiqueta RFID.<\/p>\n<\/li>\n<li data-start=\"387\" data-end=\"485\">\n<p data-start=\"389\" data-end=\"485\" class=\"translation-block\"><strong data-start=\"389\" data-end=\"406\">Opciones de Color<\/strong><br data-start=\"406\" data-end=\"409\">Colores est\u00e1ndar seg\u00fan RAL o personalizados para clasificaci\u00f3n visual y codificaci\u00f3n de inventario.<\/p>\n<\/li>\n<li data-start=\"487\" data-end=\"586\">\n<p data-start=\"489\" data-end=\"586\" class=\"translation-block\"><strong data-start=\"489\" data-end=\"520\">Antideslizante y Seguridad<\/strong><br data-start=\"520\" data-end=\"523\">Almohadillas de goma opcionales, protectores de esquinas y bordes encajables.<\/p>\n<\/li>\n<li data-start=\"588\" data-end=\"691\">\n<p data-start=\"590\" data-end=\"691\" class=\"translation-block\"><strong data-start=\"590\" data-end=\"613\">Refuerzo de Acero<\/strong><br data-start=\"613\" data-end=\"616\">M\u00ednimo 4 barras de acero; cantidad escalable seg\u00fan carga o longitud del m\u00f3dulo.<\/p>\n<\/li>\n<li data-start=\"693\" data-end=\"805\">\n<p data-start=\"695\" data-end=\"805\" class=\"translation-block\"><strong data-start=\"695\" data-end=\"713\">Estructura de Base<\/strong><br data-start=\"713\" data-end=\"716\">Patines cerrados o dise\u00f1o con nervaduras reforzadas para racks estrechos y sistemas AGV.<\/p>\n<\/li>\n<li data-start=\"807\" data-end=\"919\">\n<p data-start=\"809\" data-end=\"919\" class=\"translation-block\"><strong data-start=\"809\" data-end=\"831\">Aditivos de Material<\/strong><br data-start=\"831\" data-end=\"834\">Estabilizantes UV (HALS) y modificadores para impacto en fr\u00edo para exteriores o congelaci\u00f3n.<\/p>\n<\/li>\n<li data-start=\"921\" data-end=\"1028\">\n<p data-start=\"923\" data-end=\"1028\" class=\"translation-block\"><strong data-start=\"923\" data-end=\"942\">Dise\u00f1o de la Plataforma Superior<\/strong><br data-start=\"942\" data-end=\"945\">Tasa de ventilaci\u00f3n, disposici\u00f3n de orificios de drenaje y densidad de rejilla personalizables.<\/p>\n<\/li>\n<li data-start=\"1030\" data-end=\"1141\">\n<p data-start=\"1032\" data-end=\"1141\" class=\"translation-block\"><strong data-start=\"1032\" data-end=\"1053\">Extensi\u00f3n de Longitud<\/strong><br data-start=\"1053\" data-end=\"1056\">Uni\u00f3n modular para adaptarse a gitterboxes, elevadores de c\u00e1mara frigor\u00edfica o l\u00edneas autom\u00e1ticas.<\/p>\n<\/li>\n<li data-start=\"1143\" data-end=\"1250\">\n<p data-start=\"1145\" data-end=\"1250\" class=\"translation-block\"><strong data-start=\"1145\" data-end=\"1170\">Optimizaci\u00f3n del Apilado<\/strong><br data-start=\"1170\" data-end=\"1173\">Espaciado y altura de las patas personalizados para maximizar carga en contenedor o cami\u00f3n.<\/p>\n<\/li>\n<li data-start=\"1143\" data-end=\"1250\" class=\"translation-block\"><strong data-start=\"450\" data-end=\"485\">Sistema de Empalme y Durabilidad<\/strong><br data-start=\"485\" data-end=\"488\">Las uniones modulares no requieren herramientas y se conectan en campo. <strong data-start=\"549\" data-end=\"680\">Ofrecemos mecanismos de bloqueo para usos frecuentes. Probadas hasta 300+ ciclos de conexi\u00f3n sin desgaste.<\/strong><\/li>\n<\/ul>\n<h2 data-start=\"93\" data-end=\"110\"><strong data-start=\"93\" data-end=\"110\"><strong>Por qu\u00e9 elegirnos<\/strong><\/strong><\/h2>\n<ul data-start=\"112\" data-end=\"1086\">\n<li data-start=\"112\" data-end=\"428\">\n<p data-start=\"114\" data-end=\"428\" class=\"translation-block\"><strong data-start=\"114\" data-end=\"174\">Producci\u00f3n Directa con Control Total de la Cadena de Suministro<\/strong><br data-start=\"174\" data-end=\"177\">Operamos nuestra propia <strong data-start=\"192\" data-end=\"226\">planta de moldeo por inyecci\u00f3n<\/strong> con l\u00edneas exclusivas para palets pl\u00e1sticos modulares. Desde <strong data-start=\"282\" data-end=\"310\">materia prima hasta ensamblaje<\/strong>, garantizamos <strong data-start=\"322\" data-end=\"344\">calidad constante<\/strong>, <strong data-start=\"346\" data-end=\"367\" data-is-only-node=\"\">plazos estables<\/strong> y <strong data-start=\"373\" data-end=\"396\">precios transparentes<\/strong>, sin <strong data-start=\"402\" data-end=\"427\">intermediarios involucrados<\/strong>.<\/p>\n<\/li>\n<li data-start=\"430\" data-end=\"772\">\n<p data-start=\"432\" data-end=\"772\" class=\"translation-block\"><strong data-start=\"114\" data-end=\"174\">Producci\u00f3n Directa con Control Total de la Cadena de Suministro<\/strong><br data-start=\"174\" data-end=\"177\">Operamos nuestra propia <strong data-start=\"192\" data-end=\"226\">planta de moldeo por inyecci\u00f3n<\/strong> con l\u00edneas exclusivas para palets pl\u00e1sticos modulares. Desde <strong data-start=\"282\" data-end=\"310\">materia prima hasta ensamblaje<\/strong>, garantizamos <strong data-start=\"322\" data-end=\"344\">calidad constante<\/strong>, <strong data-start=\"346\" data-end=\"367\" data-is-only-node=\"\">plazos estables<\/strong> y <strong data-start=\"373\" data-end=\"396\">precios transparentes<\/strong>, sin <strong data-start=\"402\" data-end=\"427\">intermediarios involucrados<\/strong>.<\/p>\n<\/li>\n<li data-start=\"774\" data-end=\"1086\">\n<p data-start=\"776\" data-end=\"1086\" class=\"translation-block\"><strong data-start=\"776\" data-end=\"832\">Ingenier\u00eda Estructural Especializada para Uso Modular<\/strong><br data-start=\"832\" data-end=\"835\">Nuestros palets incluyen <strong data-start=\"855\" data-end=\"884\">uniones de bloqueo reforzadas<\/strong>, <strong data-start=\"886\" data-end=\"913\">refuerzos anti-hundimiento<\/strong> y est\u00e1n <strong data-start=\"923\" data-end=\"957\">probados para m\u00e1s de 300 ciclos de conexi\u00f3n<\/strong>. A diferencia de dise\u00f1os gen\u00e9ricos, siguen siendo <strong data-start=\"995\" data-end=\"1023\" data-is-only-node=\"\">aptos para estanter\u00edas tras extensi\u00f3n<\/strong> y est\u00e1n <strong data-start=\"1032\" data-end=\"1085\">estructuralmente equilibrados para cargas din\u00e1micas en almac\u00e9n<\/strong>.<\/p>\n<\/li>\n<\/ul>","protected":false},"excerpt":{"rendered":"<p data-start=\"148\" data-end=\"701\" class=\"translation-block\">Fabricado en HDPE virgen con base rackable de 3 patines, este palet pl\u00e1stico modular tipo euro ofrece empalme sin herramientas, tama\u00f1o compacto 1200\u00d7800 y apilado estable para uso log\u00edstico din\u00e1mico. Ideal para <strong data-start=\"344\" data-end=\"364\">zonas de picking reducido<\/strong>, <strong data-start=\"366\" data-end=\"390\">sistemas de estanter\u00edas lanzadera<\/strong> y <strong data-start=\"396\" data-end=\"427\">preparaci\u00f3n de cargas a medida<\/strong>. Como <strong data-start=\"449\" data-end=\"488\">fabricante y proveedor mayorista<\/strong> directo, garantizamos calidad constante, despacho r\u00e1pido y stock escalable. <strong data-start=\"555\" data-end=\"701\">Dise\u00f1ado para estanter\u00edas repetitivas y adaptaci\u00f3n modular, nuestro palet ofrece la precisi\u00f3n operativa que exige el almacenamiento est\u00e1ndar europeo.<\/strong><\/p>","protected":false},"featured_media":12262,"comment_status":"open","ping_status":"closed","template":"","meta":{"_seopress_robots_primary_cat":"none","_seopress_titles_title":"Modular Plastic Euro Pallets | 3 Runners | Factory Supply","_seopress_titles_desc":"Modular plastic euro pallet with 3-runner rackable base\u2014stackable, custom made, and splicing-ready for flexible sizing in dynamic warehouse systems.","_seopress_robots_index":"","_angie_page":false},"product_brand":[],"product_cat":[83,148,84],"product_tag":[],"class_list":{"0":"post-12255","1":"product","2":"type-product","3":"status-publish","4":"has-post-thumbnail","6":"product_cat-all-product","7":"product_cat-modular-plastic-pallet","8":"product_cat-plastic-pallets","10":"first","11":"instock","12":"shipping-taxable","13":"product-type-simple"},"_links":{"self":[{"href":"https:\/\/cnplasticpallets.com\/es\/wp-json\/wp\/v2\/product\/12255","targetHints":{"allow":["GET"]}}],"collection":[{"href":"https:\/\/cnplasticpallets.com\/es\/wp-json\/wp\/v2\/product"}],"about":[{"href":"https:\/\/cnplasticpallets.com\/es\/wp-json\/wp\/v2\/types\/product"}],"replies":[{"embeddable":true,"href":"https:\/\/cnplasticpallets.com\/es\/wp-json\/wp\/v2\/comments?post=12255"}],"wp:featuredmedia":[{"embeddable":true,"href":"https:\/\/cnplasticpallets.com\/es\/wp-json\/wp\/v2\/media\/12262"}],"wp:attachment":[{"href":"https:\/\/cnplasticpallets.com\/es\/wp-json\/wp\/v2\/media?parent=12255"}],"wp:term":[{"taxonomy":"product_brand","embeddable":true,"href":"https:\/\/cnplasticpallets.com\/es\/wp-json\/wp\/v2\/product_brand?post=12255"},{"taxonomy":"product_cat","embeddable":true,"href":"https:\/\/cnplasticpallets.com\/es\/wp-json\/wp\/v2\/product_cat?post=12255"},{"taxonomy":"product_tag","embeddable":true,"href":"https:\/\/cnplasticpallets.com\/es\/wp-json\/wp\/v2\/product_tag?post=12255"}],"curies":[{"name":"wp","href":"https:\/\/api.w.org\/{rel}","templated":true}]}}