{"id":11907,"date":"2025-07-10T14:43:52","date_gmt":"2025-07-10T06:43:52","guid":{"rendered":"https:\/\/cnplasticpallets.com\/?post_type=product&#038;p=11907"},"modified":"2025-07-14T14:57:04","modified_gmt":"2025-07-14T06:57:04","slug":"splicing-for-steel-plants-storage","status":"publish","type":"product","link":"https:\/\/cnplasticpallets.com\/es\/product\/plastic-pallets\/modular-plastic-pallet\/splicing-for-steel-plants-storage\/","title":{"rendered":"Palets de Pl\u00e1stico Ensamblables Grandes para Almacenamiento en Plantas Sider\u00fargicas"},"content":{"rendered":"<p data-start=\"152\" data-end=\"526\" class=\"translation-block\">Cuando las chapas se deforman u oxidan por estar en el suelo, o los tacos de madera se rompen bajo carga, no es solo un problema superficial: es p\u00e9rdida de stock, paradas de trabajo y riesgo de seguridad. Nuestro <a href=\"https:\/\/cnplasticpallets.com\/es\/product-category\/plastic-pallets\/modular-plastic-pallet\/\" target=\"_self\"><strong data-start=\"326\" data-end=\"350\">pal\u00e9 HDPE modular<\/strong><\/a> soluciona esto con una <strong data-start=\"370\" data-end=\"400\">superficie ventilada totalmente plana<\/strong>, <strong data-start=\"402\" data-end=\"428\">base de 3 patines para rack<\/strong> y <strong data-start=\"434\" data-end=\"460\">refuerzos modulares<\/strong>, reduciendo <strong data-start=\"470\" data-end=\"525\">la p\u00e9rdida de chapa y ganando 50\u202f% m\u00e1s altura de almacenamiento<\/strong>.<\/p>\n<h2>Ventajas del Producto \u2013 Por Qu\u00e9 las Acer\u00edas Eligen Pal\u00e9s Pl\u00e1sticos Modulares<\/h2>\n<p data-start=\"426\" data-end=\"485\"><strong>Reemplace Costos Desechables con Durabilidad Reutilizable<\/strong><\/p>\n<p data-start=\"486\" data-end=\"750\" class=\"translation-block\">Fabricamos nuestros <strong data-start=\"505\" data-end=\"533\">pal\u00e9s pl\u00e1sticos reutilizables<\/strong> en HDPE r\u00edgido y moldeo por inyecci\u00f3n de precisi\u00f3n. A diferencia de la madera que se rompe o pudre en meses, nuestra soluci\u00f3n dura <strong data-start=\"660\" data-end=\"675\">4\u20136 veces m\u00e1s<\/strong>, reduciendo recompras y transformando consumibles en activos duraderos.<\/p>\n<p data-start=\"757\" data-end=\"811\"><strong>Aproveche Altura Libre con Dise\u00f1o para Estanter\u00eda<\/strong><\/p>\n<p data-start=\"812\" data-end=\"1076\" class=\"translation-block\">Este <strong data-start=\"816\" data-end=\"853\">pal\u00e9 modular para racks<\/strong> incluye base de 3 patines dise\u00f1ada para estanter\u00edas, soportando hasta <strong data-start=\"924\" data-end=\"934\">1000\u202fkg<\/strong> por posici\u00f3n. Permite apilar acero de gran formato fuera del suelo, aumentando la capacidad del almac\u00e9n en m\u00e1s de <strong data-start=\"1045\" data-end=\"1075\">50\u202f% sin cambiar el dise\u00f1o<\/strong>.<\/p>\n<p data-start=\"1083\" data-end=\"1133\"><strong>Manejo M\u00e1s R\u00e1pido, Menos Mano de Obra y Errores<\/strong><\/p>\n<p data-start=\"1134\" data-end=\"1392\" class=\"translation-block\"><span data-start=\"1149\" data-end=\"1175\">El pal\u00e9 pl\u00e1stico <strong>m<\/strong><\/span><strong data-start=\"1149\" data-end=\"1175\">odular en HDPE<\/strong> con <strong data-start=\"1181\" data-end=\"1199\">entrada por 4 lados<\/strong> y <strong data-start=\"1204\" data-end=\"1225\">espacio entre patas de 180\u202fmm<\/strong> para alineaci\u00f3n precisa. El <strong data-start=\"1261\" data-end=\"1285\">espacio para horquillas de 110\u202fmm<\/strong> admite la mayor\u00eda de transpaletas y montacargas el\u00e9ctricos, facilitando el manejo por un solo operador.<\/p>\n<p data-start=\"1399\" data-end=\"1455\"><strong>Evite Deformaciones con Plataforma Plana y Precisa<\/strong><\/p>\n<p data-start=\"1456\" data-end=\"1716\" class=\"translation-block\">La <strong data-start=\"1460\" data-end=\"1475\">superficie ventilada<\/strong> mejora la ventilaci\u00f3n y contacto uniforme. El moldeo de alta tolerancia protege <strong data-start=\"1554\" data-end=\"1574\">acero de bajo calibre<\/strong>\u2014como l\u00e1mina laminada en fr\u00edo de 0,5\u202fmm\u2014de doblarse. Refuerzos opcionales <strong data-start=\"1627\" data-end=\"1662\">de acero de alta resistencia<\/strong> aseguran planitud, se recomiendan 4+ barras.<\/p>\n<p data-start=\"1723\" data-end=\"1777\"><strong>Apile Inteligente, Transporte Limpio \u2013 Proteja su Material<\/strong><\/p>\n<p data-start=\"1778\" data-end=\"2033\" class=\"translation-block\">Este <strong data-start=\"1784\" data-end=\"1821\">pal\u00e9 pl\u00e1stico apilable para almacenaje<\/strong> a\u00edsla el acero de humedad y contaminaci\u00f3n. Con <strong data-start=\"1882\" data-end=\"1904\">6000\u202fkg de carga est\u00e1tica<\/strong> y estructura HDPE no absorbente, cada <strong data-start=\"1940\" data-end=\"1964\">pal\u00e9 pl\u00e1stico grande<\/strong> transporta material pesado de forma limpia\u2014ideal para acero crudo, recubierto o aceitado.<\/p>\n<p data-start=\"2040\" data-end=\"2084\"><strong>Facilite Exportaci\u00f3n y Montaje de Exhibiciones<\/strong><\/p>\n<p data-start=\"2085\" data-end=\"2342\" class=\"translation-block\">Cada <strong data-start=\"2090\" data-end=\"2117\">pal\u00e9 modular<\/strong> se desmonta con herramientas b\u00e1sicas, ideal para ferias o almacenamiento temporal. Ofrecemos <strong data-start=\"2204\" data-end=\"2240\">colores personalizados y grabado de logotipo<\/strong>, fortaleciendo la marca en exportaciones, log\u00edstica comercial y exhibiciones.<\/p>\n<p data-start=\"2349\" data-end=\"2413\"><strong>Dise\u00f1ado para Precisi\u00f3n en Cintas y Automatizaci\u00f3n<\/strong>n<\/p>\n<p data-start=\"2414\" data-end=\"2665\" class=\"translation-block\"><span data-start=\"2418\" data-end=\"2445\">Este <\/span><strong data-start=\"2418\" data-end=\"2445\">pal\u00e9 pl\u00e1stico modular<\/strong> se adapta a <strong data-start=\"2455\" data-end=\"2501\">cintas transportadoras de 1200\u00d71000\u202fmm o 1200\u00d7800\u202fmm<\/strong> a\u00f1adiendo o quitando secciones. La base de 3 patines es apta para AGV, y ofrecemos <strong data-start=\"2590\" data-end=\"2622\">integraci\u00f3n con etiquetas RFID\/c\u00f3digos<\/strong> para sistemas inteligentes.<\/p>\n<p><img fetchpriority=\"high\" decoding=\"async\" class=\"alignnone wp-image-11922 size-full\" src=\"https:\/\/cnplasticpallets.com\/wp-content\/uploads\/2025\/07\/3-runners3.png\" alt=\"Paleta de pl\u00e1stico de 2000\u00d71500 mm con estructura de cubierta de rejilla de 3 correderas y etiquetas dimensionales detalladas, utilizada para el soporte de material de impresi\u00f3n de gran formato.\" width=\"800\" height=\"600\" srcset=\"https:\/\/cnplasticpallets.com\/wp-content\/uploads\/2025\/07\/3-runners3.png 800w, https:\/\/cnplasticpallets.com\/wp-content\/uploads\/2025\/07\/3-runners3-300x225.png 300w, https:\/\/cnplasticpallets.com\/wp-content\/uploads\/2025\/07\/3-runners3-768x576.png 768w, https:\/\/cnplasticpallets.com\/wp-content\/uploads\/2025\/07\/3-runners3-16x12.png 16w, https:\/\/cnplasticpallets.com\/wp-content\/uploads\/2025\/07\/3-runners3-600x450.png 600w\" sizes=\"(max-width: 800px) 100vw, 800px\" \/><\/p>\n<h2 data-start=\"166\" data-end=\"223\">\u00bfLo necesita m\u00e1s largo, m\u00e1s fuerte o m\u00e1s inteligente? Creamos el pal\u00e9 ideal para usted.<\/h2>\n<ul data-start=\"225\" data-end=\"1186\">\n<li data-start=\"225\" data-end=\"319\">\n<p data-start=\"227\" data-end=\"319\" class=\"translation-block\">Largo y ancho personalizables para adaptarse a chapas o l\u00edneas transportadoras.<\/p>\n<\/li>\n<li data-start=\"320\" data-end=\"418\">\n<p data-start=\"322\" data-end=\"418\" class=\"translation-block\">Barras de refuerzo de acero opcionales seg\u00fan carga y frecuencia de uso.<\/p>\n<\/li>\n<li data-start=\"419\" data-end=\"513\">\n<p data-start=\"421\" data-end=\"513\" class=\"translation-block\">Ajuste de altura para entrada de horquillas en espacios reducidos o robots.<\/p>\n<\/li>\n<li data-start=\"514\" data-end=\"612\">\n<p data-start=\"516\" data-end=\"612\" class=\"translation-block\">Opciones de superficie para contacto suave con acero pulido o laminado en fr\u00edo.<\/p>\n<\/li>\n<li data-start=\"613\" data-end=\"710\">\n<p data-start=\"615\" data-end=\"710\" class=\"translation-block\">Colores personalizados para gesti\u00f3n visual de procesos o zonas.<\/p>\n<\/li>\n<li data-start=\"711\" data-end=\"807\">\n<p data-start=\"713\" data-end=\"807\" class=\"translation-block\">Grabado de logotipo o lote para trazabilidad y evitar confusiones.<\/p>\n<\/li>\n<li data-start=\"808\" data-end=\"901\">\n<p data-start=\"810\" data-end=\"901\" class=\"translation-block\">Bloques adicionales para base ampliada en bobinas, tubos o perfiles.<\/p>\n<\/li>\n<li data-start=\"902\" data-end=\"996\">\n<p data-start=\"904\" data-end=\"996\" class=\"translation-block\">Dise\u00f1o con orificios de drenaje para exteriores o zonas h\u00famedas.<\/p>\n<\/li>\n<li data-start=\"997\" data-end=\"1088\">\n<p data-start=\"999\" data-end=\"1088\" class=\"translation-block\">Texturas de superficie antideslizante para maniobras r\u00e1pidas con AGV o montacargas.<\/p>\n<\/li>\n<li data-start=\"997\" data-end=\"1088\">\n<p data-start=\"999\" data-end=\"1088\" class=\"translation-block\"><strong data-start=\"142\" data-end=\"175\">Versi\u00f3n para exportaci\u00f3n disponible<\/strong> \u2014 <a href=\"https:\/\/cnplasticpallets.com\/es\/contact\/\" target=\"_self\">cont\u00e1ctenos para dise\u00f1os adaptados a chapas con precios directos de f\u00e1brica<\/a>.<\/p>\n<\/li>\n<\/ul>\n<h2>\u00bfD\u00f3nde Puede Este Pal\u00e9 Ayudarle Realmente a Ahorrar Espacio, Tiempo y Problemas?<\/h2>\n<table class=\"w-fit min-w-(--thread-content-width)\" data-start=\"144\" data-end=\"2592\">\n<thead data-start=\"144\" data-end=\"348\">\n<tr data-start=\"144\" data-end=\"348\">\n<th data-start=\"144\" data-end=\"179\" data-col-size=\"sm\">Escenario de Aplicaci\u00f3n<\/th>\n<th data-start=\"179\" data-end=\"263\" data-col-size=\"md\">Descripci\u00f3n de Uso<\/th>\n<th data-start=\"263\" data-end=\"348\" data-col-size=\"md\">Caracter\u00edsticas Adecuadas<\/th>\n<\/tr>\n<\/thead>\n<tbody data-start=\"554\" data-end=\"2592\">\n<tr data-start=\"554\" data-end=\"757\">\n<td data-start=\"554\" data-end=\"589\" data-col-size=\"sm\">Almacenamiento interior de chapas de acero<\/td>\n<td data-col-size=\"md\" data-start=\"589\" data-end=\"673\">Almacenamiento de chapas laminadas en fr\u00edo o caliente fuera del suelo en zonas secas<\/td>\n<td data-col-size=\"md\" data-start=\"673\" data-end=\"757\">Plataforma plana, apilable, apta para rack, HDPE resistente a la humedad<\/td>\n<\/tr>\n<tr data-start=\"758\" data-end=\"961\">\n<td data-start=\"758\" data-end=\"793\" data-col-size=\"sm\">Base temporal para bobinas de acero<\/td>\n<td data-col-size=\"md\" data-start=\"793\" data-end=\"877\">Base temporal para bobinas de acero antes del procesamiento o corte<\/td>\n<td data-col-size=\"md\" data-start=\"877\" data-end=\"961\">Ancho personalizado, base reforzada, estabilidad de carga<\/td>\n<\/tr>\n<tr data-start=\"962\" data-end=\"1165\">\n<td data-start=\"962\" data-end=\"997\" data-col-size=\"sm\">Apilado en suelo de barras de acero largas<\/td>\n<td data-col-size=\"md\" data-start=\"997\" data-end=\"1081\">Soporte a nivel de suelo para barras o varillas de acero agrupadas<\/td>\n<td data-col-size=\"md\" data-start=\"1081\" data-end=\"1165\">M\u00f3dulos extensibles, base de 3 patines, apilable<\/td>\n<\/tr>\n<tr data-start=\"1166\" data-end=\"1369\">\n<td data-start=\"1166\" data-end=\"1201\" data-col-size=\"sm\">Almacenamiento en rack de chapas de acero<\/td>\n<td data-col-size=\"md\" data-start=\"1201\" data-end=\"1285\">Almacenamiento en m\u00faltiples niveles de chapas planas en racks altos<\/td>\n<td data-col-size=\"md\" data-start=\"1285\" data-end=\"1369\">Dise\u00f1o apto para rack, carga de rack de 1000\u202fkg, barras de acero opcionales<\/td>\n<\/tr>\n<tr data-start=\"1370\" data-end=\"1573\">\n<td data-start=\"1370\" data-end=\"1405\" data-col-size=\"sm\">Zonas tamp\u00f3n de calidad para chapas met\u00e1licas<\/td>\n<td data-col-size=\"md\" data-start=\"1405\" data-end=\"1489\">Aislamiento de chapas sensibles para evitar deformaciones o da\u00f1os en los bordes<\/td>\n<td data-col-size=\"md\" data-start=\"1489\" data-end=\"1573\">Plataforma ventilada moldeada con precisi\u00f3n, soporte estable<\/td>\n<\/tr>\n<tr data-start=\"1574\" data-end=\"1777\">\n<td data-start=\"1574\" data-end=\"1609\" data-col-size=\"sm\">Movimiento interno con AGV en planta<\/td>\n<td data-col-size=\"md\" data-start=\"1609\" data-end=\"1693\">Transporte automatizado dentro de instalaciones inteligentes de acero<\/td>\n<td data-col-size=\"md\" data-start=\"1693\" data-end=\"1777\">Base compatible con AGV, espaciado fijo de patines, soporte para c\u00f3digo de barras<\/td>\n<\/tr>\n<tr data-start=\"1778\" data-end=\"1981\">\n<td data-start=\"1778\" data-end=\"1813\" data-col-size=\"sm\">Prealimentaci\u00f3n en l\u00ednea de transporte<\/td>\n<td data-col-size=\"md\" data-start=\"1813\" data-end=\"1897\">Mantenimiento de chapas cerca de alimentadores o cortadores autom\u00e1ticos<\/td>\n<td data-col-size=\"md\" data-start=\"1897\" data-end=\"1981\">Tama\u00f1o personalizado para sistemas de 1200\u00d71000\u202fmm \/ 1200\u00d7800\u202fmm<\/td>\n<\/tr>\n<tr data-start=\"1982\" data-end=\"2184\">\n<td data-start=\"1982\" data-end=\"2017\" data-col-size=\"sm\">Exhibici\u00f3n de muestras de acero en sala de ventas<\/td>\n<td data-col-size=\"md\" data-start=\"2017\" data-end=\"2100\">Exhibici\u00f3n de chapas con marca en ferias o centros de visitas<\/td>\n<td data-col-size=\"md\" data-start=\"2100\" data-end=\"2184\">M\u00f3dulos removibles, dise\u00f1o limpio, personalizaci\u00f3n de color\/logotipo<\/td>\n<\/tr>\n<tr data-start=\"2185\" data-end=\"2388\">\n<td data-start=\"2185\" data-end=\"2220\" data-col-size=\"sm\">Preparaci\u00f3n para exportaci\u00f3n (sin env\u00edo directo)<\/td>\n<td data-col-size=\"md\" data-start=\"2220\" data-end=\"2304\">Preparaci\u00f3n de chapas para exportaci\u00f3n usando soporte temporal a nivel de suelo<\/td>\n<td data-col-size=\"md\" data-start=\"2304\" data-end=\"2388\">F\u00e1cil desmontaje, sin madera, barrera contra la humedad<\/td>\n<\/tr>\n<tr data-start=\"2389\" data-end=\"2592\">\n<td data-start=\"2389\" data-end=\"2424\" data-col-size=\"sm\">Zonas de entrada de materia prima<\/td>\n<td data-col-size=\"md\" data-start=\"2424\" data-end=\"2508\">Recepci\u00f3n de chapas, barras o bobinas de procesos anteriores<\/td>\n<td data-col-size=\"md\" data-start=\"2508\" data-end=\"2592\">Entrada por los cuatro lados, patas reforzadas, huella personalizable<\/td>\n<\/tr>\n<\/tbody>\n<\/table>","protected":false},"excerpt":{"rendered":"<article class=\"text-token-text-primary w-full\" dir=\"auto\" data-testid=\"conversation-turn-84\" data-scroll-anchor=\"true\">\n<div class=\"text-base my-auto mx-auto py-5 [--thread-content-margin:--spacing(4)] @[37rem]:[--thread-content-margin:--spacing(6)] @[72rem]:[--thread-content-margin:--spacing(16)] px-(--thread-content-margin)\">\n<div class=\"[--thread-content-max-width:32rem] @[34rem]:[--thread-content-max-width:40rem] @[64rem]:[--thread-content-max-width:48rem] mx-auto flex max-w-(--thread-content-max-width) flex-1 text-base gap-4 md:gap-5 lg:gap-6 group\/turn-messages focus-visible:outline-hidden\" tabindex=\"-1\">\n<div class=\"group\/conversation-turn relative flex w-full min-w-0 flex-col agent-turn\">\n<div class=\"relative flex-col gap-1 md:gap-3\">\n<div class=\"flex max-w-full flex-col grow\">\n<div class=\"min-h-8 text-message relative flex w-full flex-col items-end gap-2 text-start break-words whitespace-normal [.text-message+&amp;]:mt-5\" dir=\"auto\" data-message-author-role=\"assistant\" data-message-id=\"33f03422-8b12-499d-a805-8c7c681ca4cf\" data-message-model-slug=\"gpt-4o\">\n<div class=\"flex w-full flex-col gap-1 empty:hidden first:pt-[3px]\">\n<div class=\"markdown prose dark:prose-invert w-full break-words light\">\n<p data-start=\"0\" data-end=\"521\" data-is-last-node=\"\" data-is-only-node=\"\">Built for heavy-duty steel logistics, the <strong data-start=\"42\" data-end=\"76\">large splicing plastic pallets<\/strong> combine a <strong data-start=\"87\" data-end=\"112\">modular 3-runner base<\/strong>, reinforced deck, and customizable sizing to support up to <strong data-start=\"172\" data-end=\"194\">6000kg static load<\/strong> or fit automated conveyor lines. Ideal for racking, floor storage, and staging thin sheet metal in steel mills or distribution hubs. As a <strong data-start=\"333\" data-end=\"363\">direct pallet manufacturer<\/strong> with 20+ years of export experience, we deliver high-precision <strong data-start=\"427\" data-end=\"480\">rackable, stackable, and reusable plastic pallets<\/strong> backed by strict QC and global shipping.<\/p>\n<\/div>\n<\/div>\n<\/div>\n<\/div>\n<\/div>\n<\/div>\n<\/div>\n<\/div>\n<\/article>\n","protected":false},"featured_media":11921,"comment_status":"open","ping_status":"closed","template":"","meta":{"_seopress_robots_primary_cat":"none","_seopress_titles_title":"Heavy Duty Spliced Pallets for Steel | Direct Manufacturer","_seopress_titles_desc":"Modular Plastic pallet manufacturer for steel coil and steel sheet storage. Custom sizing, racking support, 4-way entry, and export-ready solutions available.","_seopress_robots_index":"","_angie_page":false},"product_brand":[],"product_cat":[83,148,84],"product_tag":[],"class_list":{"0":"post-11907","1":"product","2":"type-product","3":"status-publish","4":"has-post-thumbnail","6":"product_cat-all-product","7":"product_cat-modular-plastic-pallet","8":"product_cat-plastic-pallets","10":"first","11":"instock","12":"shipping-taxable","13":"product-type-simple"},"_links":{"self":[{"href":"https:\/\/cnplasticpallets.com\/es\/wp-json\/wp\/v2\/product\/11907","targetHints":{"allow":["GET"]}}],"collection":[{"href":"https:\/\/cnplasticpallets.com\/es\/wp-json\/wp\/v2\/product"}],"about":[{"href":"https:\/\/cnplasticpallets.com\/es\/wp-json\/wp\/v2\/types\/product"}],"replies":[{"embeddable":true,"href":"https:\/\/cnplasticpallets.com\/es\/wp-json\/wp\/v2\/comments?post=11907"}],"wp:featuredmedia":[{"embeddable":true,"href":"https:\/\/cnplasticpallets.com\/es\/wp-json\/wp\/v2\/media\/11921"}],"wp:attachment":[{"href":"https:\/\/cnplasticpallets.com\/es\/wp-json\/wp\/v2\/media?parent=11907"}],"wp:term":[{"taxonomy":"product_brand","embeddable":true,"href":"https:\/\/cnplasticpallets.com\/es\/wp-json\/wp\/v2\/product_brand?post=11907"},{"taxonomy":"product_cat","embeddable":true,"href":"https:\/\/cnplasticpallets.com\/es\/wp-json\/wp\/v2\/product_cat?post=11907"},{"taxonomy":"product_tag","embeddable":true,"href":"https:\/\/cnplasticpallets.com\/es\/wp-json\/wp\/v2\/product_tag?post=11907"}],"curies":[{"name":"wp","href":"https:\/\/api.w.org\/{rel}","templated":true}]}}