{"id":11906,"date":"2025-07-10T15:58:48","date_gmt":"2025-07-10T07:58:48","guid":{"rendered":"https:\/\/cnplasticpallets.com\/?post_type=product&#038;p=11906"},"modified":"2025-07-14T14:52:48","modified_gmt":"2025-07-14T06:52:48","slug":"double-sided-with-edge-guards","status":"publish","type":"product","link":"https:\/\/cnplasticpallets.com\/es\/product\/plastic-pallets\/modular-plastic-pallet\/double-sided-with-edge-guards\/","title":{"rendered":"Palet Modular de Doble Cara con Protectores de Borde Antigolpes Opcionales"},"content":{"rendered":"<h2 data-start=\"577\" data-end=\"638\">Protector de Borde o No: Dos Opciones Seg\u00fan Tu Necesidad<\/h2>\n<p data-start=\"640\" data-end=\"1108\" class=\"translation-block\">Ofrecemos este <a href=\"https:\/\/cnplasticpallets.com\/es\/product-category\/plastic-pallets\/modular-plastic-pallet\/\" target=\"_self\"><strong data-start=\"654\" data-end=\"681\">pal\u00e9 pl\u00e1stico modular<\/strong><\/a> en 2 versiones: <strong>con protector de borde<\/strong> o <strong>sin \u00e9l<\/strong>, ambas pensadas para flujos operativos distintos:<\/p>\n<p data-start=\"640\" data-end=\"1108\" class=\"translation-block\">La <strong data-start=\"771\" data-end=\"795\">versi\u00f3n con protector<\/strong> mantiene la unidad modular bien fijada, ideal para estanter\u00edas, almacenaje o l\u00edneas autom\u00e1ticas donde la estabilidad dimensional es clave.<\/p>\n<p data-start=\"640\" data-end=\"1108\" class=\"translation-block\">La <strong data-start=\"944\" data-end=\"960\">versi\u00f3n abierta<\/strong> permite combinaciones flexibles, ideal para rotaci\u00f3n interna, cargas irregulares y log\u00edstica inversa donde el apilado interno ahorra espacio.<\/p>\n<p data-start=\"1110\" data-end=\"1315\">Ambas versiones conservan acceso completo con montacargas y alta resistencia estructural. Elige con borde si tu proceso requiere precisi\u00f3n y bloqueo firme. Usa sin borde si priorizas flexibilidad y eficiencia volum\u00e9trica.<\/p>\n<p data-start=\"1110\" data-end=\"1315\"><img fetchpriority=\"high\" decoding=\"async\" class=\"alignnone wp-image-11925 size-full\" src=\"https:\/\/cnplasticpallets.com\/wp-content\/uploads\/2025\/07\/Comparison-of-double-sided-pallet-with-protective-strip.png\" alt=\"La tarima azul de empalme de doble cara sin banda protectora, en comparaci\u00f3n con la tarima azul de doble cara con banda protectora, muestra la tarima de empalme personalizable\" width=\"800\" height=\"600\" srcset=\"https:\/\/cnplasticpallets.com\/wp-content\/uploads\/2025\/07\/Comparison-of-double-sided-pallet-with-protective-strip.png 800w, https:\/\/cnplasticpallets.com\/wp-content\/uploads\/2025\/07\/Comparison-of-double-sided-pallet-with-protective-strip-300x225.png 300w, https:\/\/cnplasticpallets.com\/wp-content\/uploads\/2025\/07\/Comparison-of-double-sided-pallet-with-protective-strip-768x576.png 768w, https:\/\/cnplasticpallets.com\/wp-content\/uploads\/2025\/07\/Comparison-of-double-sided-pallet-with-protective-strip-16x12.png 16w, https:\/\/cnplasticpallets.com\/wp-content\/uploads\/2025\/07\/Comparison-of-double-sided-pallet-with-protective-strip-600x450.png 600w\" sizes=\"(max-width: 800px) 100vw, 800px\" \/><\/p>\n<h2 data-start=\"125\" data-end=\"187\">Ventajas del Pal\u00e9 Pl\u00e1stico Modular de Doble Cara<\/h2>\n<ul data-start=\"189\" data-end=\"1927\">\n<li data-start=\"189\" data-end=\"311\">\n<p data-start=\"191\" data-end=\"311\" class=\"translation-block\">El pal\u00e9 pl\u00e1stico modular (800\u00d7800\u202fmm) permite medidas personalizadas, reduciendo el desperdicio de espacio para cargas peque\u00f1as o irregulares.<\/p>\n<\/li>\n<li data-start=\"312\" data-end=\"435\">\n<p data-start=\"314\" data-end=\"435\" class=\"translation-block\">Los protectores de borde en los pal\u00e9s modulares fijan el per\u00edmetro, asegurando apilado estable en operaciones de dise\u00f1o fijo.<\/p>\n<\/li>\n<li data-start=\"436\" data-end=\"554\">\n<p data-start=\"438\" data-end=\"554\" class=\"translation-block\">La estructura de doble cara permite girar el pal\u00e9, prolongando su vida \u00fatil y reduciendo reemplazos completos.<\/p>\n<\/li>\n<li data-start=\"555\" data-end=\"670\">\n<p data-start=\"557\" data-end=\"670\" class=\"translation-block\">Fabricado en HDPE, este pal\u00e9 ventilado resiste aceites y qu\u00edmicos\u2014ideal para bases de moldes y bidones qu\u00edmicos.<\/p>\n<\/li>\n<li data-start=\"671\" data-end=\"784\">\n<p data-start=\"673\" data-end=\"784\" class=\"translation-block\">Los patines reforzados de la base ofrecen soporte firme en estanter\u00edas, incluso con cargas desiguales.<\/p>\n<\/li>\n<li data-start=\"785\" data-end=\"898\">\n<p data-start=\"787\" data-end=\"898\" class=\"translation-block\">El espacio libre de 110\u202fmm permite uso en zonas estrechas y con todo tipo de elevadores, manuales o el\u00e9ctricos.<\/p>\n<\/li>\n<li data-start=\"899\" data-end=\"1012\">\n<p data-start=\"901\" data-end=\"1012\" class=\"translation-block\">Este pal\u00e9 de alta resistencia soporta 6\u202fT de carga est\u00e1tica sin deformarse\u2014ideal para almacenamiento compacto prolongado.<\/p>\n<\/li>\n<li data-start=\"1013\" data-end=\"1126\">\n<p data-start=\"1015\" data-end=\"1126\" class=\"translation-block\">La carga din\u00e1mica de 2\u202fT permite movimiento frecuente de herramientas, piezas peque\u00f1as y contenedores industriales.<\/p>\n<\/li>\n<li data-start=\"1127\" data-end=\"1246\">\n<p data-start=\"1129\" data-end=\"1246\" class=\"translation-block\">Los pal\u00e9s reforzados con acero se mantienen rectos bajo 1\u202fT de carga en estanter\u00eda, reduciendo la flexi\u00f3n intermedia.<\/p>\n<\/li>\n<li data-start=\"1247\" data-end=\"1363\">\n<p data-start=\"1249\" data-end=\"1363\" class=\"translation-block\">La superficie antideslizante del pal\u00e9 reversible evita que se desplacen cargas peque\u00f1as\u2014clave en almacenamiento de precisi\u00f3n.<\/p>\n<\/li>\n<li data-start=\"1364\" data-end=\"1481\">\n<p data-start=\"1366\" data-end=\"1481\" class=\"translation-block\">El dise\u00f1o encajable reduce el flete de retorno hasta un 55\u202f%, ideal para circuitos log\u00edsticos cerrados.<\/p>\n<\/li>\n<li data-start=\"1482\" data-end=\"1598\">\n<p data-start=\"1484\" data-end=\"1598\" class=\"translation-block\">El acceso con montacargas por los cuatro lados facilita el uso del pal\u00e9 modular en pasillos estrechos y talleres m\u00f3viles.<\/p>\n<\/li>\n<li data-start=\"1599\" data-end=\"1708\">\n<p data-start=\"1601\" data-end=\"1708\" class=\"translation-block\">Totalmente compatible con estanter\u00edas y transportadores, respalda flujos eficientes en sistemas ligeros y modulares.<\/p>\n<\/li>\n<li data-start=\"1709\" data-end=\"1815\">\n<p data-start=\"1711\" data-end=\"1815\" class=\"translation-block\">Partes intercambiables reducen paradas\u2014este pal\u00e9 personalizado evita reemplazos completos tras da\u00f1os locales.<\/p>\n<\/li>\n<li data-start=\"1816\" data-end=\"1927\">\n<p data-start=\"1818\" data-end=\"1927\" class=\"translation-block\">Color, logotipo y estructura personalizables desde f\u00e1brica, mejorando control de SKU y trazabilidad.<\/p>\n<\/li>\n<\/ul>\n<h2>D\u00f3nde Este Pal\u00e9 Modular Demuestra Su Valor<\/h2>\n<p data-start=\"209\" data-end=\"424\" class=\"translation-block\"><strong data-start=\"209\" data-end=\"243\">Fabricaci\u00f3n de Piezas de Precisi\u00f3n:<\/strong><br data-start=\"243\" data-end=\"246\">Ideal para almacenar y transportar componentes met\u00e1licos o electr\u00f3nicos peque\u00f1os. La superficie estable evita desplazamientos y el formato modular se adapta a celdas de trabajo lean o l\u00edneas de empaquetado por lotes.<\/p>\n<p data-start=\"426\" data-end=\"655\" class=\"translation-block\"><strong data-start=\"426\" data-end=\"465\">Talleres de Moldes e Inyecci\u00f3n:<\/strong><br data-start=\"465\" data-end=\"468\">Adecuado para manipular moldes pesados o fijaciones que requieren soporte estable y dimensiones controladas. La versi\u00f3n con protector de borde garantiza seguridad en estanter\u00edas y rotaci\u00f3n de moldes.<\/p>\n<p data-start=\"657\" data-end=\"878\" class=\"translation-block\"><strong data-start=\"657\" data-end=\"692\">Almacenamiento de Contenedores Qu\u00edmicos:<\/strong><br data-start=\"692\" data-end=\"695\">Compatible con bidones o cubetas selladas. El HDPE resiste la corrosi\u00f3n, y su estructura apilable mejora la densidad del almac\u00e9n en entornos peligrosos o con temperatura controlada.<\/p>\n<p data-start=\"880\" data-end=\"1118\" class=\"translation-block\"><strong data-start=\"880\" data-end=\"917\">Log\u00edstica Industrial de Peque\u00f1os Lotes:<\/strong><br data-start=\"917\" data-end=\"920\">Perfecto para cargas irregulares, rotaci\u00f3n estacional o alimentaci\u00f3n interna de l\u00edneas. La versi\u00f3n sin bordes permite tama\u00f1o flexible, y el acceso total de 4 v\u00edas se adapta a zonas estrechas o de preparaci\u00f3n.<\/p>\n<h2 data-start=\"203\" data-end=\"234\">Preguntas frecuentes<\/h2>\n<p data-start=\"236\" data-end=\"549\" class=\"translation-block\"><strong data-start=\"236\" data-end=\"302\">P1: \u00bfPodemos personalizar el tama\u00f1o del pal\u00e9 m\u00e1s all\u00e1 de los m\u00f3dulos 800\u00d7800\u202fmm?<\/strong><br data-start=\"302\" data-end=\"305\">S\u00ed \u2014 nuestro sistema de <strong data-start=\"315\" data-end=\"341\">pal\u00e9 pl\u00e1stico modular<\/strong> est\u00e1 dise\u00f1ado para expansi\u00f3n flexible. Puede aumentar o reducir el tama\u00f1o total ajustando la cantidad de m\u00f3dulos de 800\u00d7800\u202fmm. Se pueden a\u00f1adir bordes y refuerzos de acero seg\u00fan necesidad.<\/p>\n<p data-start=\"551\" data-end=\"805\" class=\"translation-block\"><strong data-start=\"551\" data-end=\"614\">P2: \u00bfQu\u00e9 tipos de montacargas son compatibles con este pal\u00e9?<\/strong><br data-start=\"614\" data-end=\"617\">Nuestro pal\u00e9 cuenta con <strong data-start=\"639\" data-end=\"666\">entrada para horquillas de 110\u202fmm<\/strong>, totalmente compatible con transpaletas manuales, montacargas el\u00e9ctricos y carretillas retr\u00e1ctiles. La entrada por cuatro lados permite manejo eficiente incluso en pasillos estrechos.<\/p>\n<p data-start=\"807\" data-end=\"1040\" class=\"translation-block\"><strong data-start=\"807\" data-end=\"847\">P3: \u00bfSe puede usar el pal\u00e9 en estanter\u00edas?<\/strong><br data-start=\"847\" data-end=\"850\">S\u00ed. Al incorporar <strong data-start=\"872\" data-end=\"901\">tubos de refuerzo de acero<\/strong>, el pal\u00e9 soporta hasta <strong data-start=\"936\" data-end=\"964\">1 tonelada en estanter\u00edas<\/strong>. La base de tres patines reforzada proporciona estabilidad y resistencia prolongada.<\/p>\n<p data-start=\"1042\" data-end=\"1269\"><strong data-start=\"1042\" data-end=\"1084\">P4: \u00bfLos protectores de borde son fijos u opcionales?<\/strong><\/p>\n<p data-start=\"93\" data-end=\"478\" class=\"translation-block\">Los protectores de borde son <strong data-start=\"159\" data-end=\"192\">opcionales y se montan de forma segura<\/strong> durante el ensamblaje. Si es necesario, pueden retirarse <strong data-start=\"244\" data-end=\"299\">desbloqueando las pesta\u00f1as de uni\u00f3n entre m\u00f3dulos<\/strong> y <strong data-start=\"304\" data-end=\"367\" data-is-only-node=\"\">usando un martillo neum\u00e1tico para separar los paneles interconectados<\/strong>. Esta estructura garantiza estabilidad a largo plazo y permite mantenimiento o reconfiguraci\u00f3n.<\/p>\n<p data-start=\"1271\" data-end=\"1498\" class=\"translation-block\"><strong data-start=\"1271\" data-end=\"1328\">P5: \u00bfEste pal\u00e9 es apto para uso industrial pesado?<\/strong><br data-start=\"1328\" data-end=\"1331\">Sin duda. Cada pal\u00e9 ensamblado soporta hasta <strong data-start=\"1382\" data-end=\"1423\">6 toneladas en carga est\u00e1tica y 2 en carga din\u00e1mica<\/strong>, ideal para moldes, bidones o almacenamiento compacto con peso.<\/p>\n<p data-start=\"1500\" data-end=\"1720\" class=\"translation-block\"><strong data-start=\"1500\" data-end=\"1558\">P6: \u00bfEste pal\u00e9 puede integrarse a sistemas automatizados?<\/strong><br data-start=\"1558\" data-end=\"1561\">S\u00ed \u2014 nuestro dise\u00f1o es <strong data-start=\"1581\" data-end=\"1601\">compatible con automatizaci\u00f3n<\/strong>, con espaciado uniforme de patines y superficie antideslizante para transportadores, elevadores y sistemas rob\u00f3ticos.<\/p>\n<p data-start=\"1722\" data-end=\"1953\" class=\"translation-block\"><strong data-start=\"1722\" data-end=\"1783\">P7: \u00bfPodemos pedir versiones con y sin bordes en conjunto?<\/strong><br data-start=\"1783\" data-end=\"1786\">S\u00ed, admitimos <strong data-start=\"1802\" data-end=\"1832\">pedidos con configuraciones mixtas<\/strong>. Se pueden combinar pal\u00e9s con y sin bordes en un mismo env\u00edo, adaptado a diferentes zonas o necesidades de almacenamiento.<\/p>\n<p data-start=\"1955\" data-end=\"2213\" class=\"translation-block\"><strong data-start=\"1955\" data-end=\"2026\">P8: \u00bfCu\u00e1l es la ventaja frente a los pal\u00e9s tradicionales de una sola pieza?<\/strong><br data-start=\"2026\" data-end=\"2029\">A diferencia de los pal\u00e9s fijos, nuestro <strong data-start=\"2060\" data-end=\"2079\">pal\u00e9 modular<\/strong> permite tama\u00f1o ajustable, mantenimiento en sitio, eficiencia en anidamiento y mejoras personalizadas, todo pensado para log\u00edstica industrial din\u00e1mica.<\/p>","protected":false},"excerpt":{"rendered":"<article class=\"text-token-text-primary w-full\" dir=\"auto\" data-testid=\"conversation-turn-36\" data-scroll-anchor=\"true\">\n<div class=\"text-base my-auto mx-auto py-5 [--thread-content-margin:--spacing(4)] @[37rem]:[--thread-content-margin:--spacing(6)] @[72rem]:[--thread-content-margin:--spacing(16)] px-(--thread-content-margin)\">\n<div class=\"[--thread-content-max-width:32rem] @[34rem]:[--thread-content-max-width:40rem] @[64rem]:[--thread-content-max-width:48rem] mx-auto flex max-w-(--thread-content-max-width) flex-1 text-base gap-4 md:gap-5 lg:gap-6 group\/turn-messages focus-visible:outline-hidden\" tabindex=\"-1\">\n<div class=\"group\/conversation-turn relative flex w-full min-w-0 flex-col agent-turn\">\n<div class=\"relative flex-col gap-1 md:gap-3\">\n<div class=\"flex max-w-full flex-col grow\">\n<div class=\"min-h-8 text-message relative flex w-full flex-col items-end gap-2 text-start break-words whitespace-normal [.text-message+&amp;]:mt-5\" dir=\"auto\" data-message-author-role=\"assistant\" data-message-id=\"2dc282c4-1b55-48d2-9718-54cdd87441f8\" data-message-model-slug=\"gpt-4o\">\n<div class=\"flex w-full flex-col gap-1 empty:hidden first:pt-[3px]\">\n<div class=\"markdown prose dark:prose-invert w-full break-words light\">\n<p data-start=\"302\" data-end=\"978\" data-is-last-node=\"\" data-is-only-node=\"\"><strong data-start=\"302\" data-end=\"343\">Modular double-sided plastic pallet<\/strong> designed for flexible assembly using 800\u00d7800mm splicing units with or without edge guards. The interlocking structure ensures high load capacity and dimensional control, while its HDPE build resists chemical corrosion and daily wear. <strong data-start=\"578\" data-end=\"650\">Perfect for tooling workshops, chemical storage, and automated lines<\/strong>, especially where racking stability or tight-space rotation is required. As a <strong data-start=\"755\" data-end=\"826\" data-is-only-node=\"\">plastic pallet manufacturer with over 20 years of export experience<\/strong>, we offer full customization, fast global delivery, and <strong data-start=\"883\" data-end=\"926\">bulk supply direct from our own factory<\/strong>\u2014engineered specifically for modular assembly needs.<\/p>\n<\/div>\n<\/div>\n<\/div>\n<\/div>\n<\/div>\n<\/div>\n<\/div>\n<\/div>\n<\/article>\n","protected":false},"featured_media":11923,"comment_status":"open","ping_status":"closed","template":"","meta":{"_seopress_robots_primary_cat":"none","_seopress_titles_title":"Splicing pallet for Tooling & Automation & Small Parts","_seopress_titles_desc":"Double Sided modular pallets are ideal for precision logistics and automation zones. Factory-direct pricing and design flexibility available on all models.","_seopress_robots_index":"","_angie_page":false},"product_brand":[],"product_cat":[83,148,84],"product_tag":[],"class_list":{"0":"post-11906","1":"product","2":"type-product","3":"status-publish","4":"has-post-thumbnail","6":"product_cat-all-product","7":"product_cat-modular-plastic-pallet","8":"product_cat-plastic-pallets","10":"first","11":"instock","12":"shipping-taxable","13":"product-type-simple"},"_links":{"self":[{"href":"https:\/\/cnplasticpallets.com\/es\/wp-json\/wp\/v2\/product\/11906","targetHints":{"allow":["GET"]}}],"collection":[{"href":"https:\/\/cnplasticpallets.com\/es\/wp-json\/wp\/v2\/product"}],"about":[{"href":"https:\/\/cnplasticpallets.com\/es\/wp-json\/wp\/v2\/types\/product"}],"replies":[{"embeddable":true,"href":"https:\/\/cnplasticpallets.com\/es\/wp-json\/wp\/v2\/comments?post=11906"}],"wp:featuredmedia":[{"embeddable":true,"href":"https:\/\/cnplasticpallets.com\/es\/wp-json\/wp\/v2\/media\/11923"}],"wp:attachment":[{"href":"https:\/\/cnplasticpallets.com\/es\/wp-json\/wp\/v2\/media?parent=11906"}],"wp:term":[{"taxonomy":"product_brand","embeddable":true,"href":"https:\/\/cnplasticpallets.com\/es\/wp-json\/wp\/v2\/product_brand?post=11906"},{"taxonomy":"product_cat","embeddable":true,"href":"https:\/\/cnplasticpallets.com\/es\/wp-json\/wp\/v2\/product_cat?post=11906"},{"taxonomy":"product_tag","embeddable":true,"href":"https:\/\/cnplasticpallets.com\/es\/wp-json\/wp\/v2\/product_tag?post=11906"}],"curies":[{"name":"wp","href":"https:\/\/api.w.org\/{rel}","templated":true}]}}