{"id":11361,"date":"2025-06-27T15:30:11","date_gmt":"2025-06-27T07:30:11","guid":{"rendered":"https:\/\/cnplasticpallets.com\/?post_type=product&#038;p=11361"},"modified":"2026-03-10T14:12:12","modified_gmt":"2026-03-10T06:12:12","slug":"hdpe-4-pocket-5-gallon","status":"publish","type":"product","link":"https:\/\/cnplasticpallets.com\/es\/product\/plastic-pallets\/bottled-water-pallet-rack\/hdpe-4-pocket-5-gallon\/","title":{"rendered":"Estanter\u00eda de HDPE con 4 Huecos para Garrafones de 5 Galones"},"content":{"rendered":"<h2 data-immersive-translate-walked=\"b484fde2-a24a-40b7-bf94-ea297f11a55d\" data-immersive-translate-paragraph=\"1\">Especificaci\u00f3n del Producto<\/h2>\n<table>\n<tbody>\n<tr>\n<td width=\"196\">Materiales<\/td>\n<td width=\"479\">Polietileno de alta densidad (HDPE); Polipropileno (PP)<\/td>\n<\/tr>\n<tr>\n<td width=\"196\">Dimensiones (L\u00d7A\u00d7H mm)<\/td>\n<td width=\"479\">1200mm \u00d7 1000mm \u00d7 1650mm, Personalizado<\/td>\n<\/tr>\n<tr>\n<td width=\"196\">Procesos<\/td>\n<td width=\"479\">Moldeo por inyecci\u00f3n + Ensamblaje<\/td>\n<\/tr>\n<tr>\n<td width=\"196\">Peso<\/td>\n<td width=\"479\">125 kg<\/td>\n<\/tr>\n<tr>\n<td width=\"196\">Capacidad<\/td>\n<td width=\"479\">32 botellas<\/td>\n<\/tr>\n<tr>\n<td width=\"196\">Base del Palet<\/td>\n<td width=\"479\">3 Patines<\/td>\n<\/tr>\n<tr>\n<td width=\"196\">Capas apiladas en est\u00e1tico<\/td>\n<td width=\"479\">Hasta 3 pilas, cada pila con 5 capas<\/td>\n<\/tr>\n<tr>\n<td width=\"196\">Montacargas<\/td>\n<td width=\"479\">Entrada por 4 lados<\/td>\n<\/tr>\n<tr>\n<td width=\"196\">Transpaleta<\/td>\n<td width=\"479\">Entrada por 4 lados<\/td>\n<\/tr>\n<tr>\n<td width=\"196\">Capacidad Est\u00e1tica<\/td>\n<td width=\"479\">4000kg<\/td>\n<\/tr>\n<tr>\n<td width=\"196\">Capacidad Din\u00e1mica<\/td>\n<td width=\"479\">1500 kg<\/td>\n<\/tr>\n<tr>\n<td width=\"196\">Reutilizable<\/td>\n<td width=\"479\">S\u00ed<\/td>\n<\/tr>\n<tr>\n<td width=\"196\">Logotipo \/ Impresi\u00f3n<\/td>\n<td width=\"479\">S\u00ed<\/td>\n<\/tr>\n<tr>\n<td width=\"196\">Temperatura de uso<\/td>\n<td width=\"479\">-40\u2103 a 70\u2103<\/td>\n<\/tr>\n<tr>\n<td width=\"196\">Color<\/td>\n<td width=\"479\">Amarillo, Azul, Rojo, Verde, Negro, Blanco, Personalizado<\/td>\n<\/tr>\n<tr>\n<td width=\"196\">Cantidad en 20FT<\/td>\n<td width=\"479\">90 piezas<\/td>\n<\/tr>\n<tr>\n<td width=\"196\">Cantidad en 40HC<\/td>\n<td width=\"479\">190 unidades<\/td>\n<\/tr>\n<\/tbody>\n<\/table>\n<p>&nbsp;<\/p>\n<p><iframe title=\"Botellero de agua de 5 galones Opciones de 4 y 5 capas con capacidad de carga est\u00e1tica de 4 toneladas\" width=\"800\" height=\"450\" src=\"https:\/\/www.youtube.com\/embed\/JxDoWoHLbgg?feature=oembed\" frameborder=\"0\" allow=\"accelerometer; autoplay; clipboard-write; encrypted-media; gyroscope; picture-in-picture; web-share\" referrerpolicy=\"strict-origin-when-cross-origin\" allowfullscreen><\/iframe><\/p>\n<h2 class=\"yikes-custom-woo-tab-title yikes-custom-woo-tab-title-about-our-metric-modular-water-bottle-rack\" data-immersive-translate-walked=\"b484fde2-a24a-40b7-bf94-ea297f11a55d\" data-immersive-translate-paragraph=\"1\">Sobre Nuestro Estante de HDPE para Botellas de Agua de 5 Galones con 4 Cavidades<\/h2>\n<p data-start=\"128\" data-end=\"184\"><strong data-start=\"132\" data-end=\"184\">Sistema Modular para Almacenamiento Flexible de Botellas<\/strong><\/p>\n<p data-start=\"186\" data-end=\"541\" class=\"translation-block\"><strong data-start=\"190\" data-end=\"235\"><a href=\"https:\/\/cnplasticpallets.com\/es\/\" target=\"_self\">Enlightening Pallet<\/a> Estante de HDPE de 4 Cavidades para <a href=\"https:\/\/cnplasticpallets.com\/es\/product-category\/bottled-water-pallet\/\" target=\"_self\">Botellas de Agua de 5 Galones<\/a><\/strong> presenta un dise\u00f1o modular entrelazado que permite ajustar alturas y planificar distribuciones con eficiencia. Cada m\u00f3dulo mide 1000\u00d7600\u00d7300mm y se apila hasta 15 niveles, soportando 120 botellas. Apto para sistemas industriales de estanter\u00edas de agua y configuraciones de alta densidad de <strong data-start=\"495\" data-end=\"533\">almacenamiento de botellas de agua de 5 galones<\/strong>.<\/p>\n<p data-start=\"548\" data-end=\"602\"><strong data-start=\"552\" data-end=\"602\">Protecci\u00f3n Reforzada de 360\u00b0 para Transporte Seguro<\/strong><\/p>\n<p data-start=\"604\" data-end=\"904\" class=\"translation-block\">El cuerpo del estante est\u00e1 reforzado con costillas laterales gruesas que brindan protecci\u00f3n estructural completa durante transporte o manipulaci\u00f3n en almac\u00e9n. Las botellas se mantienen firmes incluso con vibraciones o impactos, reduciendo el riesgo de da\u00f1os en env\u00edos a larga distancia.<\/p>\n<p data-start=\"911\" data-end=\"974\"><strong data-start=\"915\" data-end=\"974\">Acceso Dual con Dise\u00f1o Antideslizante Integrado<\/strong><\/p>\n<p data-start=\"976\" data-end=\"1275\">Cada nivel permite acceso frontal y trasero para carga y descarga r\u00e1pidas. En cada cavidad, las costillas antideslizantes evitan que las botellas se desplacen o rueden. Esta estructura lo hace ideal para operaciones diarias de almacenamiento de botellas de agua, garantizando estabilidad sin afectar el flujo de trabajo. <strong data-start=\"1200\" data-end=\"1229\">almacenamiento de botellas de agua<\/strong>, asegurando estabilidad sin ralentizar el flujo de trabajo.<\/p>\n<p data-start=\"1282\" data-end=\"1342\"><strong data-start=\"1286\" data-end=\"1342\">Alta Capacidad de Carga para Uso Industrial<\/strong><\/p>\n<p data-start=\"1344\" data-end=\"1625\" class=\"translation-block\">Nuestro estante para botellas de 5 galones soporta 8 botellas por nivel, con una capacidad total de 120 botellas apiladas. Su carga est\u00e1tica alcanza 4 toneladas, superando en 1.8\u00d7 el peso completo, asegurando apilado estable en entornos industriales exigentes.<\/p>\n<p data-start=\"1632\" data-end=\"1682\"><strong data-start=\"1636\" data-end=\"1682\">Durabilidad Comprobada por Impacto para Uso Prolongado<\/strong><\/p>\n<p data-start=\"1684\" data-end=\"1972\" class=\"translation-block\">Antes de la entrega, cada estante para botellones de 5 galones pasa pruebas de materia prima y simulaci\u00f3n de impacto por ca\u00edda. Esto garantiza durabilidad constante en ciclos repetitivos, especialmente en entornos de almacenamiento de alta rotaci\u00f3n.<\/p>\n<p data-start=\"1979\" data-end=\"2031\"><strong data-start=\"1983\" data-end=\"2031\">Mantenimiento Sin Herramientas y Garant\u00eda Prolongada<\/strong><\/p>\n<p data-start=\"2033\" data-end=\"2326\" class=\"translation-block\">Sin tornillos ni accesorios requeridos. Los componentes se ensamblan f\u00e1cilmente para instalaci\u00f3n o reubicaci\u00f3n r\u00e1pida. Con garant\u00eda de tres a\u00f1os, este estante de pl\u00e1stico para botellas de agua reduce tiempos de mantenimiento y garantiza funcionamiento confiable en operaciones diarias.<\/p>\n<p data-start=\"2333\" data-end=\"2380\"><strong data-start=\"2337\" data-end=\"2380\">Lavable con Agua Caliente y F\u00e1cil de Mantener<\/strong><\/p>\n<p data-start=\"2382\" data-end=\"2664\" class=\"translation-block\">La superficie de HDPE resiste lavado a presi\u00f3n y temperaturas de hasta 70\u202f\u00b0C, cumpliendo requisitos higi\u00e9nicos en l\u00edneas de envasado. El estante sirve tanto para almacenamiento de botellas de 5 galones como para aplicaciones mixtas como limpieza de botellas de 16 oz.<\/p>\n<p data-start=\"2671\" data-end=\"2734\"><strong data-start=\"2675\" data-end=\"2734\">Personalizable con Protecci\u00f3n UV y Tama\u00f1os Especiales<\/strong><\/p>\n<p data-start=\"2736\" data-end=\"3014\" class=\"translation-block\">Para uso exterior, se pueden a\u00f1adir aditivos UV durante la producci\u00f3n. Las cavidades pueden adaptarse a botellas no est\u00e1ndar. El estante para botellones ofrece soluciones totalmente personalizadas a precios industriales competitivos.<\/p>\n<p data-start=\"3021\" data-end=\"3072\"><strong data-start=\"3025\" data-end=\"3072\">Base Compatible con Montacargas para Transporte Seguro<\/strong><\/p>\n<p data-start=\"3074\" data-end=\"3368\" class=\"translation-block\">Cada pila de estantes se monta firmemente sobre nuestro Estante de Agua con base HDPE de 6 patines. El dise\u00f1o del pal\u00e9 permite entrada de montacargas por los 4 lados, facilitando movimientos seguros en almacenes, muelles o contenedores, incluso con 7 niveles de botellones apilados.<\/p>\n<h2 data-start=\"207\" data-end=\"276\"><strong data-start=\"211\" data-end=\"276\">Aplicaciones de Nuestro Estante de HDPE para Botellas de 5 Galones<\/strong><\/h2>\n<ul data-start=\"278\" data-end=\"2329\">\n<li data-start=\"278\" data-end=\"506\">\n<p data-start=\"280\" data-end=\"506\" class=\"translation-block\"><strong data-start=\"280\" data-end=\"330\">Exportaci\u00f3n en contenedor de botellas de 5 galones<\/strong><br data-start=\"330\" data-end=\"333\">\u2192 Apilable hasta 15 niveles, se adapta a pal\u00e9s compatibles con montacargas para carga segura sin deslizamientos en transporte mar\u00edtimo o terrestre.<\/p>\n<\/li>\n<li data-start=\"508\" data-end=\"681\">\n<p data-start=\"510\" data-end=\"681\" class=\"translation-block\"><strong data-start=\"510\" data-end=\"548\">Almacenes de envasado de agua mineral<\/strong><br data-start=\"548\" data-end=\"551\">Costillas reforzadas en 360\u00b0 protegen las botellas durante cargas por lotes, reduciendo p\u00e9rdidas en l\u00edneas de producci\u00f3n aceleradas.<\/p>\n<\/li>\n<li data-start=\"683\" data-end=\"911\">\n<p data-start=\"685\" data-end=\"911\" class=\"translation-block\"><strong data-start=\"685\" data-end=\"730\">Centros log\u00edsticos de terceros (3PL)<\/strong><br data-start=\"730\" data-end=\"733\">El sistema modular permite apilado\/desapilado r\u00e1pido seg\u00fan el espacio disponible, ideal para almacenes compartidos o de alquiler con demanda variable.<\/p>\n<\/li>\n<li data-start=\"913\" data-end=\"1110\">\n<p data-start=\"915\" data-end=\"1110\" class=\"translation-block\"><strong data-start=\"915\" data-end=\"953\">Zonas de almacenamiento en plantas embotelladoras<\/strong><br data-start=\"953\" data-end=\"956\">El dise\u00f1o antideslizante mantiene las botellas estables incluso con vibraciones del suelo por cintas transportadoras.<\/p>\n<\/li>\n<li data-start=\"1112\" data-end=\"1306\">\n<p data-start=\"1114\" data-end=\"1306\" class=\"translation-block\"><strong data-start=\"1114\" data-end=\"1165\">Distribuci\u00f3n a granel en centros mayoristas de bebidas<\/strong><br data-start=\"1165\" data-end=\"1168\">El acceso por ambos lados permite recolecci\u00f3n \u00e1gil para distribuci\u00f3n de \u00faltima milla en redes urbanas o de venta al por mayor.<\/p>\n<\/li>\n<li data-start=\"1308\" data-end=\"1536\">\n<p data-start=\"1310\" data-end=\"1536\" class=\"translation-block\"><strong data-start=\"1310\" data-end=\"1362\">Empresas de alquiler de botellas de agua grado industrial<\/strong><br data-start=\"1362\" data-end=\"1365\">Capacidad de carga est\u00e1tica de 4 toneladas, ideal para apilado prolongado y resistencia estructural ante traslados frecuentes.<\/p>\n<\/li>\n<li data-start=\"1538\" data-end=\"1726\">\n<p data-start=\"1540\" data-end=\"1726\" class=\"translation-block\"><strong data-start=\"1540\" data-end=\"1597\">Almacenamiento de emergencia o ayuda humanitaria<\/strong><br data-start=\"1597\" data-end=\"1600\">Dise\u00f1o modular, duradero y de alta capacidad para grandes vol\u00famenes de agua en refugios temporales o espacios reducidos.<\/p>\n<\/li>\n<li data-start=\"1728\" data-end=\"1932\">\n<p data-start=\"1730\" data-end=\"1932\" class=\"translation-block\"><strong data-start=\"1730\" data-end=\"1779\">Bases militares o despliegues en zonas remotas<\/strong><br data-start=\"1779\" data-end=\"1782\">Opci\u00f3n resistente a UV disponible para exteriores; la estructura del estante se mantiene estable en condiciones extremas sin deformaci\u00f3n.<\/p>\n<\/li>\n<li data-start=\"1934\" data-end=\"2112\">\n<p data-start=\"1936\" data-end=\"2112\" class=\"translation-block\"><strong data-start=\"1936\" data-end=\"1987\">Operaciones internas en hipermercados o tiendas en cadena<\/strong><br data-start=\"1987\" data-end=\"1990\">Dise\u00f1o compacto y apilable facilita la organizaci\u00f3n de botellones de 5 galones en zonas de almacenamiento traseras.<\/p>\n<\/li>\n<li data-start=\"2114\" data-end=\"2329\">\n<p data-start=\"2116\" data-end=\"2329\" class=\"translation-block\"><strong data-start=\"2116\" data-end=\"2171\">Empaque retornable en programas de log\u00edstica inversa<\/strong><br data-start=\"2171\" data-end=\"2174\">Superficie de HDPE f\u00e1cil de limpiar y sin herramientas, ideal para sistemas reutilizables de estanter\u00edas de botellas de 5 galones.<\/p>\n<\/li>\n<\/ul>\n<h3 data-start=\"96\" data-end=\"129\">\u00bfBuscas una Opci\u00f3n M\u00e1s Estrecha?<\/h3>\n<p data-start=\"131\" data-end=\"479\" class=\"translation-block\">Si tienes restricciones de altura o espacio, nuestro <a href=\"https:\/\/cnplasticpallets.com\/es\/product\/bottled-water-pallet\/3-pocket-modular-5-gallon\/\" target=\"_self\"><strong data-start=\"187\" data-end=\"234\">Estante Modular de 3 Cavidades para Botellas de 5 Galones<\/strong><\/a> ofrece un formato de m\u00f3dulo \u00fanico por nivel. A diferencia de la versi\u00f3n de 4 cavidades con doble m\u00f3dulo, brinda mejor maniobrabilidad en almacenes estrechos sin sacrificar resistencia ni compatibilidad de apilado en HDPE de grado industrial.<\/p>","protected":false},"excerpt":{"rendered":"<p class=\"translation-block\"><strong data-start=\"108\" data-end=\"131\">Enlightening Pallet<\/strong> ofrece un <strong>estante para botellas de agua de 5 galones con 4 cavidades en HDPE<\/strong> de alta resistencia, dise\u00f1ado para almacenamiento modular y apilable. Cada nivel sostiene 8 botellas, con capacidad total de hasta 15 niveles (120 botellas). La base inferior incluye un resistente pal\u00e9 pl\u00e1stico de 6 patines, que permite acceso por montacargas en 4 direcciones y transporte seguro incluso con 7 niveles apilados. Ideal para almacenamiento eficiente de estantes para botellas de agua de 5 galones en operaciones log\u00edsticas y mayoristas.<\/p>","protected":false},"featured_media":11365,"comment_status":"open","ping_status":"closed","template":"","meta":{"_seopress_robots_primary_cat":"none","_seopress_titles_title":"HDPE 5 Gallon Bottled Water Rack | HDPE Storage System for Bottles","_seopress_titles_desc":"Modular 5 gallon water bottle rack with 4 pockets per layer, stackable to 120 bottles. Ideal water bottle storage rack for industrial and warehouse use.","_seopress_robots_index":"","_angie_page":false},"product_brand":[],"product_cat":[83,77],"product_tag":[],"class_list":{"0":"post-11361","1":"product","2":"type-product","3":"status-publish","4":"has-post-thumbnail","6":"product_cat-all-product","7":"product_cat-bottled-water-pallet-rack","9":"first","10":"instock","11":"shipping-taxable","12":"product-type-simple"},"_links":{"self":[{"href":"https:\/\/cnplasticpallets.com\/es\/wp-json\/wp\/v2\/product\/11361","targetHints":{"allow":["GET"]}}],"collection":[{"href":"https:\/\/cnplasticpallets.com\/es\/wp-json\/wp\/v2\/product"}],"about":[{"href":"https:\/\/cnplasticpallets.com\/es\/wp-json\/wp\/v2\/types\/product"}],"replies":[{"embeddable":true,"href":"https:\/\/cnplasticpallets.com\/es\/wp-json\/wp\/v2\/comments?post=11361"}],"wp:featuredmedia":[{"embeddable":true,"href":"https:\/\/cnplasticpallets.com\/es\/wp-json\/wp\/v2\/media\/11365"}],"wp:attachment":[{"href":"https:\/\/cnplasticpallets.com\/es\/wp-json\/wp\/v2\/media?parent=11361"}],"wp:term":[{"taxonomy":"product_brand","embeddable":true,"href":"https:\/\/cnplasticpallets.com\/es\/wp-json\/wp\/v2\/product_brand?post=11361"},{"taxonomy":"product_cat","embeddable":true,"href":"https:\/\/cnplasticpallets.com\/es\/wp-json\/wp\/v2\/product_cat?post=11361"},{"taxonomy":"product_tag","embeddable":true,"href":"https:\/\/cnplasticpallets.com\/es\/wp-json\/wp\/v2\/product_tag?post=11361"}],"curies":[{"name":"wp","href":"https:\/\/api.w.org\/{rel}","templated":true}]}}