{"id":11344,"date":"2025-06-25T15:15:28","date_gmt":"2025-06-25T07:15:28","guid":{"rendered":"https:\/\/cnplasticpallets.com\/?post_type=product&#038;p=11344"},"modified":"2026-03-10T11:51:27","modified_gmt":"2026-03-10T03:51:27","slug":"3-pocket-modular-5-gallon","status":"publish","type":"product","link":"https:\/\/cnplasticpallets.com\/es\/product\/plastic-pallets\/bottled-water-pallet-rack\/3-pocket-modular-5-gallon\/","title":{"rendered":"Estante Modular de 3 Compartimentos para Botellas de Agua de 5 Galones"},"content":{"rendered":"<h2 data-start=\"138\" data-end=\"429\">Especificaci\u00f3n del Producto<\/h2>\n<table>\n<tbody>\n<tr>\n<td width=\"196\">Materiales<\/td>\n<td width=\"479\">Polietileno de alta densidad (HDPE); Polipropileno (PP)<\/td>\n<\/tr>\n<tr>\n<td width=\"196\">Dimensiones (L\u00d7A\u00d7H mm)<\/td>\n<td width=\"479\">1200mm \u00d7 1000mm \u00d7 1350mm, Personalizado<\/td>\n<\/tr>\n<tr>\n<td width=\"196\">Procesos<\/td>\n<td width=\"479\">Moldeo por inyecci\u00f3n + Soldadura<\/td>\n<\/tr>\n<tr>\n<td width=\"196\">Peso<\/td>\n<td width=\"479\">103 kg<\/td>\n<\/tr>\n<tr>\n<td width=\"196\">Capacidad<\/td>\n<td width=\"479\">12 botellas<\/td>\n<\/tr>\n<tr>\n<td width=\"196\">Base del Palet<\/td>\n<td width=\"479\">3 Patines<\/td>\n<\/tr>\n<tr>\n<td width=\"196\">Capas apiladas en est\u00e1tico<\/td>\n<td width=\"479\">Hasta 3 pilas, cada pila con 5 capas<\/td>\n<\/tr>\n<tr>\n<td width=\"196\">Montacargas<\/td>\n<td width=\"479\">Entrada por 4 lados<\/td>\n<\/tr>\n<tr>\n<td width=\"196\">Transpaleta<\/td>\n<td width=\"479\">Entrada por 4 lados<\/td>\n<\/tr>\n<tr>\n<td width=\"196\">Capacidad Est\u00e1tica<\/td>\n<td width=\"479\">6000 kg (reforzado)<\/td>\n<\/tr>\n<tr>\n<td width=\"196\">Capacidad Din\u00e1mica<\/td>\n<td width=\"479\">1500 kg (reforzado)<\/td>\n<\/tr>\n<tr>\n<td width=\"196\">Reutilizable<\/td>\n<td width=\"479\">S\u00ed<\/td>\n<\/tr>\n<tr>\n<td width=\"196\">Logotipo \/ Impresi\u00f3n<\/td>\n<td width=\"479\">S\u00ed<\/td>\n<\/tr>\n<tr>\n<td width=\"196\">Temperatura de uso<\/td>\n<td width=\"479\">-40\u2103 a 70\u2103<\/td>\n<\/tr>\n<tr>\n<td width=\"196\">Color<\/td>\n<td width=\"479\">Amarillo, Azul, Rojo, Verde, Negro, Blanco, Personalizado<\/td>\n<\/tr>\n<tr>\n<td width=\"196\">Cantidad en 20FT<\/td>\n<td width=\"479\">90 piezas<\/td>\n<\/tr>\n<tr>\n<td width=\"196\">Cantidad en 40HC<\/td>\n<td width=\"479\">190 unidades<\/td>\n<\/tr>\n<\/tbody>\n<\/table>\n<h2 data-start=\"138\" data-end=\"429\">Caracter\u00edsticas del Producto \u2013 Estante Modular de 3 Compartimentos para Botellas de Agua de 5 Galones<\/h2>\n<p data-start=\"493\" data-end=\"549\"><strong>Estructura de Una Pieza con 6 Patines para Uso Intensivo<\/strong><\/p>\n<p data-start=\"550\" data-end=\"816\" class=\"translation-block\">La base integrada de 6 patines, moldeada por inyecci\u00f3n en HDPE resistente, ofrece alta capacidad de carga sin deformaciones ni fallos en las uniones. Este estante para agua de 5 galones es ideal para automatizaci\u00f3n, sistemas de transporte y apilado prolongado en operaciones de alta rotaci\u00f3n.<\/p>\n<p data-start=\"862\" data-end=\"926\"><strong>Sistema de Encaje con Acceso por Capa para Montacargas<\/strong><\/p>\n<p data-start=\"927\" data-end=\"1220\" class=\"translation-block\">La base se fija firmemente al primer m\u00f3dulo, y cada capa se ensambla mediante encajes rectangulares reforzados. Como estante modular para botellas de agua, permite elevaci\u00f3n con montacargas desde cualquier nivel\u2014ideal para entregas parciales o acceso por niveles en almac\u00e9n o transporte.<\/p>\n<p data-start=\"1285\" data-end=\"1329\"><strong>Cobertura 360\u00b0 para Estabilidad en Tr\u00e1nsito<\/strong><\/p>\n<p data-start=\"1330\" data-end=\"1593\" class=\"translation-block\">Las paredes enrejadas arqueadas brindan cobertura direccional completa para cada botella, reduciendo vibraciones e impactos durante la carga, el apilado o el transporte en contenedor. Esta estructura garantiza que cada estante de agua de cinco galones permanezca estable en rutas de entrega exigentes.<\/p>\n<p data-start=\"1651\" data-end=\"1693\"><strong>Rejilla de Botellas Segura para Ajuste Perfecto<\/strong><\/p>\n<p data-start=\"1694\" data-end=\"1937\" class=\"translation-block\">Cada compartimento est\u00e1 dise\u00f1ado con precisi\u00f3n para sostener botellas de 5 galones, y las nervaduras texturizadas en la base evitan desplazamientos o inclinaciones\u2014imprescindible para el almacenamiento de gran volumen de botellas.<\/p>\n<p data-start=\"2008\" data-end=\"2055\"><strong>Acceso en 4 V\u00edas para Manejo R\u00e1pido<\/strong><\/p>\n<p data-start=\"2056\" data-end=\"2277\" class=\"translation-block\">Las entradas est\u00e1ndar de 4 v\u00edas en los cuatro lados permiten operaciones fluidas con montacargas desde cualquier direcci\u00f3n. Este dise\u00f1o de estante para botellas de 5 galones mejora la velocidad de carga y reduce tiempos de manipulaci\u00f3n en zonas de alta actividad.<\/p>\n<p data-start=\"2334\" data-end=\"2385\"><strong>Estructura Ventilada para Peso y Limpieza<\/strong><\/p>\n<p data-start=\"2386\" data-end=\"2599\" class=\"translation-block\">La rejilla abierta de este estante pl\u00e1stico minimiza el peso y la retenci\u00f3n de agua. Es ideal para ambientes h\u00famedos y limpieza frecuente en entornos industriales o de grado alimenticio.<\/p>\n<p data-start=\"2662\" data-end=\"2707\"><strong>Bordes Antideslizantes para Posicionamiento Seguro<\/strong><\/p>\n<p data-start=\"2708\" data-end=\"2890\" class=\"translation-block\">Los patrones rugosos en el per\u00edmetro de la base reducen el deslizamiento durante el apilado o la colocaci\u00f3n en estanter\u00edas\u2014manteniendo estable este estante para agua embotellada en cualquier movimiento o almacenamiento.<\/p>\n<p data-start=\"2930\" data-end=\"2968\"><strong>Opciones de Personalizaci\u00f3n de Marca y Color<\/strong><\/p>\n<p data-start=\"2969\" data-end=\"3186\" class=\"translation-block\">Colores personalizados, logotipos y codificaci\u00f3n por lotes disponibles para alinearse con su identidad de marca y necesidades de trazabilidad\u2014este estante de agua embotellada de 5 galones refuerza el reconocimiento del producto en canales mayoristas y minoristas.<\/p>\n<h2 data-start=\"94\" data-end=\"137\">Aplicaci\u00f3n Flexible en Diversos Sectores del Estante Modular de 3 Compartimentos para Botellas de Agua de 5 Galones<\/h2>\n<p data-start=\"160\" data-end=\"315\" class=\"translation-block\">Este estante para almacenamiento de botellas de agua de 5 galones est\u00e1 dise\u00f1ado para una versatilidad profesional y se adapta sin problemas a m\u00faltiples entornos B2B, incluyendo:<\/p>\n<ul data-start=\"317\" data-end=\"1327\">\n<li data-start=\"317\" data-end=\"443\">\n<p data-start=\"319\" data-end=\"443\" class=\"translation-block\">Plantas de producci\u00f3n de agua embotellada \u2013 optimiza el almacenamiento interno, la preparaci\u00f3n y el despacho de botellas.<\/p>\n<\/li>\n<li data-start=\"444\" data-end=\"577\">\n<p data-start=\"446\" data-end=\"577\" class=\"translation-block\">Centros de distribuci\u00f3n de agua potable comercial \u2013 facilita el almacenamiento organizado y la rotaci\u00f3n r\u00e1pida para entregas de \u00faltima milla.<\/p>\n<\/li>\n<li data-start=\"578\" data-end=\"702\">\n<p data-start=\"580\" data-end=\"702\" class=\"translation-block\">Estaciones de recarga de agua de 5 galones \u2013 ofrece almacenamiento vertical de alta densidad para maximizar el espacio en instalaciones peque\u00f1as.<\/p>\n<\/li>\n<li data-start=\"703\" data-end=\"823\">\n<p data-start=\"705\" data-end=\"823\" class=\"translation-block\">Sistemas de estanter\u00edas de almac\u00e9n \u2013 compatible con estructuras est\u00e1ticas o din\u00e1micas para gesti\u00f3n por lotes o FIFO.<\/p>\n<\/li>\n<li data-start=\"824\" data-end=\"941\">\n<p data-start=\"826\" data-end=\"941\" class=\"translation-block\">Env\u00edos y log\u00edstica en contenedores internacionales \u2013 apilamiento estable ideal para transporte a larga distancia.<\/p>\n<\/li>\n<li data-start=\"942\" data-end=\"1066\">\n<p data-start=\"944\" data-end=\"1066\" class=\"translation-block\">Dep\u00f3sitos de suministro gubernamentales e institucionales \u2013 asegura reservas de agua embotellada organizadas para emergencias o abastecimiento p\u00fablico.<\/p>\n<\/li>\n<li data-start=\"1067\" data-end=\"1208\">\n<p data-start=\"1069\" data-end=\"1208\" class=\"translation-block\">Empresas de alquiler para eventos y servicios de hospitalidad \u2013 permite almacenamiento ordenado y sin da\u00f1os durante el transporte y uso en sitio.<\/p>\n<\/li>\n<li data-start=\"1209\" data-end=\"1327\">\n<p data-start=\"1211\" data-end=\"1327\" class=\"translation-block\">Distribuidores minoristas y mayoristas de agua embotellada \u2013 facilita el flujo de inventario paletizado del almac\u00e9n al punto de venta.<\/p>\n<\/li>\n<\/ul>","protected":false},"excerpt":{"rendered":"<div class=\"flex flex-col text-sm pb-25\">\n<article class=\"text-token-text-primary w-full focus:outline-none [--shadow-height:45px] has-data-writing-block:pointer-events-none has-data-writing-block:-mt-(--shadow-height) has-data-writing-block:pt-(--shadow-height) [&amp;:has([data-writing-block])&gt;*]:pointer-events-auto scroll-mt-[calc(var(--header-height)+min(200px,max(70px,20svh)))]\" dir=\"auto\" tabindex=\"-1\" data-turn-id=\"request-WEB:b00400de-f025-47d7-9bf6-9d2e7bbaaf9d-12\" data-testid=\"conversation-turn-26\" data-scroll-anchor=\"true\" data-turn=\"assistant\">\n<div class=\"text-base my-auto mx-auto pb-10 [--thread-content-margin:--spacing(4)] @w-sm\/main:[--thread-content-margin:--spacing(6)] @w-lg\/main:[--thread-content-margin:--spacing(16)] px-(--thread-content-margin)\">\n<div class=\"[--thread-content-max-width:40rem] @w-lg\/main:[--thread-content-max-width:48rem] mx-auto max-w-(--thread-content-max-width) flex-1 group\/turn-messages focus-visible:outline-hidden relative flex w-full min-w-0 flex-col agent-turn\" tabindex=\"-1\">\n<div class=\"flex max-w-full flex-col grow\">\n<div class=\"min-h-8 text-message relative flex w-full flex-col items-end gap-2 text-start break-words whitespace-normal [.text-message+&amp;]:mt-1\" dir=\"auto\" data-message-author-role=\"assistant\" data-message-id=\"1277dda6-5bc6-4fa7-afc3-6401e952544c\" data-message-model-slug=\"gpt-5-2-thinking\">\n<div class=\"flex w-full flex-col gap-1 empty:hidden first:pt-[1px]\">\n<div class=\"markdown prose dark:prose-invert w-full wrap-break-word light markdown-new-styling\">\n<p data-start=\"592\" data-end=\"1197\" data-imt-p=\"1\">Our <strong data-start=\"596\" data-end=\"643\">3 Pocket Modular 5 Gallon Water Bottle Rack<\/strong> is built for high-frequency bottled water storage and transport where <strong data-start=\"714\" data-end=\"751\">stable stacking and fast handling<\/strong> are non-negotiable. With a <strong data-start=\"779\" data-end=\"800\">1200\u00d71000\u00d71350 mm<\/strong> footprint, <strong data-start=\"812\" data-end=\"834\">12-bottle capacity<\/strong>, and <strong data-start=\"840\" data-end=\"855\">4-way entry<\/strong>, it supports warehouse turnover, delivery staging, and export loading with fewer handling delays. Injection-molded from <strong data-start=\"976\" data-end=\"990\">HDPE or PP<\/strong> (recyclable), it performs from <strong data-start=\"1022\" data-end=\"1039\">-40\u00b0C to 70\u00b0C<\/strong> and allows cleaning up to <strong data-start=\"1066\" data-end=\"1074\">90\u00b0C<\/strong>. Compliance documentation includes <strong data-start=\"1110\" data-end=\"1174\">ISO 9001, SGS, ROHS, FDA, CE, REACH, UN, CTT EN-840, and GRS<\/strong> for supplier approval.<\/p>\n<\/div>\n<\/div>\n<\/div>\n<\/div>\n<\/div>\n<\/div>\n<\/article>\n<\/div>\n","protected":false},"featured_media":11348,"comment_status":"open","ping_status":"closed","template":"","meta":{"_seopress_robots_primary_cat":"none","_seopress_titles_title":"3 Pocket Modular 5 Gallon Water Bottle Rack | Wholesale Bulk","_seopress_titles_desc":"Durable modular rack for 5 gallon water bottle storage, ideal for industrial warehousing, floor stacking, and export shipment.","_seopress_robots_index":"","_angie_page":false},"product_brand":[],"product_cat":[83,77],"product_tag":[],"class_list":{"0":"post-11344","1":"product","2":"type-product","3":"status-publish","4":"has-post-thumbnail","6":"product_cat-all-product","7":"product_cat-bottled-water-pallet-rack","9":"first","10":"instock","11":"shipping-taxable","12":"product-type-simple"},"_links":{"self":[{"href":"https:\/\/cnplasticpallets.com\/es\/wp-json\/wp\/v2\/product\/11344","targetHints":{"allow":["GET"]}}],"collection":[{"href":"https:\/\/cnplasticpallets.com\/es\/wp-json\/wp\/v2\/product"}],"about":[{"href":"https:\/\/cnplasticpallets.com\/es\/wp-json\/wp\/v2\/types\/product"}],"replies":[{"embeddable":true,"href":"https:\/\/cnplasticpallets.com\/es\/wp-json\/wp\/v2\/comments?post=11344"}],"wp:featuredmedia":[{"embeddable":true,"href":"https:\/\/cnplasticpallets.com\/es\/wp-json\/wp\/v2\/media\/11348"}],"wp:attachment":[{"href":"https:\/\/cnplasticpallets.com\/es\/wp-json\/wp\/v2\/media?parent=11344"}],"wp:term":[{"taxonomy":"product_brand","embeddable":true,"href":"https:\/\/cnplasticpallets.com\/es\/wp-json\/wp\/v2\/product_brand?post=11344"},{"taxonomy":"product_cat","embeddable":true,"href":"https:\/\/cnplasticpallets.com\/es\/wp-json\/wp\/v2\/product_cat?post=11344"},{"taxonomy":"product_tag","embeddable":true,"href":"https:\/\/cnplasticpallets.com\/es\/wp-json\/wp\/v2\/product_tag?post=11344"}],"curies":[{"name":"wp","href":"https:\/\/api.w.org\/{rel}","templated":true}]}}